{"id":144,"date":"2020-07-30T13:52:07","date_gmt":"2020-07-30T13:52:07","guid":{"rendered":"https:\/\/erythritolshop.com\/?page_id=144"},"modified":"2021-01-15T14:57:08","modified_gmt":"2021-01-15T14:57:08","slug":"versand-und-zahlung","status":"publish","type":"page","link":"https:\/\/erythritolshop.com\/de\/versand-und-zahlung\/","title":{"rendered":"Versand und Zahlungsbedingungen"},"content":{"rendered":"<h3>Versand und Zahlungsbedingungen<\/h3>\n<p>NACH HAUSE LIEFERUNG IM GANZEN LAND!<\/p>\n<p>Unsere Produkte werden innerhalb von 7-14 Tagen geliefert, mit Lieferung durch unseren Kurier. Sie k\u00f6nnen das Paket bei der Arbeit oder in Ihrem Apartment zwischen 8.00 und 17.00 Uhr am Werktag anfordern.<\/p>\n<p>Das Produkt darf nicht vorr\u00e4tig sein, in diesem Fall wird die Lieferzeit auf 1-2 Wochen erh\u00f6ht!<\/p>\n<p>Liefergeb\u00fchr:<\/p>\n<p>\u2022 0 bis 4,999 Ft bis 1.500 Ft<\/p>\n<p>\u2022 5.000 bis 15.000 Ft &#8211; 990 Ft<\/p>\n<p>\u2022 Von 15.000 bis 20.000 Ft &#8211; 590 Ft<\/p>\n<p>\u2022 \u00dcBER 20.000 FT \u2013 KOSTENLOS<\/p>\n<p>Wir empfehlen Ihnen, einen Versandort anzugeben, an dem Sie oder Ihr Kurierdienst sicher sein werden, wenn Sie zwischen 8.00 und 17.00 Uhr besuchen. Wenn Sie eine Barzahlung w\u00e4hlen, stellen Sie auch sicher, dass, wenn Sie, aber ein Agent, auf das Paket warten, Sie den erforderlichen Betrag haben, um die Rechnung zu begleichen. Bei der Bestellung k\u00f6nnen Sie Versandinformationen in das Kommentarfeld eingeben (z.B. T\u00fcrklingel, Port, Agent, etc.). Wenn Sie Probleme mit der Lieferung haben, rufen Sie bitte die Telefonnummer des Kundendienstes unseres vertraglich vereinbarten Logistikpartners GLS Courier Service an.<\/p>\n<p>EINFACHE ZAHLUNG PER PAYPAL, BANK\u00dcBERWEISUNG ODER BAR<\/p>\n<p>UNSERE PERS\u00d6NLICHE AKZEPTANZSTELLE:<\/p>\n<p>\u2013 1034 Budapest, San Marco Stra\u00dfe 19. Stock 1. R. T\u00fcrklingel<\/p>\n<p>Sie k\u00f6nnen Ihre Produkte einfach pers\u00f6nlich in unserem Webshop unter der oben genannten Adresse abholen.<\/p>\n<p>Montag bis Freitag von 09:00 bis 17:00 Uhr.<\/p>\n<p>PayPal-Zahlung im Internet<\/p>\n<p>Wenn Sie diese Option w\u00e4hlen, werden wir Sie auf die Internet-Login-Seite von Paypal.com umleiten, nachdem Sie Ihre Bestellung aufgebracht haben. Wenn Sie bereits ein Paypal-Konto haben, k\u00f6nnen Sie Ihre Bestellung von dort auf Ihr Coffeetry Paypal-Konto \u00fcbertragen. Wenn Sie noch keine PayPal-ID haben, melden Sie sich zuerst f\u00fcr PayPal an und geben Sie dann Ihre Bestellung auf, da die Registrierung ein l\u00e4ngerer Vorgang ist. Weitere Informationen finden Sie unter paypal.<\/p>\n<p>Barzahlung an Kurier (Bargeldabhebung)<\/p>\n<p>Sie k\u00f6nnen ihre Bestellung auch an den Zusteller bezahlen. Sie erhalten dann eine Best\u00e4tigung, die sowohl den Eingang des Pakets als auch die Tatsache der Zahlung best\u00e4tigt.<\/p>\n<p>Bank\u00fcberweisung oder Bareinzahlung<\/p>\n<p>In diesem Fall haben Sie 2 Zahlungsoptionen. Eine davon ist, dass Sie den Betrag auf das Bankkonto der Coffee Lovers Ltd. in einer MKB-Bankfiliale einzahlen. Und die schnellere L\u00f6sung ist, eine Internet-Bank zu haben, um zu gehen und eine Bank\u00fcberweisung zu starten. F\u00fcr die \u00dcberweisung und Zahlung sind folgende Angaben erforderlich:<\/p>\n<p>\u2022 Bankkontonummer: MKB Bank Zrt. 10300002-10676188-49020019<br \/>\n\u2022 Beg\u00fcnstigter: Coffee Lovers Ltd.<br \/>\n\u2022 Bitte f\u00fcgen Sie Ihre ORDER NUMBER in Ihre Notiz ein.<br \/>\n\u2022 Bitte stellen Sie sicher, dass Sie genau den gleichen Betrag zahlen, den Sie bestellen.<\/p>\n<p>In allen F\u00e4llen wird die Rechnung f\u00fcr die Zahlung elektronisch an die E-Mail-Adresse gesendet, mit der Sie sich registriert haben.<\/p>\n","protected":false},"excerpt":{"rendered":"<p>Versand und Zahlungsbedingungen NACH HAUSE LIEFERUNG IM GANZEN LAND! Unsere Produkte werden innerhalb von 7-14 Tagen geliefert, mit Lieferung durch unseren Kurier. Sie k\u00f6nnen das Paket bei der Arbeit oder&#8230;<\/p>\n","protected":false},"author":1,"featured_media":0,"parent":0,"menu_order":0,"comment_status":"closed","ping_status":"closed","template":"","meta":{"footnotes":""},"class_list":["post-144","page","type-page","status-publish"],"yoast_head":"<!-- This site is optimized with the Yoast SEO plugin v24.0 - https:\/\/yoast.com\/wordpress\/plugins\/seo\/ -->\n<title>Versand und Zahlungsbedingungen - Erythritol Shop<\/title>\n<meta name=\"description\" content=\"Versand und Zahlungsbedingungen - NACH HAUSE LIEFERUNG IM GANZEN LAND!Unsere Produkte werden innerhalb von 7-14 Tagen geliefert\" \/>\n<meta name=\"robots\" content=\"index, follow, max-snippet:-1, max-image-preview:large, max-video-preview:-1\" \/>\n<link rel=\"canonical\" href=\"https:\/\/erythritolshop.com\/de\/versand-und-zahlung\/\" \/>\n<meta property=\"og:locale\" content=\"de_DE\" \/>\n<meta property=\"og:type\" content=\"article\" \/>\n<meta property=\"og:title\" content=\"Versand und Zahlungsbedingungen - Erythritol Shop\" \/>\n<meta property=\"og:description\" content=\"Versand und Zahlungsbedingungen - NACH HAUSE LIEFERUNG IM GANZEN LAND!Unsere Produkte werden innerhalb von 7-14 Tagen geliefert\" \/>\n<meta property=\"og:url\" content=\"https:\/\/erythritolshop.com\/de\/versand-und-zahlung\/\" \/>\n<meta property=\"og:site_name\" content=\"Erythritol Shop\" \/>\n<meta property=\"article:modified_time\" content=\"2021-01-15T14:57:08+00:00\" \/>\n<meta name=\"twitter:card\" content=\"summary_large_image\" \/>\n<meta name=\"twitter:label1\" content=\"Gesch\u00e4tzte Lesezeit\" \/>\n\t<meta name=\"twitter:data1\" content=\"2\u00a0Minuten\" \/>\n<script type=\"application\/ld+json\" class=\"yoast-schema-graph\">{\"@context\":\"https:\/\/schema.org\",\"@graph\":[{\"@type\":\"WebPage\",\"@id\":\"https:\/\/erythritolshop.com\/de\/versand-und-zahlung\/\",\"url\":\"https:\/\/erythritolshop.com\/de\/versand-und-zahlung\/\",\"name\":\"Versand und Zahlungsbedingungen - Erythritol Shop\",\"isPartOf\":{\"@id\":\"https:\/\/erythritolshop.com\/de\/#website\"},\"datePublished\":\"2020-07-30T13:52:07+00:00\",\"dateModified\":\"2021-01-15T14:57:08+00:00\",\"description\":\"Versand und Zahlungsbedingungen - NACH HAUSE LIEFERUNG IM GANZEN LAND!Unsere Produkte werden innerhalb von 7-14 Tagen geliefert\",\"breadcrumb\":{\"@id\":\"https:\/\/erythritolshop.com\/de\/versand-und-zahlung\/#breadcrumb\"},\"inLanguage\":\"de\",\"potentialAction\":[{\"@type\":\"ReadAction\",\"target\":[\"https:\/\/erythritolshop.com\/de\/versand-und-zahlung\/\"]}]},{\"@type\":\"BreadcrumbList\",\"@id\":\"https:\/\/erythritolshop.com\/de\/versand-und-zahlung\/#breadcrumb\",\"itemListElement\":[{\"@type\":\"ListItem\",\"position\":1,\"name\":\"Home\",\"item\":\"https:\/\/erythritolshop.com\/de\/\"},{\"@type\":\"ListItem\",\"position\":2,\"name\":\"Versand und Zahlungsbedingungen\"}]},{\"@type\":\"WebSite\",\"@id\":\"https:\/\/erythritolshop.com\/de\/#website\",\"url\":\"https:\/\/erythritolshop.com\/de\/\",\"name\":\"Erythritol Shop\",\"description\":\"A unique novelty in the world. Shaped ERYTHRITOL.\",\"potentialAction\":[{\"@type\":\"SearchAction\",\"target\":{\"@type\":\"EntryPoint\",\"urlTemplate\":\"https:\/\/erythritolshop.com\/de\/?s={search_term_string}\"},\"query-input\":{\"@type\":\"PropertyValueSpecification\",\"valueRequired\":true,\"valueName\":\"search_term_string\"}}],\"inLanguage\":\"de\"}]}<\/script>\n<!-- \/ Yoast SEO plugin. -->","yoast_head_json":{"title":"Versand und Zahlungsbedingungen - Erythritol Shop","description":"Versand und Zahlungsbedingungen - NACH HAUSE LIEFERUNG IM GANZEN LAND!Unsere Produkte werden innerhalb von 7-14 Tagen geliefert","robots":{"index":"index","follow":"follow","max-snippet":"max-snippet:-1","max-image-preview":"max-image-preview:large","max-video-preview":"max-video-preview:-1"},"canonical":"https:\/\/erythritolshop.com\/de\/versand-und-zahlung\/","og_locale":"de_DE","og_type":"article","og_title":"Versand und Zahlungsbedingungen - Erythritol Shop","og_description":"Versand und Zahlungsbedingungen - NACH HAUSE LIEFERUNG IM GANZEN LAND!Unsere Produkte werden innerhalb von 7-14 Tagen geliefert","og_url":"https:\/\/erythritolshop.com\/de\/versand-und-zahlung\/","og_site_name":"Erythritol Shop","article_modified_time":"2021-01-15T14:57:08+00:00","twitter_card":"summary_large_image","twitter_misc":{"Gesch\u00e4tzte Lesezeit":"2\u00a0Minuten"},"schema":{"@context":"https:\/\/schema.org","@graph":[{"@type":"WebPage","@id":"https:\/\/erythritolshop.com\/de\/versand-und-zahlung\/","url":"https:\/\/erythritolshop.com\/de\/versand-und-zahlung\/","name":"Versand und Zahlungsbedingungen - Erythritol Shop","isPartOf":{"@id":"https:\/\/erythritolshop.com\/de\/#website"},"datePublished":"2020-07-30T13:52:07+00:00","dateModified":"2021-01-15T14:57:08+00:00","description":"Versand und Zahlungsbedingungen - NACH HAUSE LIEFERUNG IM GANZEN LAND!Unsere Produkte werden innerhalb von 7-14 Tagen geliefert","breadcrumb":{"@id":"https:\/\/erythritolshop.com\/de\/versand-und-zahlung\/#breadcrumb"},"inLanguage":"de","potentialAction":[{"@type":"ReadAction","target":["https:\/\/erythritolshop.com\/de\/versand-und-zahlung\/"]}]},{"@type":"BreadcrumbList","@id":"https:\/\/erythritolshop.com\/de\/versand-und-zahlung\/#breadcrumb","itemListElement":[{"@type":"ListItem","position":1,"name":"Home","item":"https:\/\/erythritolshop.com\/de\/"},{"@type":"ListItem","position":2,"name":"Versand und Zahlungsbedingungen"}]},{"@type":"WebSite","@id":"https:\/\/erythritolshop.com\/de\/#website","url":"https:\/\/erythritolshop.com\/de\/","name":"Erythritol Shop","description":"A unique novelty in the world. Shaped ERYTHRITOL.","potentialAction":[{"@type":"SearchAction","target":{"@type":"EntryPoint","urlTemplate":"https:\/\/erythritolshop.com\/de\/?s={search_term_string}"},"query-input":{"@type":"PropertyValueSpecification","valueRequired":true,"valueName":"search_term_string"}}],"inLanguage":"de"}]}},"_links":{"self":[{"href":"https:\/\/erythritolshop.com\/de\/wp-json\/wp\/v2\/pages\/144","targetHints":{"allow":["GET"]}}],"collection":[{"href":"https:\/\/erythritolshop.com\/de\/wp-json\/wp\/v2\/pages"}],"about":[{"href":"https:\/\/erythritolshop.com\/de\/wp-json\/wp\/v2\/types\/page"}],"author":[{"embeddable":true,"href":"https:\/\/erythritolshop.com\/de\/wp-json\/wp\/v2\/users\/1"}],"replies":[{"embeddable":true,"href":"https:\/\/erythritolshop.com\/de\/wp-json\/wp\/v2\/comments?post=144"}],"version-history":[{"count":4,"href":"https:\/\/erythritolshop.com\/de\/wp-json\/wp\/v2\/pages\/144\/revisions"}],"predecessor-version":[{"id":391,"href":"https:\/\/erythritolshop.com\/de\/wp-json\/wp\/v2\/pages\/144\/revisions\/391"}],"wp:attachment":[{"href":"https:\/\/erythritolshop.com\/de\/wp-json\/wp\/v2\/media?parent=144"}],"curies":[{"name":"wp","href":"https:\/\/api.w.org\/{rel}","templated":true}]}}