{"id":275,"date":"2020-07-30T10:20:44","date_gmt":"2020-07-30T10:20:44","guid":{"rendered":"https:\/\/erythritolshop.com\/product\/teeblattformiges-gepresstes-erythrit-xs-box-150-stuck\/"},"modified":"2021-01-26T13:01:59","modified_gmt":"2021-01-26T13:01:59","slug":"teeblattformiges-gepresstes-erythrit-xs-box-150-stuck","status":"publish","type":"product","link":"https:\/\/erythritolshop.com\/de\/produkt\/teeblattformiges-gepresstes-erythrit-xs-box-150-stuck\/","title":{"rendered":"Teeblattf\u00f6rmiges gepresstes Erythrit &#8211; XS Box (150 St\u00fcck)"},"content":{"rendered":"[vc_row type=&#8220;in_container&#8220; full_screen_row_position=&#8220;middle&#8220; column_margin=&#8220;default&#8220; column_direction=&#8220;default&#8220; column_direction_tablet=&#8220;default&#8220; column_direction_phone=&#8220;default&#8220; scene_position=&#8220;center&#8220; text_color=&#8220;dark&#8220; text_align=&#8220;left&#8220; row_border_radius=&#8220;none&#8220; row_border_radius_applies=&#8220;bg&#8220; overlay_strength=&#8220;0.3&#8243; gradient_direction=&#8220;left_to_right&#8220; shape_divider_position=&#8220;bottom&#8220; bg_image_animation=&#8220;none&#8220;][vc_column column_padding=&#8220;no-extra-padding&#8220; column_padding_tablet=&#8220;inherit&#8220; column_padding_phone=&#8220;inherit&#8220; column_padding_position=&#8220;all&#8220; background_color_opacity=&#8220;1&#8243; background_hover_color_opacity=&#8220;1&#8243; column_shadow=&#8220;none&#8220; column_border_radius=&#8220;none&#8220; column_link_target=&#8220;_self&#8220; gradient_direction=&#8220;left_to_right&#8220; overlay_strength=&#8220;0.3&#8243; width=&#8220;1\/1&#8243; tablet_width_inherit=&#8220;default&#8220; tablet_text_alignment=&#8220;default&#8220; phone_text_alignment=&#8220;default&#8220; column_border_width=&#8220;none&#8220; column_border_style=&#8220;solid&#8220; bg_image_animation=&#8220;none&#8220;][toggles style=&#8220;minimal&#8220;][toggle color=&#8220;Default&#8220; title=&#8220;Durchschnittlicher N\u00e4hrwert in 100 g Erythrit&#8220;][vc_column_text]\n<table width=\"498\">\n<tbody>\n<tr>\n<td width=\"205\"><\/td>\n<td width=\"157\">\/100 g<\/td>\n<td width=\"136\">\/kb 3,5 g<\/td>\n<\/tr>\n<tr>\n<td><\/td>\n<td><\/td>\n<td><\/td>\n<\/tr>\n<tr>\n<td>Erythrit Kalorie<\/td>\n<td>0,2 Kcal\/0,8 kJ<\/td>\n<td>0,007 Kcal\/0,028 kJ<\/td>\n<\/tr>\n<tr>\n<td>Protein<\/td>\n<td>&#8211;<\/td>\n<td>&#8211;<\/td>\n<\/tr>\n<tr>\n<td><a href=\"https:\/\/erythritolshop.com\/de\/\">Kohlenhydrat<\/a><\/td>\n<td>99,9 g<\/td>\n<td>3,49 g<\/td>\n<\/tr>\n<tr>\n<td>\u00a0&#8211; davon Zucker<\/td>\n<td>&#8211;<\/td>\n<td>&#8211;<\/td>\n<\/tr>\n<tr>\n<td>&#8211; welcher Zucker Alkohol<\/td>\n<td>99,9 g<\/td>\n<td>3,49 g<\/td>\n<\/tr>\n<tr>\n<td>Fett<\/td>\n<td>&#8211;<\/td>\n<td>&#8211;<\/td>\n<\/tr>\n<tr>\n<td>&#8211; Davon ges\u00e4ttigte Fetts\u00e4uren<\/td>\n<td>&#8211;<\/td>\n<td>&#8211;<\/td>\n<\/tr>\n<tr>\n<td>Ballaststoff<\/td>\n<td>&#8211;<\/td>\n<td>&#8211;<\/td>\n<\/tr>\n<tr>\n<td>Salz<\/td>\n<td>&#8211;<\/td>\n<td>&#8211;<\/td>\n<\/tr>\n<\/tbody>\n<\/table>\n<p>&nbsp;<\/p>\n[\/vc_column_text][\/toggle][toggle color=&#8220;Default&#8220; title=&#8220;Allergens&#8220;][vc_column_text]Das Produkt enth\u00e4lt keine allergenen Inhaltsstoffe![\/vc_column_text][vc_column_text][\/vc_column_text][\/toggle][\/toggles][\/vc_column][\/vc_row]\n","protected":false},"excerpt":{"rendered":"<p><strong>Eine s\u00fc\u00dfe L\u00f6sung f\u00fcr den Alltag!<\/strong><\/p>\n<p>Es ist auch eine k\u00f6stliche Option f\u00fcr Di\u00e4tetiker, hei\u00dfen Tee zu w\u00fcrzen, da das Erythrit einen glyk\u00e4mischen Index und einen Kohlenhydratgehalt von Null aufweist, was keine Insulinreaktion im K\u00f6rper ausl\u00f6st. Pal\u00e4o, Ketogen, Candida und 160 Gramm Kohlenhydrate k\u00f6nnen ebenfalls problemlos in Ihre Ern\u00e4hrung aufgenommen werden. Dies macht es zu einer L\u00f6sung f\u00fcr jedermann, um hei\u00dfe Getr\u00e4nke, Tees und Kaffee elegant zu w\u00fcrzen.<\/p>\n<p>Es kann auch Kindern verabreicht werden, da Erythrit im Gegensatz zu Zuckerw\u00fcrfeln die Z\u00e4hne nicht sch\u00e4digt, sein Gehalt an Antioxidantien jedoch besonders hoch ist. Fruktoseempfindliche Kinder und Erwachsene k\u00f6nnen es auch konsumieren, da das Produkt aus 100% Erythrit und nat\u00fcrlichen Inhaltsstoffen hergestellt wird.<\/p>\n<p><strong>Eine zuckerfreie Ern\u00e4hrung war noch nie so einfach!<\/strong><\/p>\n<p>Die meisten Di\u00e4ten verbieten Zucker, daher haben viele versucht, den Genuss des s\u00fc\u00dfen Geschmacks aufzugeben, um effektiv abzunehmen und sich zu erholen. Dies ist nicht mehr notwendig! Erythrit hat es jedem erm\u00f6glicht, ungestraft die besonderen und \u00e4u\u00dferst k\u00f6stlichen Aromen von Kuchen, Eis und s\u00fc\u00dfen Getr\u00e4nken zu genie\u00dfen.<\/p>\n<p><strong>Trumpfass in aufmerksamer Gastfreundschaft!<\/strong><\/p>\n<p>Die Adventszeit ist eine Zeit der Hei\u00dfgetr\u00e4nkespezialit\u00e4ten. Sie bieten auch eine erstaunliche Auswahl an Gl\u00fchwein, Punschspezialit\u00e4ten, Variationen von hei\u00dfer Schokolade und Kaffee auf Weihnachtsmessen, Restaurants und Caf\u00e9s. Es gibt Haushalte und Restaurants, in denen der Weihnachtsmann bereits f\u00fcr einen k\u00f6stlichen Kuchen und ein Glas k\u00f6stliche hei\u00dfe, s\u00fc\u00dfe Milch gesorgt hat. Zus\u00e4tzlich zu den Hei\u00dfgetr\u00e4nkespezialit\u00e4ten passt das in Form einer Kiefer gepresste Erythrit perfekt! Dies wird das festliche Angebot noch liebevoller machen, da die Gastgeber neben den Aromen auch f\u00fcr die Gesundheit der G\u00e4ste sorgen k\u00f6nnen, was von allen Menschen gesch\u00e4tzt wird!<\/p>\n<p>\u00dcberraschen Sie Ihre Lieben mit diesem besonderen Weihnachtsgeschenk oder lassen Sie die Qualit\u00e4t und das Angebot Ihres Caf\u00e9s, Teeladens oder Restaurants auf sich wirken. Schaffen Sie w\u00e4hrend der Adventszeit eine intime Weihnachtsatmosph\u00e4re! Eine s\u00fc\u00dfe Spezialit\u00e4t, die Wunder wirken kann! Dies ist Kiefernholz in Form von Erythrit gepresst!<\/p>\n<p>Sowohl die FDA als auch GRAS empfehlen es mit h\u00f6chster Sicherheit.<\/p>\n<p>Das Produkt ist in folgenden Farben erh\u00e4ltlich: Wei\u00df<\/p>\n<p>Es beh\u00e4lt seine Qualit\u00e4t auf unbestimmte Zeit!<\/p>\n<p>Scrollen Sie nach unten, um N\u00e4hrwertinformationen zu erhalten.<\/p>\n<p>[vc_row type=&#8220;in_container&#8220; full_screen_row_position=&#8220;middle&#8220; column_margin=&#8220;default&#8220; column_direction=&#8220;default&#8220; column_direction_tablet=&#8220;default&#8220; column_direction_phone=&#8220;default&#8220; scene_position=&#8220;center&#8220; text_color=&#8220;dark&#8220; text_align=&#8220;left&#8220; row_border_radius=&#8220;none&#8220; row_border_radius_applies=&#8220;bg&#8220; overlay_strength=&#8220;0.3&#8243; gradient_direction=&#8220;left_to_right&#8220; shape_divider_position=&#8220;bottom&#8220; bg_image_animation=&#8220;none&#8220; shape_type=&#8220;&#8220;][vc_column column_padding=&#8220;padding-1-percent&#8220; column_padding_tablet=&#8220;inherit&#8220; column_padding_phone=&#8220;inherit&#8220; column_padding_position=&#8220;all&#8220; centered_text=&#8220;true&#8220; background_color=&#8220;#f7efbf&#8220; background_color_opacity=&#8220;1&#8243; background_hover_color_opacity=&#8220;1&#8243; column_shadow=&#8220;none&#8220; column_border_radius=&#8220;none&#8220; column_link_target=&#8220;_self&#8220; gradient_direction=&#8220;left_to_right&#8220; overlay_strength=&#8220;0.3&#8243; width=&#8220;1\/2&#8243; tablet_width_inherit=&#8220;default&#8220; tablet_text_alignment=&#8220;default&#8220; phone_text_alignment=&#8220;default&#8220; column_border_width=&#8220;none&#8220; column_border_style=&#8220;solid&#8220; bg_image_animation=&#8220;none&#8220;][vc_column_text]<\/p>\n<h4>Sind Sie ein Gro\u00dfhandelsk\u00e4ufer?<\/h4>\n<p>[\/vc_column_text][\/vc_column][vc_column column_padding=&#8220;padding-1-percent&#8220; column_padding_tablet=&#8220;inherit&#8220; column_padding_phone=&#8220;inherit&#8220; column_padding_position=&#8220;all&#8220; centered_text=&#8220;true&#8220; background_color_opacity=&#8220;1&#8243; background_hover_color_opacity=&#8220;1&#8243; column_shadow=&#8220;none&#8220; column_border_radius=&#8220;none&#8220; column_link_target=&#8220;_self&#8220; gradient_direction=&#8220;left_to_right&#8220; overlay_strength=&#8220;0.3&#8243; width=&#8220;1\/2&#8243; tablet_width_inherit=&#8220;default&#8220; tablet_text_alignment=&#8220;default&#8220; phone_text_alignment=&#8220;default&#8220; column_border_width=&#8220;none&#8220; column_border_style=&#8220;solid&#8220; bg_image_animation=&#8220;none&#8220;][nectar_btn size=&#8220;small&#8220; button_style=&#8220;regular&#8220; button_color_2=&#8220;Accent-Color&#8220; icon_family=&#8220;none&#8220; text=&#8220;Ask for a unique offer!&#8220; url=&#8220;https:\/\/erythritolshop.com\/contact&#8220;][\/vc_column][\/vc_row]<\/p>\n","protected":false},"featured_media":115,"template":"","meta":[],"product_cat":[30],"product_tag":[],"class_list":{"0":"post-275","1":"product","2":"type-product","3":"status-publish","4":"has-post-thumbnail","6":"product_cat-xs-box-erythrit-150-stueck","8":"first","9":"instock","10":"taxable","11":"shipping-taxable","12":"purchasable","13":"product-type-simple"},"yoast_head":"<!-- This site is optimized with the Yoast SEO plugin v24.0 - https:\/\/yoast.com\/wordpress\/plugins\/seo\/ -->\n<title>Teeblattf\u00f6rmiges gepresstes Erythrit - XS Box (150 St\u00fcck) - Erythritol Shop<\/title>\n<meta name=\"description\" content=\"Eine s\u00fc\u00dfe L\u00f6sung f\u00fcr den Alltag!Es ist auch eine k\u00f6stliche Option f\u00fcr Di\u00e4tetiker, hei\u00dfen Tee zu w\u00fcrzen, da das Erythrit einen glyk\u00e4mischen\" \/>\n<meta name=\"robots\" content=\"index, follow, max-snippet:-1, max-image-preview:large, max-video-preview:-1\" \/>\n<link rel=\"canonical\" href=\"https:\/\/erythritolshop.com\/de\/produkt\/teeblattformiges-gepresstes-erythrit-xs-box-150-stuck\/\" \/>\n<meta property=\"og:locale\" content=\"de_DE\" \/>\n<meta property=\"og:type\" content=\"article\" \/>\n<meta property=\"og:title\" content=\"Teeblattf\u00f6rmiges gepresstes Erythrit - XS Box (150 St\u00fcck) - Erythritol Shop\" \/>\n<meta property=\"og:description\" content=\"Eine s\u00fc\u00dfe L\u00f6sung f\u00fcr den Alltag!Es ist auch eine k\u00f6stliche Option f\u00fcr Di\u00e4tetiker, hei\u00dfen Tee zu w\u00fcrzen, da das Erythrit einen glyk\u00e4mischen\" \/>\n<meta property=\"og:url\" content=\"https:\/\/erythritolshop.com\/de\/produkt\/teeblattformiges-gepresstes-erythrit-xs-box-150-stuck\/\" \/>\n<meta property=\"og:site_name\" content=\"Erythritol Shop\" \/>\n<meta property=\"article:modified_time\" content=\"2021-01-26T13:01:59+00:00\" \/>\n<meta property=\"og:image\" content=\"https:\/\/erythritolshop.com\/wp-content\/uploads\/2020\/07\/eritritxslevel2.jpg\" \/>\n\t<meta property=\"og:image:width\" content=\"600\" \/>\n\t<meta property=\"og:image:height\" content=\"800\" \/>\n\t<meta property=\"og:image:type\" content=\"image\/jpeg\" \/>\n<meta name=\"twitter:card\" content=\"summary_large_image\" \/>\n<meta name=\"twitter:label1\" content=\"Gesch\u00e4tzte Lesezeit\" \/>\n\t<meta name=\"twitter:data1\" content=\"1\u00a0Minute\" \/>\n<script type=\"application\/ld+json\" class=\"yoast-schema-graph\">{\"@context\":\"https:\/\/schema.org\",\"@graph\":[{\"@type\":\"WebPage\",\"@id\":\"https:\/\/erythritolshop.com\/de\/produkt\/teeblattformiges-gepresstes-erythrit-xs-box-150-stuck\/\",\"url\":\"https:\/\/erythritolshop.com\/de\/produkt\/teeblattformiges-gepresstes-erythrit-xs-box-150-stuck\/\",\"name\":\"Teeblattf\u00f6rmiges gepresstes Erythrit - XS Box (150 St\u00fcck) - Erythritol Shop\",\"isPartOf\":{\"@id\":\"https:\/\/erythritolshop.com\/de\/#website\"},\"primaryImageOfPage\":{\"@id\":\"https:\/\/erythritolshop.com\/de\/produkt\/teeblattformiges-gepresstes-erythrit-xs-box-150-stuck\/#primaryimage\"},\"image\":{\"@id\":\"https:\/\/erythritolshop.com\/de\/produkt\/teeblattformiges-gepresstes-erythrit-xs-box-150-stuck\/#primaryimage\"},\"thumbnailUrl\":\"https:\/\/erythritolshop.com\/wp-content\/uploads\/2020\/07\/eritritxslevel2.jpg\",\"datePublished\":\"2020-07-30T10:20:44+00:00\",\"dateModified\":\"2021-01-26T13:01:59+00:00\",\"description\":\"Eine s\u00fc\u00dfe L\u00f6sung f\u00fcr den Alltag!Es ist auch eine k\u00f6stliche Option f\u00fcr Di\u00e4tetiker, hei\u00dfen Tee zu w\u00fcrzen, da das Erythrit einen glyk\u00e4mischen\",\"breadcrumb\":{\"@id\":\"https:\/\/erythritolshop.com\/de\/produkt\/teeblattformiges-gepresstes-erythrit-xs-box-150-stuck\/#breadcrumb\"},\"inLanguage\":\"de\",\"potentialAction\":[{\"@type\":\"ReadAction\",\"target\":[\"https:\/\/erythritolshop.com\/de\/produkt\/teeblattformiges-gepresstes-erythrit-xs-box-150-stuck\/\"]}]},{\"@type\":\"ImageObject\",\"inLanguage\":\"de\",\"@id\":\"https:\/\/erythritolshop.com\/de\/produkt\/teeblattformiges-gepresstes-erythrit-xs-box-150-stuck\/#primaryimage\",\"url\":\"https:\/\/erythritolshop.com\/wp-content\/uploads\/2020\/07\/eritritxslevel2.jpg\",\"contentUrl\":\"https:\/\/erythritolshop.com\/wp-content\/uploads\/2020\/07\/eritritxslevel2.jpg\",\"width\":600,\"height\":800,\"caption\":\"Erythrit, Erythrit-Shop, Erythritol-Shop, Zucker-Alternative, kalorienfrei, zahnfreundlich, Candida-Di\u00e4t, Candida, Di\u00e4t, zuckerfrei\"},{\"@type\":\"BreadcrumbList\",\"@id\":\"https:\/\/erythritolshop.com\/de\/produkt\/teeblattformiges-gepresstes-erythrit-xs-box-150-stuck\/#breadcrumb\",\"itemListElement\":[{\"@type\":\"ListItem\",\"position\":1,\"name\":\"Home\",\"item\":\"https:\/\/erythritolshop.com\/de\/\"},{\"@type\":\"ListItem\",\"position\":2,\"name\":\"Shop\",\"item\":\"https:\/\/erythritolshop.com\/de\/shop-2\/\"},{\"@type\":\"ListItem\",\"position\":3,\"name\":\"Teeblattf\u00f6rmiges gepresstes Erythrit &#8211; XS Box (150 St\u00fcck)\"}]},{\"@type\":\"WebSite\",\"@id\":\"https:\/\/erythritolshop.com\/de\/#website\",\"url\":\"https:\/\/erythritolshop.com\/de\/\",\"name\":\"Erythritol Shop\",\"description\":\"A unique novelty in the world. Shaped ERYTHRITOL.\",\"potentialAction\":[{\"@type\":\"SearchAction\",\"target\":{\"@type\":\"EntryPoint\",\"urlTemplate\":\"https:\/\/erythritolshop.com\/de\/?s={search_term_string}\"},\"query-input\":{\"@type\":\"PropertyValueSpecification\",\"valueRequired\":true,\"valueName\":\"search_term_string\"}}],\"inLanguage\":\"de\"}]}<\/script>\n<!-- \/ Yoast SEO plugin. -->","yoast_head_json":{"title":"Teeblattf\u00f6rmiges gepresstes Erythrit - XS Box (150 St\u00fcck) - Erythritol Shop","description":"Eine s\u00fc\u00dfe L\u00f6sung f\u00fcr den Alltag!Es ist auch eine k\u00f6stliche Option f\u00fcr Di\u00e4tetiker, hei\u00dfen Tee zu w\u00fcrzen, da das Erythrit einen glyk\u00e4mischen","robots":{"index":"index","follow":"follow","max-snippet":"max-snippet:-1","max-image-preview":"max-image-preview:large","max-video-preview":"max-video-preview:-1"},"canonical":"https:\/\/erythritolshop.com\/de\/produkt\/teeblattformiges-gepresstes-erythrit-xs-box-150-stuck\/","og_locale":"de_DE","og_type":"article","og_title":"Teeblattf\u00f6rmiges gepresstes Erythrit - XS Box (150 St\u00fcck) - Erythritol Shop","og_description":"Eine s\u00fc\u00dfe L\u00f6sung f\u00fcr den Alltag!Es ist auch eine k\u00f6stliche Option f\u00fcr Di\u00e4tetiker, hei\u00dfen Tee zu w\u00fcrzen, da das Erythrit einen glyk\u00e4mischen","og_url":"https:\/\/erythritolshop.com\/de\/produkt\/teeblattformiges-gepresstes-erythrit-xs-box-150-stuck\/","og_site_name":"Erythritol Shop","article_modified_time":"2021-01-26T13:01:59+00:00","og_image":[{"width":600,"height":800,"url":"https:\/\/erythritolshop.com\/wp-content\/uploads\/2020\/07\/eritritxslevel2.jpg","type":"image\/jpeg"}],"twitter_card":"summary_large_image","twitter_misc":{"Gesch\u00e4tzte Lesezeit":"1\u00a0Minute"},"schema":{"@context":"https:\/\/schema.org","@graph":[{"@type":"WebPage","@id":"https:\/\/erythritolshop.com\/de\/produkt\/teeblattformiges-gepresstes-erythrit-xs-box-150-stuck\/","url":"https:\/\/erythritolshop.com\/de\/produkt\/teeblattformiges-gepresstes-erythrit-xs-box-150-stuck\/","name":"Teeblattf\u00f6rmiges gepresstes Erythrit - XS Box (150 St\u00fcck) - Erythritol Shop","isPartOf":{"@id":"https:\/\/erythritolshop.com\/de\/#website"},"primaryImageOfPage":{"@id":"https:\/\/erythritolshop.com\/de\/produkt\/teeblattformiges-gepresstes-erythrit-xs-box-150-stuck\/#primaryimage"},"image":{"@id":"https:\/\/erythritolshop.com\/de\/produkt\/teeblattformiges-gepresstes-erythrit-xs-box-150-stuck\/#primaryimage"},"thumbnailUrl":"https:\/\/erythritolshop.com\/wp-content\/uploads\/2020\/07\/eritritxslevel2.jpg","datePublished":"2020-07-30T10:20:44+00:00","dateModified":"2021-01-26T13:01:59+00:00","description":"Eine s\u00fc\u00dfe L\u00f6sung f\u00fcr den Alltag!Es ist auch eine k\u00f6stliche Option f\u00fcr Di\u00e4tetiker, hei\u00dfen Tee zu w\u00fcrzen, da das Erythrit einen glyk\u00e4mischen","breadcrumb":{"@id":"https:\/\/erythritolshop.com\/de\/produkt\/teeblattformiges-gepresstes-erythrit-xs-box-150-stuck\/#breadcrumb"},"inLanguage":"de","potentialAction":[{"@type":"ReadAction","target":["https:\/\/erythritolshop.com\/de\/produkt\/teeblattformiges-gepresstes-erythrit-xs-box-150-stuck\/"]}]},{"@type":"ImageObject","inLanguage":"de","@id":"https:\/\/erythritolshop.com\/de\/produkt\/teeblattformiges-gepresstes-erythrit-xs-box-150-stuck\/#primaryimage","url":"https:\/\/erythritolshop.com\/wp-content\/uploads\/2020\/07\/eritritxslevel2.jpg","contentUrl":"https:\/\/erythritolshop.com\/wp-content\/uploads\/2020\/07\/eritritxslevel2.jpg","width":600,"height":800,"caption":"Erythrit, Erythrit-Shop, Erythritol-Shop, Zucker-Alternative, kalorienfrei, zahnfreundlich, Candida-Di\u00e4t, Candida, Di\u00e4t, zuckerfrei"},{"@type":"BreadcrumbList","@id":"https:\/\/erythritolshop.com\/de\/produkt\/teeblattformiges-gepresstes-erythrit-xs-box-150-stuck\/#breadcrumb","itemListElement":[{"@type":"ListItem","position":1,"name":"Home","item":"https:\/\/erythritolshop.com\/de\/"},{"@type":"ListItem","position":2,"name":"Shop","item":"https:\/\/erythritolshop.com\/de\/shop-2\/"},{"@type":"ListItem","position":3,"name":"Teeblattf\u00f6rmiges gepresstes Erythrit &#8211; XS Box (150 St\u00fcck)"}]},{"@type":"WebSite","@id":"https:\/\/erythritolshop.com\/de\/#website","url":"https:\/\/erythritolshop.com\/de\/","name":"Erythritol Shop","description":"A unique novelty in the world. Shaped ERYTHRITOL.","potentialAction":[{"@type":"SearchAction","target":{"@type":"EntryPoint","urlTemplate":"https:\/\/erythritolshop.com\/de\/?s={search_term_string}"},"query-input":{"@type":"PropertyValueSpecification","valueRequired":true,"valueName":"search_term_string"}}],"inLanguage":"de"}]}},"_links":{"self":[{"href":"https:\/\/erythritolshop.com\/de\/wp-json\/wp\/v2\/product\/275","targetHints":{"allow":["GET"]}}],"collection":[{"href":"https:\/\/erythritolshop.com\/de\/wp-json\/wp\/v2\/product"}],"about":[{"href":"https:\/\/erythritolshop.com\/de\/wp-json\/wp\/v2\/types\/product"}],"wp:featuredmedia":[{"embeddable":true,"href":"https:\/\/erythritolshop.com\/de\/wp-json\/wp\/v2\/media\/115"}],"wp:attachment":[{"href":"https:\/\/erythritolshop.com\/de\/wp-json\/wp\/v2\/media?parent=275"}],"wp:term":[{"taxonomy":"product_cat","embeddable":true,"href":"https:\/\/erythritolshop.com\/de\/wp-json\/wp\/v2\/product_cat?post=275"},{"taxonomy":"product_tag","embeddable":true,"href":"https:\/\/erythritolshop.com\/de\/wp-json\/wp\/v2\/product_tag?post=275"}],"curies":[{"name":"wp","href":"https:\/\/api.w.org\/{rel}","templated":true}]}}