{"id":299,"date":"2020-11-16T12:35:29","date_gmt":"2020-11-16T12:35:29","guid":{"rendered":"https:\/\/erythritolshop.com\/product\/fiber-syrup-gold\/"},"modified":"2021-01-26T14:00:18","modified_gmt":"2021-01-26T14:00:18","slug":"fiber-sirup-gold","status":"publish","type":"product","link":"https:\/\/erythritolshop.com\/de\/produkt\/fiber-sirup-gold\/","title":{"rendered":"Fiber Sirup gold"},"content":{"rendered":"[vc_row type=&#8220;in_container&#8220; full_screen_row_position=&#8220;middle&#8220; column_margin=&#8220;default&#8220; column_direction=&#8220;default&#8220; column_direction_tablet=&#8220;default&#8220; column_direction_phone=&#8220;default&#8220; scene_position=&#8220;center&#8220; text_color=&#8220;dark&#8220; text_align=&#8220;left&#8220; row_border_radius=&#8220;none&#8220; row_border_radius_applies=&#8220;bg&#8220; overlay_strength=&#8220;0.3&#8243; gradient_direction=&#8220;left_to_right&#8220; shape_divider_position=&#8220;bottom&#8220; bg_image_animation=&#8220;none&#8220;][vc_column column_padding=&#8220;no-extra-padding&#8220; column_padding_tablet=&#8220;inherit&#8220; column_padding_phone=&#8220;inherit&#8220; column_padding_position=&#8220;all&#8220; background_color_opacity=&#8220;1&#8243; background_hover_color_opacity=&#8220;1&#8243; column_shadow=&#8220;none&#8220; column_border_radius=&#8220;none&#8220; column_link_target=&#8220;_self&#8220; gradient_direction=&#8220;left_to_right&#8220; overlay_strength=&#8220;0.3&#8243; width=&#8220;1\/1&#8243; tablet_width_inherit=&#8220;default&#8220; tablet_text_alignment=&#8220;default&#8220; phone_text_alignment=&#8220;default&#8220; column_border_width=&#8220;none&#8220; column_border_style=&#8220;solid&#8220; bg_image_animation=&#8220;none&#8220;][toggles style=&#8220;minimal&#8220;][toggle color=&#8220;Default&#8220; title=&#8220;Durchschnittlicher N\u00e4hrwert in 100 g Fiber Sirup Produkt&#8220;][vc_column_text]\n<table>\n<tbody>\n<tr>\n<td width=\"208\">Fiber sirup Energie<\/p>\n<div id=\"coffe-973341710\" class=\"coffe-content\">\n<div id=\"coffeetry.hu_sticky_layer\" data-google-query-id=\"CNG10O6Jh-0CFQSUewodF9AK8g\"><\/div>\n<\/div>\n<\/td>\n<td width=\"132\">694 kJ \/ 166 kcal<\/td>\n<\/tr>\n<tr>\n<td width=\"208\">Fett<\/td>\n<td width=\"132\">0 g<\/td>\n<\/tr>\n<tr>\n<td width=\"208\">\u00a0\u2013 davon ges\u00e4ttigte Fetts\u00e4uren<\/td>\n<td width=\"132\">0 g<\/td>\n<\/tr>\n<tr>\n<td width=\"208\">Kohlenhydrat<\/td>\n<td width=\"132\">8 g<\/td>\n<\/tr>\n<tr>\n<td width=\"208\">\u00a0\u2013 davon Zucker<\/td>\n<td width=\"132\">6 g<\/td>\n<\/tr>\n<tr>\n<td width=\"208\">Ballaststoff<\/td>\n<td width=\"132\">69 g<\/td>\n<\/tr>\n<tr>\n<td width=\"208\">Protein<\/td>\n<td width=\"132\">0 g<\/td>\n<\/tr>\n<tr>\n<td width=\"208\">Salz<\/td>\n<td width=\"132\">0,1 g<\/td>\n<\/tr>\n<\/tbody>\n<\/table>\n[\/vc_column_text][\/toggle][toggle color=&#8220;Default&#8220; title=&#8220;Allergene&#8220;][vc_column_text]* Enth\u00e4lt Malz aus Gerste. Gerste enth\u00e4lt Gluten, aber der Glutengehalt im fertigen Produkt liegt weit unter dem gesetzlichen Grenzwert (20 mg \/ kg).[\/vc_column_text][vc_column_text][\/vc_column_text][\/toggle][toggle color=&#8220;Default&#8220; title=&#8220;Unbewusst lecker und di\u00e4tetisch!&#8220;][vc_column_text]Das ist die neue Art des S\u00fc\u00dfens.\u00a0Sirup von SUKRIN ist von Natur aus\u00a0reich an Ballaststoffen und mit angenehmer S\u00fc\u00dfe \u2013 ganz ohne Zuckerzusatz. M\u00f6glich macht das Isomalt-Oligosaccharid: ein pflanzlicher Ballaststoff, der aus St\u00e4rke gewonnen wird, und prebiotische Wirkung zeigt. Erh\u00e4ltlich in zwei leckeren Sorten.<\/p>\n<p><strong>Fiber Sirup Clear<\/strong><\/p>\n<p>FiberSirup clear verleiht Backwaren Halt und angenehme S\u00fc\u00dfe. Dabei ist er etwa 60 % so s\u00fc\u00df wie Zucker.<\/p>\n<p><strong>Fiber Sirup Gold<\/strong><\/p>\n<p>Mit der vollen S\u00fc\u00dfe des<a href=\"https:\/\/erythritolshop.com\/\"> Zuckers<\/a> gl\u00e4nzt Fiber Sirup gold. Etwas nat\u00fcrliches Steviosid und Malzextrakt verleihen ihm seine goldene Farbe und den vollmundigen Geschmack. Als Alternative zu Honig und Ahornsirup veredelt er Pfannkuchen, M\u00fcsli, Eis und Desserts.<\/p>\n<p>FiberSirup enth\u00e4lt viel weniger Zucker als andere <a href=\"https:\/\/humanna.eu\/\">Sirup<\/a>-Arten:[\/vc_column_text][vc_column_text][\/vc_column_text][\/toggle][toggle color=&#8220;Default&#8220; title=&#8220;Zutaten&#8220;][vc_column_text]\n<div>\n<div class=\"wpb_text_column wpb_content_element \">\n<div class=\"wpb_wrapper\">\n<p>Fasersirup Gold: Isomalto-Oligosaccharide, Malzextrakt (glutenfrei), S\u00fc\u00dfstoff: Steviolglycosid<\/p>\n<p>* Enth\u00e4lt Malz aus Gerste. Gerste enth\u00e4lt Gluten, aber der Glutengehalt im fertigen Produkt liegt weit unter dem gesetzlichen Grenzwert (20 mg \/ kg).<\/p>\n<\/div>\n<\/div>\n<\/div>\n[\/vc_column_text][vc_column_text][\/vc_column_text][\/toggle][toggle color=&#8220;Default&#8220; title=&#8220;zus\u00e4tzliche Information&#8220;][vc_column_text]\n<p><strong>Nettogewicht:<\/strong>\u00a0450 g<\/p>\n[\/vc_column_text][vc_column_text][\/vc_column_text][\/toggle][\/toggles][\/vc_column][\/vc_row]\n","protected":false},"excerpt":{"rendered":"<p>Das ist die neue Art des S\u00fc\u00dfens. Fiber Sirup von SUKRIN ist von Natur aus reich an Ballaststoffen und mit angenehmer S\u00fc\u00dfe \u2013 ganz ohne Zuckerzusatz. M\u00f6glich macht das Isomalt-Oligosaccharid: ein pflanzlicher Ballaststoff, der aus St\u00e4rke gewonnen wird, und prebiotische Wirkung zeigt. Erh\u00e4ltlich in zwei leckeren Sorten.<\/p>\n<p>[vc_row type=&#8220;in_container&#8220; full_screen_row_position=&#8220;middle&#8220; column_margin=&#8220;default&#8220; column_direction=&#8220;default&#8220; column_direction_tablet=&#8220;default&#8220; column_direction_phone=&#8220;default&#8220; scene_position=&#8220;center&#8220; text_color=&#8220;dark&#8220; text_align=&#8220;left&#8220; row_border_radius=&#8220;none&#8220; row_border_radius_applies=&#8220;bg&#8220; overlay_strength=&#8220;0.3&#8243; gradient_direction=&#8220;left_to_right&#8220; shape_divider_position=&#8220;bottom&#8220; bg_image_animation=&#8220;none&#8220; shape_type=&#8220;&#8220;][vc_column column_padding=&#8220;padding-1-percent&#8220; column_padding_tablet=&#8220;inherit&#8220; column_padding_phone=&#8220;inherit&#8220; column_padding_position=&#8220;all&#8220; centered_text=&#8220;true&#8220; background_color=&#8220;#f7efbf&#8220; background_color_opacity=&#8220;1&#8243; background_hover_color_opacity=&#8220;1&#8243; column_shadow=&#8220;none&#8220; column_border_radius=&#8220;none&#8220; column_link_target=&#8220;_self&#8220; gradient_direction=&#8220;left_to_right&#8220; overlay_strength=&#8220;0.3&#8243; width=&#8220;1\/2&#8243; tablet_width_inherit=&#8220;default&#8220; tablet_text_alignment=&#8220;default&#8220; phone_text_alignment=&#8220;default&#8220; column_border_width=&#8220;none&#8220; column_border_style=&#8220;solid&#8220; bg_image_animation=&#8220;none&#8220;][vc_column_text]<\/p>\n<h4>Sind Sie ein Gro\u00dfhandelsk\u00e4ufer?<\/h4>\n<p>[\/vc_column_text][\/vc_column][vc_column column_padding=&#8220;padding-1-percent&#8220; column_padding_tablet=&#8220;inherit&#8220; column_padding_phone=&#8220;inherit&#8220; column_padding_position=&#8220;all&#8220; centered_text=&#8220;true&#8220; background_color_opacity=&#8220;1&#8243; background_hover_color_opacity=&#8220;1&#8243; column_shadow=&#8220;none&#8220; column_border_radius=&#8220;none&#8220; column_link_target=&#8220;_self&#8220; gradient_direction=&#8220;left_to_right&#8220; overlay_strength=&#8220;0.3&#8243; width=&#8220;1\/2&#8243; tablet_width_inherit=&#8220;default&#8220; tablet_text_alignment=&#8220;default&#8220; phone_text_alignment=&#8220;default&#8220; column_border_width=&#8220;none&#8220; column_border_style=&#8220;solid&#8220; bg_image_animation=&#8220;none&#8220;][nectar_btn size=&#8220;small&#8220; button_style=&#8220;regular&#8220; button_color_2=&#8220;Accent-Color&#8220; icon_family=&#8220;none&#8220; text=&#8220;Ask for a unique offer!&#8220; url=&#8220;https:\/\/erythritolshop.com\/contact&#8220;][\/vc_column][\/vc_row]<\/p>\n","protected":false},"featured_media":267,"template":"","meta":[],"product_cat":[33],"product_tag":[],"class_list":{"0":"post-299","1":"product","2":"type-product","3":"status-publish","4":"has-post-thumbnail","6":"product_cat-sukrin-de","8":"first","9":"outofstock","10":"taxable","11":"shipping-taxable","12":"purchasable","13":"product-type-simple"},"yoast_head":"<!-- This site is optimized with the Yoast SEO plugin v24.0 - https:\/\/yoast.com\/wordpress\/plugins\/seo\/ -->\n<title>Fiber Sirup gold - Erythritol Shop<\/title>\n<meta name=\"description\" content=\"Das ist die neue Art des S\u00fc\u00dfens. Fiber Sirup von SUKRIN ist von Natur aus reich an Ballaststoffen und mit angenehmer S\u00fc\u00dfe \u2013 ganz ohne\" \/>\n<meta name=\"robots\" content=\"index, follow, max-snippet:-1, max-image-preview:large, max-video-preview:-1\" \/>\n<link rel=\"canonical\" href=\"https:\/\/erythritolshop.com\/de\/produkt\/fiber-sirup-gold\/\" \/>\n<meta property=\"og:locale\" content=\"de_DE\" \/>\n<meta property=\"og:type\" content=\"article\" \/>\n<meta property=\"og:title\" content=\"Fiber Sirup gold - Erythritol Shop\" \/>\n<meta property=\"og:description\" content=\"Das ist die neue Art des S\u00fc\u00dfens. Fiber Sirup von SUKRIN ist von Natur aus reich an Ballaststoffen und mit angenehmer S\u00fc\u00dfe \u2013 ganz ohne\" \/>\n<meta property=\"og:url\" content=\"https:\/\/erythritolshop.com\/de\/produkt\/fiber-sirup-gold\/\" \/>\n<meta property=\"og:site_name\" content=\"Erythritol Shop\" \/>\n<meta property=\"article:modified_time\" content=\"2021-01-26T14:00:18+00:00\" \/>\n<meta property=\"og:image\" content=\"https:\/\/erythritolshop.com\/wp-content\/uploads\/2020\/11\/7090017541842-Sukrin-Szirup-Gold.jpg\" \/>\n\t<meta property=\"og:image:width\" content=\"900\" \/>\n\t<meta property=\"og:image:height\" content=\"1200\" \/>\n\t<meta property=\"og:image:type\" content=\"image\/jpeg\" \/>\n<meta name=\"twitter:card\" content=\"summary_large_image\" \/>\n<meta name=\"twitter:label1\" content=\"Gesch\u00e4tzte Lesezeit\" \/>\n\t<meta name=\"twitter:data1\" content=\"2\u00a0Minuten\" \/>\n<script type=\"application\/ld+json\" class=\"yoast-schema-graph\">{\"@context\":\"https:\/\/schema.org\",\"@graph\":[{\"@type\":\"WebPage\",\"@id\":\"https:\/\/erythritolshop.com\/de\/produkt\/fiber-sirup-gold\/\",\"url\":\"https:\/\/erythritolshop.com\/de\/produkt\/fiber-sirup-gold\/\",\"name\":\"Fiber Sirup gold - Erythritol Shop\",\"isPartOf\":{\"@id\":\"https:\/\/erythritolshop.com\/de\/#website\"},\"primaryImageOfPage\":{\"@id\":\"https:\/\/erythritolshop.com\/de\/produkt\/fiber-sirup-gold\/#primaryimage\"},\"image\":{\"@id\":\"https:\/\/erythritolshop.com\/de\/produkt\/fiber-sirup-gold\/#primaryimage\"},\"thumbnailUrl\":\"https:\/\/erythritolshop.com\/wp-content\/uploads\/2020\/11\/7090017541842-Sukrin-Szirup-Gold.jpg\",\"datePublished\":\"2020-11-16T12:35:29+00:00\",\"dateModified\":\"2021-01-26T14:00:18+00:00\",\"description\":\"Das ist die neue Art des S\u00fc\u00dfens. Fiber Sirup von SUKRIN ist von Natur aus reich an Ballaststoffen und mit angenehmer S\u00fc\u00dfe \u2013 ganz ohne\",\"breadcrumb\":{\"@id\":\"https:\/\/erythritolshop.com\/de\/produkt\/fiber-sirup-gold\/#breadcrumb\"},\"inLanguage\":\"de\",\"potentialAction\":[{\"@type\":\"ReadAction\",\"target\":[\"https:\/\/erythritolshop.com\/de\/produkt\/fiber-sirup-gold\/\"]}]},{\"@type\":\"ImageObject\",\"inLanguage\":\"de\",\"@id\":\"https:\/\/erythritolshop.com\/de\/produkt\/fiber-sirup-gold\/#primaryimage\",\"url\":\"https:\/\/erythritolshop.com\/wp-content\/uploads\/2020\/11\/7090017541842-Sukrin-Szirup-Gold.jpg\",\"contentUrl\":\"https:\/\/erythritolshop.com\/wp-content\/uploads\/2020\/11\/7090017541842-Sukrin-Szirup-Gold.jpg\",\"width\":900,\"height\":1200,\"caption\":\"fiber sirup, fiber, sirup, ohne zucker, zucker frei\"},{\"@type\":\"BreadcrumbList\",\"@id\":\"https:\/\/erythritolshop.com\/de\/produkt\/fiber-sirup-gold\/#breadcrumb\",\"itemListElement\":[{\"@type\":\"ListItem\",\"position\":1,\"name\":\"Home\",\"item\":\"https:\/\/erythritolshop.com\/de\/\"},{\"@type\":\"ListItem\",\"position\":2,\"name\":\"Shop\",\"item\":\"https:\/\/erythritolshop.com\/de\/shop-2\/\"},{\"@type\":\"ListItem\",\"position\":3,\"name\":\"Fiber Sirup gold\"}]},{\"@type\":\"WebSite\",\"@id\":\"https:\/\/erythritolshop.com\/de\/#website\",\"url\":\"https:\/\/erythritolshop.com\/de\/\",\"name\":\"Erythritol Shop\",\"description\":\"A unique novelty in the world. Shaped ERYTHRITOL.\",\"potentialAction\":[{\"@type\":\"SearchAction\",\"target\":{\"@type\":\"EntryPoint\",\"urlTemplate\":\"https:\/\/erythritolshop.com\/de\/?s={search_term_string}\"},\"query-input\":{\"@type\":\"PropertyValueSpecification\",\"valueRequired\":true,\"valueName\":\"search_term_string\"}}],\"inLanguage\":\"de\"}]}<\/script>\n<!-- \/ Yoast SEO plugin. -->","yoast_head_json":{"title":"Fiber Sirup gold - Erythritol Shop","description":"Das ist die neue Art des S\u00fc\u00dfens. Fiber Sirup von SUKRIN ist von Natur aus reich an Ballaststoffen und mit angenehmer S\u00fc\u00dfe \u2013 ganz ohne","robots":{"index":"index","follow":"follow","max-snippet":"max-snippet:-1","max-image-preview":"max-image-preview:large","max-video-preview":"max-video-preview:-1"},"canonical":"https:\/\/erythritolshop.com\/de\/produkt\/fiber-sirup-gold\/","og_locale":"de_DE","og_type":"article","og_title":"Fiber Sirup gold - Erythritol Shop","og_description":"Das ist die neue Art des S\u00fc\u00dfens. Fiber Sirup von SUKRIN ist von Natur aus reich an Ballaststoffen und mit angenehmer S\u00fc\u00dfe \u2013 ganz ohne","og_url":"https:\/\/erythritolshop.com\/de\/produkt\/fiber-sirup-gold\/","og_site_name":"Erythritol Shop","article_modified_time":"2021-01-26T14:00:18+00:00","og_image":[{"width":900,"height":1200,"url":"https:\/\/erythritolshop.com\/wp-content\/uploads\/2020\/11\/7090017541842-Sukrin-Szirup-Gold.jpg","type":"image\/jpeg"}],"twitter_card":"summary_large_image","twitter_misc":{"Gesch\u00e4tzte Lesezeit":"2\u00a0Minuten"},"schema":{"@context":"https:\/\/schema.org","@graph":[{"@type":"WebPage","@id":"https:\/\/erythritolshop.com\/de\/produkt\/fiber-sirup-gold\/","url":"https:\/\/erythritolshop.com\/de\/produkt\/fiber-sirup-gold\/","name":"Fiber Sirup gold - Erythritol Shop","isPartOf":{"@id":"https:\/\/erythritolshop.com\/de\/#website"},"primaryImageOfPage":{"@id":"https:\/\/erythritolshop.com\/de\/produkt\/fiber-sirup-gold\/#primaryimage"},"image":{"@id":"https:\/\/erythritolshop.com\/de\/produkt\/fiber-sirup-gold\/#primaryimage"},"thumbnailUrl":"https:\/\/erythritolshop.com\/wp-content\/uploads\/2020\/11\/7090017541842-Sukrin-Szirup-Gold.jpg","datePublished":"2020-11-16T12:35:29+00:00","dateModified":"2021-01-26T14:00:18+00:00","description":"Das ist die neue Art des S\u00fc\u00dfens. Fiber Sirup von SUKRIN ist von Natur aus reich an Ballaststoffen und mit angenehmer S\u00fc\u00dfe \u2013 ganz ohne","breadcrumb":{"@id":"https:\/\/erythritolshop.com\/de\/produkt\/fiber-sirup-gold\/#breadcrumb"},"inLanguage":"de","potentialAction":[{"@type":"ReadAction","target":["https:\/\/erythritolshop.com\/de\/produkt\/fiber-sirup-gold\/"]}]},{"@type":"ImageObject","inLanguage":"de","@id":"https:\/\/erythritolshop.com\/de\/produkt\/fiber-sirup-gold\/#primaryimage","url":"https:\/\/erythritolshop.com\/wp-content\/uploads\/2020\/11\/7090017541842-Sukrin-Szirup-Gold.jpg","contentUrl":"https:\/\/erythritolshop.com\/wp-content\/uploads\/2020\/11\/7090017541842-Sukrin-Szirup-Gold.jpg","width":900,"height":1200,"caption":"fiber sirup, fiber, sirup, ohne zucker, zucker frei"},{"@type":"BreadcrumbList","@id":"https:\/\/erythritolshop.com\/de\/produkt\/fiber-sirup-gold\/#breadcrumb","itemListElement":[{"@type":"ListItem","position":1,"name":"Home","item":"https:\/\/erythritolshop.com\/de\/"},{"@type":"ListItem","position":2,"name":"Shop","item":"https:\/\/erythritolshop.com\/de\/shop-2\/"},{"@type":"ListItem","position":3,"name":"Fiber Sirup gold"}]},{"@type":"WebSite","@id":"https:\/\/erythritolshop.com\/de\/#website","url":"https:\/\/erythritolshop.com\/de\/","name":"Erythritol Shop","description":"A unique novelty in the world. Shaped ERYTHRITOL.","potentialAction":[{"@type":"SearchAction","target":{"@type":"EntryPoint","urlTemplate":"https:\/\/erythritolshop.com\/de\/?s={search_term_string}"},"query-input":{"@type":"PropertyValueSpecification","valueRequired":true,"valueName":"search_term_string"}}],"inLanguage":"de"}]}},"_links":{"self":[{"href":"https:\/\/erythritolshop.com\/de\/wp-json\/wp\/v2\/product\/299","targetHints":{"allow":["GET"]}}],"collection":[{"href":"https:\/\/erythritolshop.com\/de\/wp-json\/wp\/v2\/product"}],"about":[{"href":"https:\/\/erythritolshop.com\/de\/wp-json\/wp\/v2\/types\/product"}],"wp:featuredmedia":[{"embeddable":true,"href":"https:\/\/erythritolshop.com\/de\/wp-json\/wp\/v2\/media\/267"}],"wp:attachment":[{"href":"https:\/\/erythritolshop.com\/de\/wp-json\/wp\/v2\/media?parent=299"}],"wp:term":[{"taxonomy":"product_cat","embeddable":true,"href":"https:\/\/erythritolshop.com\/de\/wp-json\/wp\/v2\/product_cat?post=299"},{"taxonomy":"product_tag","embeddable":true,"href":"https:\/\/erythritolshop.com\/de\/wp-json\/wp\/v2\/product_tag?post=299"}],"curies":[{"name":"wp","href":"https:\/\/api.w.org\/{rel}","templated":true}]}}