{"id":300,"date":"2020-11-16T12:28:22","date_gmt":"2020-11-16T12:28:22","guid":{"rendered":"https:\/\/erythritolshop.com\/product\/sukrin-gold-alternative-zu-rohrohrzucker\/"},"modified":"2021-01-26T14:30:14","modified_gmt":"2021-01-26T14:30:14","slug":"sukrin-gold-alternative-zu-zucker-rohrohrzucker","status":"publish","type":"product","link":"https:\/\/erythritolshop.com\/de\/produkt\/sukrin-gold-alternative-zu-zucker-rohrohrzucker\/","title":{"rendered":"Sukrin Gold &#8211; Alternative zu zucker \/ Rohrohrzucker"},"content":{"rendered":"[vc_row type=&#8220;in_container&#8220; full_screen_row_position=&#8220;middle&#8220; column_margin=&#8220;default&#8220; column_direction=&#8220;default&#8220; column_direction_tablet=&#8220;default&#8220; column_direction_phone=&#8220;default&#8220; scene_position=&#8220;center&#8220; text_color=&#8220;dark&#8220; text_align=&#8220;left&#8220; row_border_radius=&#8220;none&#8220; row_border_radius_applies=&#8220;bg&#8220; overlay_strength=&#8220;0.3&#8243; gradient_direction=&#8220;left_to_right&#8220; shape_divider_position=&#8220;bottom&#8220; bg_image_animation=&#8220;none&#8220;][vc_column column_padding=&#8220;no-extra-padding&#8220; column_padding_tablet=&#8220;inherit&#8220; column_padding_phone=&#8220;inherit&#8220; column_padding_position=&#8220;all&#8220; background_color_opacity=&#8220;1&#8243; background_hover_color_opacity=&#8220;1&#8243; column_shadow=&#8220;none&#8220; column_border_radius=&#8220;none&#8220; column_link_target=&#8220;_self&#8220; gradient_direction=&#8220;left_to_right&#8220; overlay_strength=&#8220;0.3&#8243; width=&#8220;1\/1&#8243; tablet_width_inherit=&#8220;default&#8220; tablet_text_alignment=&#8220;default&#8220; phone_text_alignment=&#8220;default&#8220; column_border_width=&#8220;none&#8220; column_border_style=&#8220;solid&#8220; bg_image_animation=&#8220;none&#8220;][toggles style=&#8220;minimal&#8220;][toggle color=&#8220;Default&#8220; title=&#8220;Average nutritional value in 100 g of product&#8220;][vc_column_text]\n<table width=\"32%\">\n<tbody>\n<tr>\n<td width=\"66%\">Energy<\/p>\n<div id=\"coffe-684175800\" class=\"coffe-content\">\n<div id=\"coffeetry.hu_sticky_layer\" data-google-query-id=\"COfRjJqIh-0CFQSuewodtfkCTQ\"><\/div>\n<\/div>\n<\/td>\n<td width=\"33%\">8 kcal \/ 34 kJ<\/td>\n<\/tr>\n<tr>\n<td width=\"66%\">Fat<\/td>\n<td width=\"33%\">0 g<\/td>\n<\/tr>\n<tr>\n<td>&#8211; of which saturated fatty acid<\/td>\n<td>0 g<\/td>\n<\/tr>\n<tr>\n<td width=\"66%\">Carbohydrate<\/td>\n<td width=\"33%\">99,3 g<\/td>\n<\/tr>\n<tr>\n<td width=\"66%\">\u00a0\u00a0 \u2013\u00a0 of which sugar<\/td>\n<td width=\"33%\">1,5 g<\/td>\n<\/tr>\n<tr>\n<td>\u00a0\u00a0 \u2013\u00a0 of which erythritol<\/td>\n<td>97,4 g<\/td>\n<\/tr>\n<tr>\n<td width=\"66%\">Fiber<\/td>\n<td width=\"33%\">0 g<\/td>\n<\/tr>\n<tr>\n<td width=\"66%\">Protein<\/td>\n<td width=\"33%\">0,1 g<\/td>\n<\/tr>\n<tr>\n<td>Salt<\/td>\n<td>0 g<\/td>\n<\/tr>\n<\/tbody>\n<\/table>\n[\/vc_column_text][\/toggle][toggle color=&#8220;Default&#8220; title=&#8220;Allergens&#8220;][vc_column_text]<strong>Product is free from:<\/strong><\/p>\n<p>Milk<br \/>\nGluten<br \/>\nEgg<br \/>\nSesame<br \/>\nSoy<br \/>\nHazelnuts<br \/>\nAlmond<\/p>\n<p><strong>Contains the following allergens:<\/strong><\/p>\n<p>Gluten*<\/p>\n<p>* Contains malt from barley. Barley contains gluten, but the gluten content in the finished product is well below the legal limit (20 mg \/ kg).<\/p>\n[\/vc_column_text][vc_column_text][\/vc_column_text][\/toggle][toggle color=&#8220;Default&#8220; title=&#8220;Unique sweet taste experience without obesity!&#8220;][vc_column_text]Sukrin Gold is combined with other natural sweeteners and this blend provides a unique, sweet, full-bodied taste experience for anyone who tastes this naturally occurring, extremely rich and full-bodied brown sugar substitute.<\/p>\n<p><strong>The real flavor of hot drinks!<\/strong><\/p>\n<p>Special flavors and aromas can really unfold when a hot drink is properly flavored. The brown sugar alternative provides the perfect solution for this, as it can replace brown sugar one by one. The best possible choice for flavoring cocoa, coffee, tea, mulled wines and punches.<\/p>\n<p>Sukrin Gold is a natural sugar alternative for all those who want to eat healthily without sacrificing delicious flavors. Its glycemic index is only 1. This is excelent, as only 1 gram of carbohydrate per 100 grams is the amount that already affects blood sugar levels. Sukrin Gold is the perfect choice for sprinkling on berries, or for breakfast with muesli, porridge, yogurt, coffee, or even various desserts, glazes, and many other cakes.[\/vc_column_text][vc_column_text][\/vc_column_text][\/toggle][toggle color=&#8220;Default&#8220; title=&#8220;Ingredients&#8220;][vc_column_text]\n<div>\n<div class=\"wpb_text_column wpb_content_element \">\n<div class=\"wpb_wrapper\">\n<p>Sweeteners: Erythritol and stevia glycosides, D-tagatose, glycerin and malt extract * (gluten free)<\/p>\n<p>* Contains malt from barley. Barley contains gluten, but the gluten content in the finished product is well below the legal limit (20 mg \/ kg).<\/p>\n<\/div>\n<\/div>\n<\/div>\n[\/vc_column_text][vc_column_text][\/vc_column_text][\/toggle][toggle color=&#8220;Default&#8220; title=&#8220;Additional Information&#8220;][vc_column_text]500 g, sealed, BPA-free bag version.<\/p>\n<p>250 g, sealed, BPA-free bag version.[\/vc_column_text][vc_column_text][\/vc_column_text][\/toggle][\/toggles][\/vc_column][\/vc_row]\n","protected":false},"excerpt":{"rendered":"<p>Sukrin Gold Alternative zu zucker ist das goldene, leckere Sukrin, welches mit viel Geschmack und wenig Kalorien (nur 8 kcal pro 100 g) \u00fcberzeugt. Sukrin Gold ist eine einzigartige Mischung verschiedener, nat\u00fcrlicher S\u00fc\u00dfstoffe. Gerade in der Mischung liegt das Geheimnis des s\u00fc\u00dfen, runden und reichhaltigen Geschmackes.<\/p>\n<p>[vc_row type=&#8220;in_container&#8220; full_screen_row_position=&#8220;middle&#8220; column_margin=&#8220;default&#8220; column_direction=&#8220;default&#8220; column_direction_tablet=&#8220;default&#8220; column_direction_phone=&#8220;default&#8220; scene_position=&#8220;center&#8220; text_color=&#8220;dark&#8220; text_align=&#8220;left&#8220; row_border_radius=&#8220;none&#8220; row_border_radius_applies=&#8220;bg&#8220; overlay_strength=&#8220;0.3&#8243; gradient_direction=&#8220;left_to_right&#8220; shape_divider_position=&#8220;bottom&#8220; bg_image_animation=&#8220;none&#8220; shape_type=&#8220;&#8220;][vc_column column_padding=&#8220;padding-1-percent&#8220; column_padding_tablet=&#8220;inherit&#8220; column_padding_phone=&#8220;inherit&#8220; column_padding_position=&#8220;all&#8220; centered_text=&#8220;true&#8220; background_color=&#8220;#f7efbf&#8220; background_color_opacity=&#8220;1&#8243; background_hover_color_opacity=&#8220;1&#8243; column_shadow=&#8220;none&#8220; column_border_radius=&#8220;none&#8220; column_link_target=&#8220;_self&#8220; gradient_direction=&#8220;left_to_right&#8220; overlay_strength=&#8220;0.3&#8243; width=&#8220;1\/2&#8243; tablet_width_inherit=&#8220;default&#8220; tablet_text_alignment=&#8220;default&#8220; phone_text_alignment=&#8220;default&#8220; column_border_width=&#8220;none&#8220; column_border_style=&#8220;solid&#8220; bg_image_animation=&#8220;none&#8220;][vc_column_text]<\/p>\n<h4>Sind Sie ein Gro\u00dfhandelsk\u00e4ufer?<\/h4>\n<p>[\/vc_column_text][\/vc_column][vc_column column_padding=&#8220;padding-1-percent&#8220; column_padding_tablet=&#8220;inherit&#8220; column_padding_phone=&#8220;inherit&#8220; column_padding_position=&#8220;all&#8220; centered_text=&#8220;true&#8220; background_color_opacity=&#8220;1&#8243; background_hover_color_opacity=&#8220;1&#8243; column_shadow=&#8220;none&#8220; column_border_radius=&#8220;none&#8220; column_link_target=&#8220;_self&#8220; gradient_direction=&#8220;left_to_right&#8220; overlay_strength=&#8220;0.3&#8243; width=&#8220;1\/2&#8243; tablet_width_inherit=&#8220;default&#8220; tablet_text_alignment=&#8220;default&#8220; phone_text_alignment=&#8220;default&#8220; column_border_width=&#8220;none&#8220; column_border_style=&#8220;solid&#8220; bg_image_animation=&#8220;none&#8220;][nectar_btn size=&#8220;small&#8220; button_style=&#8220;regular&#8220; button_color_2=&#8220;Accent-Color&#8220; icon_family=&#8220;none&#8220; text=&#8220;Ask for a unique offer!&#8220; url=&#8220;https:\/\/erythritolshop.com\/contact&#8220;][\/vc_column][\/vc_row]<\/p>\n","protected":false},"featured_media":260,"template":"","meta":[],"product_cat":[33],"product_tag":[],"class_list":{"0":"post-300","1":"product","2":"type-product","3":"status-publish","4":"has-post-thumbnail","6":"product_cat-sukrin-de","8":"first","9":"outofstock","10":"taxable","11":"shipping-taxable","12":"purchasable","13":"product-type-variable"},"yoast_head":"<!-- This site is optimized with the Yoast SEO plugin v24.0 - https:\/\/yoast.com\/wordpress\/plugins\/seo\/ -->\n<title>Sukrin Gold - Alternative zu zucker \/ Rohrohrzucker - Erythritol Shop<\/title>\n<meta name=\"description\" content=\"Sukrin Gold Alternative zu zucker ist das goldene, leckere Sukrin, welches mit viel Geschmack und wenig Kalorien (nur 8 kcal pro 100 g)\" \/>\n<meta name=\"robots\" content=\"index, follow, max-snippet:-1, max-image-preview:large, max-video-preview:-1\" \/>\n<link rel=\"canonical\" href=\"https:\/\/erythritolshop.com\/de\/produkt\/sukrin-gold-alternative-zu-zucker-rohrohrzucker\/\" \/>\n<meta property=\"og:locale\" content=\"de_DE\" \/>\n<meta property=\"og:type\" content=\"article\" \/>\n<meta property=\"og:title\" content=\"Sukrin Gold - Alternative zu zucker \/ Rohrohrzucker - Erythritol Shop\" \/>\n<meta property=\"og:description\" content=\"Sukrin Gold Alternative zu zucker ist das goldene, leckere Sukrin, welches mit viel Geschmack und wenig Kalorien (nur 8 kcal pro 100 g)\" \/>\n<meta property=\"og:url\" content=\"https:\/\/erythritolshop.com\/de\/produkt\/sukrin-gold-alternative-zu-zucker-rohrohrzucker\/\" \/>\n<meta property=\"og:site_name\" content=\"Erythritol Shop\" \/>\n<meta property=\"article:modified_time\" content=\"2021-01-26T14:30:14+00:00\" \/>\n<meta property=\"og:image\" content=\"https:\/\/erythritolshop.com\/wp-content\/uploads\/2020\/11\/7090017540166-Sukrin-Gold-barna-cukor-alternativa-500g.jpg\" \/>\n\t<meta property=\"og:image:width\" content=\"600\" \/>\n\t<meta property=\"og:image:height\" content=\"800\" \/>\n\t<meta property=\"og:image:type\" content=\"image\/jpeg\" \/>\n<meta name=\"twitter:card\" content=\"summary_large_image\" \/>\n<meta name=\"twitter:label1\" content=\"Gesch\u00e4tzte Lesezeit\" \/>\n\t<meta name=\"twitter:data1\" content=\"2\u00a0Minuten\" \/>\n<script type=\"application\/ld+json\" class=\"yoast-schema-graph\">{\"@context\":\"https:\/\/schema.org\",\"@graph\":[{\"@type\":\"WebPage\",\"@id\":\"https:\/\/erythritolshop.com\/de\/produkt\/sukrin-gold-alternative-zu-zucker-rohrohrzucker\/\",\"url\":\"https:\/\/erythritolshop.com\/de\/produkt\/sukrin-gold-alternative-zu-zucker-rohrohrzucker\/\",\"name\":\"Sukrin Gold - Alternative zu zucker \/ Rohrohrzucker - Erythritol Shop\",\"isPartOf\":{\"@id\":\"https:\/\/erythritolshop.com\/de\/#website\"},\"primaryImageOfPage\":{\"@id\":\"https:\/\/erythritolshop.com\/de\/produkt\/sukrin-gold-alternative-zu-zucker-rohrohrzucker\/#primaryimage\"},\"image\":{\"@id\":\"https:\/\/erythritolshop.com\/de\/produkt\/sukrin-gold-alternative-zu-zucker-rohrohrzucker\/#primaryimage\"},\"thumbnailUrl\":\"https:\/\/erythritolshop.com\/wp-content\/uploads\/2020\/11\/7090017540166-Sukrin-Gold-barna-cukor-alternativa-500g.jpg\",\"datePublished\":\"2020-11-16T12:28:22+00:00\",\"dateModified\":\"2021-01-26T14:30:14+00:00\",\"description\":\"Sukrin Gold Alternative zu zucker ist das goldene, leckere Sukrin, welches mit viel Geschmack und wenig Kalorien (nur 8 kcal pro 100 g)\",\"breadcrumb\":{\"@id\":\"https:\/\/erythritolshop.com\/de\/produkt\/sukrin-gold-alternative-zu-zucker-rohrohrzucker\/#breadcrumb\"},\"inLanguage\":\"de\",\"potentialAction\":[{\"@type\":\"ReadAction\",\"target\":[\"https:\/\/erythritolshop.com\/de\/produkt\/sukrin-gold-alternative-zu-zucker-rohrohrzucker\/\"]}]},{\"@type\":\"ImageObject\",\"inLanguage\":\"de\",\"@id\":\"https:\/\/erythritolshop.com\/de\/produkt\/sukrin-gold-alternative-zu-zucker-rohrohrzucker\/#primaryimage\",\"url\":\"https:\/\/erythritolshop.com\/wp-content\/uploads\/2020\/11\/7090017540166-Sukrin-Gold-barna-cukor-alternativa-500g.jpg\",\"contentUrl\":\"https:\/\/erythritolshop.com\/wp-content\/uploads\/2020\/11\/7090017540166-Sukrin-Gold-barna-cukor-alternativa-500g.jpg\",\"width\":600,\"height\":800,\"caption\":\"Sukrin Gold, Alternative zu zucker, Erythrit, Erythrit-Laden, alternativer Zucker, brauner Zucker\"},{\"@type\":\"BreadcrumbList\",\"@id\":\"https:\/\/erythritolshop.com\/de\/produkt\/sukrin-gold-alternative-zu-zucker-rohrohrzucker\/#breadcrumb\",\"itemListElement\":[{\"@type\":\"ListItem\",\"position\":1,\"name\":\"Home\",\"item\":\"https:\/\/erythritolshop.com\/de\/\"},{\"@type\":\"ListItem\",\"position\":2,\"name\":\"Shop\",\"item\":\"https:\/\/erythritolshop.com\/de\/shop-2\/\"},{\"@type\":\"ListItem\",\"position\":3,\"name\":\"Sukrin Gold &#8211; Alternative zu zucker \/ Rohrohrzucker\"}]},{\"@type\":\"WebSite\",\"@id\":\"https:\/\/erythritolshop.com\/de\/#website\",\"url\":\"https:\/\/erythritolshop.com\/de\/\",\"name\":\"Erythritol Shop\",\"description\":\"A unique novelty in the world. Shaped ERYTHRITOL.\",\"potentialAction\":[{\"@type\":\"SearchAction\",\"target\":{\"@type\":\"EntryPoint\",\"urlTemplate\":\"https:\/\/erythritolshop.com\/de\/?s={search_term_string}\"},\"query-input\":{\"@type\":\"PropertyValueSpecification\",\"valueRequired\":true,\"valueName\":\"search_term_string\"}}],\"inLanguage\":\"de\"}]}<\/script>\n<!-- \/ Yoast SEO plugin. -->","yoast_head_json":{"title":"Sukrin Gold - Alternative zu zucker \/ Rohrohrzucker - Erythritol Shop","description":"Sukrin Gold Alternative zu zucker ist das goldene, leckere Sukrin, welches mit viel Geschmack und wenig Kalorien (nur 8 kcal pro 100 g)","robots":{"index":"index","follow":"follow","max-snippet":"max-snippet:-1","max-image-preview":"max-image-preview:large","max-video-preview":"max-video-preview:-1"},"canonical":"https:\/\/erythritolshop.com\/de\/produkt\/sukrin-gold-alternative-zu-zucker-rohrohrzucker\/","og_locale":"de_DE","og_type":"article","og_title":"Sukrin Gold - Alternative zu zucker \/ Rohrohrzucker - Erythritol Shop","og_description":"Sukrin Gold Alternative zu zucker ist das goldene, leckere Sukrin, welches mit viel Geschmack und wenig Kalorien (nur 8 kcal pro 100 g)","og_url":"https:\/\/erythritolshop.com\/de\/produkt\/sukrin-gold-alternative-zu-zucker-rohrohrzucker\/","og_site_name":"Erythritol Shop","article_modified_time":"2021-01-26T14:30:14+00:00","og_image":[{"width":600,"height":800,"url":"https:\/\/erythritolshop.com\/wp-content\/uploads\/2020\/11\/7090017540166-Sukrin-Gold-barna-cukor-alternativa-500g.jpg","type":"image\/jpeg"}],"twitter_card":"summary_large_image","twitter_misc":{"Gesch\u00e4tzte Lesezeit":"2\u00a0Minuten"},"schema":{"@context":"https:\/\/schema.org","@graph":[{"@type":"WebPage","@id":"https:\/\/erythritolshop.com\/de\/produkt\/sukrin-gold-alternative-zu-zucker-rohrohrzucker\/","url":"https:\/\/erythritolshop.com\/de\/produkt\/sukrin-gold-alternative-zu-zucker-rohrohrzucker\/","name":"Sukrin Gold - Alternative zu zucker \/ Rohrohrzucker - Erythritol Shop","isPartOf":{"@id":"https:\/\/erythritolshop.com\/de\/#website"},"primaryImageOfPage":{"@id":"https:\/\/erythritolshop.com\/de\/produkt\/sukrin-gold-alternative-zu-zucker-rohrohrzucker\/#primaryimage"},"image":{"@id":"https:\/\/erythritolshop.com\/de\/produkt\/sukrin-gold-alternative-zu-zucker-rohrohrzucker\/#primaryimage"},"thumbnailUrl":"https:\/\/erythritolshop.com\/wp-content\/uploads\/2020\/11\/7090017540166-Sukrin-Gold-barna-cukor-alternativa-500g.jpg","datePublished":"2020-11-16T12:28:22+00:00","dateModified":"2021-01-26T14:30:14+00:00","description":"Sukrin Gold Alternative zu zucker ist das goldene, leckere Sukrin, welches mit viel Geschmack und wenig Kalorien (nur 8 kcal pro 100 g)","breadcrumb":{"@id":"https:\/\/erythritolshop.com\/de\/produkt\/sukrin-gold-alternative-zu-zucker-rohrohrzucker\/#breadcrumb"},"inLanguage":"de","potentialAction":[{"@type":"ReadAction","target":["https:\/\/erythritolshop.com\/de\/produkt\/sukrin-gold-alternative-zu-zucker-rohrohrzucker\/"]}]},{"@type":"ImageObject","inLanguage":"de","@id":"https:\/\/erythritolshop.com\/de\/produkt\/sukrin-gold-alternative-zu-zucker-rohrohrzucker\/#primaryimage","url":"https:\/\/erythritolshop.com\/wp-content\/uploads\/2020\/11\/7090017540166-Sukrin-Gold-barna-cukor-alternativa-500g.jpg","contentUrl":"https:\/\/erythritolshop.com\/wp-content\/uploads\/2020\/11\/7090017540166-Sukrin-Gold-barna-cukor-alternativa-500g.jpg","width":600,"height":800,"caption":"Sukrin Gold, Alternative zu zucker, Erythrit, Erythrit-Laden, alternativer Zucker, brauner Zucker"},{"@type":"BreadcrumbList","@id":"https:\/\/erythritolshop.com\/de\/produkt\/sukrin-gold-alternative-zu-zucker-rohrohrzucker\/#breadcrumb","itemListElement":[{"@type":"ListItem","position":1,"name":"Home","item":"https:\/\/erythritolshop.com\/de\/"},{"@type":"ListItem","position":2,"name":"Shop","item":"https:\/\/erythritolshop.com\/de\/shop-2\/"},{"@type":"ListItem","position":3,"name":"Sukrin Gold &#8211; Alternative zu zucker \/ Rohrohrzucker"}]},{"@type":"WebSite","@id":"https:\/\/erythritolshop.com\/de\/#website","url":"https:\/\/erythritolshop.com\/de\/","name":"Erythritol Shop","description":"A unique novelty in the world. Shaped ERYTHRITOL.","potentialAction":[{"@type":"SearchAction","target":{"@type":"EntryPoint","urlTemplate":"https:\/\/erythritolshop.com\/de\/?s={search_term_string}"},"query-input":{"@type":"PropertyValueSpecification","valueRequired":true,"valueName":"search_term_string"}}],"inLanguage":"de"}]}},"_links":{"self":[{"href":"https:\/\/erythritolshop.com\/de\/wp-json\/wp\/v2\/product\/300","targetHints":{"allow":["GET"]}}],"collection":[{"href":"https:\/\/erythritolshop.com\/de\/wp-json\/wp\/v2\/product"}],"about":[{"href":"https:\/\/erythritolshop.com\/de\/wp-json\/wp\/v2\/types\/product"}],"wp:featuredmedia":[{"embeddable":true,"href":"https:\/\/erythritolshop.com\/de\/wp-json\/wp\/v2\/media\/260"}],"wp:attachment":[{"href":"https:\/\/erythritolshop.com\/de\/wp-json\/wp\/v2\/media?parent=300"}],"wp:term":[{"taxonomy":"product_cat","embeddable":true,"href":"https:\/\/erythritolshop.com\/de\/wp-json\/wp\/v2\/product_cat?post=300"},{"taxonomy":"product_tag","embeddable":true,"href":"https:\/\/erythritolshop.com\/de\/wp-json\/wp\/v2\/product_tag?post=300"}],"curies":[{"name":"wp","href":"https:\/\/api.w.org\/{rel}","templated":true}]}}