{"id":303,"date":"2020-11-16T12:19:05","date_gmt":"2020-11-16T12:19:05","guid":{"rendered":"https:\/\/erythritolshop.com\/product\/sukrin-marzipan-200-g\/"},"modified":"2021-01-26T14:09:41","modified_gmt":"2021-01-26T14:09:41","slug":"sukrin-marzipan-200-g","status":"publish","type":"product","link":"https:\/\/erythritolshop.com\/de\/produkt\/sukrin-marzipan-200-g\/","title":{"rendered":"Sukrin Marzipan &#8211; 200 g"},"content":{"rendered":"[vc_row type=&#8220;in_container&#8220; full_screen_row_position=&#8220;middle&#8220; column_margin=&#8220;default&#8220; column_direction=&#8220;default&#8220; column_direction_tablet=&#8220;default&#8220; column_direction_phone=&#8220;default&#8220; scene_position=&#8220;center&#8220; text_color=&#8220;dark&#8220; text_align=&#8220;left&#8220; row_border_radius=&#8220;none&#8220; row_border_radius_applies=&#8220;bg&#8220; overlay_strength=&#8220;0.3&#8243; gradient_direction=&#8220;left_to_right&#8220; shape_divider_position=&#8220;bottom&#8220; bg_image_animation=&#8220;none&#8220;][vc_column column_padding=&#8220;no-extra-padding&#8220; column_padding_tablet=&#8220;inherit&#8220; column_padding_phone=&#8220;inherit&#8220; column_padding_position=&#8220;all&#8220; background_color_opacity=&#8220;1&#8243; background_hover_color_opacity=&#8220;1&#8243; column_shadow=&#8220;none&#8220; column_border_radius=&#8220;none&#8220; column_link_target=&#8220;_self&#8220; gradient_direction=&#8220;left_to_right&#8220; overlay_strength=&#8220;0.3&#8243; width=&#8220;1\/1&#8243; tablet_width_inherit=&#8220;default&#8220; tablet_text_alignment=&#8220;default&#8220; phone_text_alignment=&#8220;default&#8220; column_border_width=&#8220;none&#8220; column_border_style=&#8220;solid&#8220; bg_image_animation=&#8220;none&#8220;][toggles style=&#8220;minimal&#8220;][toggle color=&#8220;Default&#8220; title=&#8220;Durchschnittlicher N\u00e4hrwert in 100 g Marzipan&#8220;][vc_column_text]\n<table width=\"397\">\n<tbody>\n<tr>\n<td>N\u00e4hrwerte Marzipan<\/td>\n<td>je 100 g<\/td>\n<\/tr>\n<tr>\n<td>Brennwert<\/td>\n<td>1252 kJ \/ 304\u00a0kcal<\/td>\n<\/tr>\n<tr>\n<td>Fett<\/td>\n<td>20\u00a0g<\/td>\n<\/tr>\n<tr>\n<td>&#8211; davon ges\u00e4ttigte Fetts\u00e4uren<\/td>\n<td>1,6\u00a0g<\/td>\n<\/tr>\n<tr>\n<td>Kohlenhydrate<\/td>\n<td>8\u00a0g<\/td>\n<\/tr>\n<tr>\n<td>\u00a0&#8211; davon Zucker<\/td>\n<td>3,1 g<\/td>\n<\/tr>\n<tr>\n<td>Ballaststoffe<\/td>\n<td>28\u00a0g<\/td>\n<\/tr>\n<tr>\n<td>Eiwei\u00df<\/td>\n<td>8,2 g<\/td>\n<\/tr>\n<tr>\n<td>Salz<\/td>\n<td>0,03\u00a0g<\/td>\n<\/tr>\n<tr>\n<td><\/td>\n<td><\/td>\n<\/tr>\n<\/tbody>\n<\/table>\n[\/vc_column_text][\/toggle][toggle color=&#8220;Default&#8220; title=&#8220;Allergene&#8220;][vc_column_text]<strong>Produkt ist frei von:<\/strong><\/p>\n<p>Milch<br \/>\nGluten<br \/>\nEi<br \/>\nSesam<br \/>\nSoja<br \/>\nHaseln\u00fcsse<\/p>\n<p><strong>Enth\u00e4lt folgende Allergene:<\/strong><\/p>\n<p>Mandel[\/vc_column_text][vc_column_text][\/vc_column_text][\/toggle][toggle color=&#8220;Default&#8220; title=&#8220;Zutaten&#8220;][vc_column_text]\n<div>\n<div class=\"wpb_text_column wpb_content_element \">\n<div class=\"wpb_wrapper\">\n<p>Mandeln (40%), S\u00fc\u00dfungsmittel (<a href=\"https:\/\/erythritolshop.com\/\">Erythrit<\/a>, Stevia), Isomalto-Oligosaccharid, Oligofructose (Ballaststoffe), Wasser, Kaliumsorbat (Konservierungsmittel). Enth\u00e4lt von <a href=\"https:\/\/humanna.eu\/\">Natur aus Zucker<\/a>.<\/p>\n<\/div>\n<\/div>\n<\/div>\n[\/vc_column_text][vc_column_text][\/vc_column_text][\/toggle][toggle color=&#8220;Default&#8220; title=&#8220;zus\u00e4tzliche Information&#8220;][vc_column_text]Inhalt: 200 g. Ideal zum Backen oder als Konfekt.[\/vc_column_text][vc_column_text][\/vc_column_text][\/toggle][\/toggles][\/vc_column][\/vc_row]\n","protected":false},"excerpt":{"rendered":"<p>Marzipan besteht im Wesentlichen aus zwei Zutaten: Mandeln und Zucker. Mandeln sind voll von n\u00fctzlichen Substanzen f\u00fcr Ihren K\u00f6rper, w\u00e4hrend Zucker das Gegenteil ist. Wir haben das Ungesunde entfernt und stattdessen etwas hinzugef\u00fcgt, das gut f\u00fcr den K\u00f6rper ist.<\/p>\n<p>&nbsp;<\/p>\n<p>Sukrin Marzipan schmeckt so gut wie das \u00fcbliche Marzipan und hat einen wunderbar guten N\u00e4hrwert. Mit 28 % Ballaststoffen und nur 8 % Kohlenhydraten ist es eine gute Nachricht f\u00fcr alle gesundheitsbewussten Marzipanliebhaber.<\/p>\n<ul>\n<li>Ohne Zuckerzusatz!<\/li>\n<li>Nur nat\u00fcrlich ges\u00fc\u00dft mit Sukrin und Stevia<\/li>\n<li>86 % weniger Kohlenhydrate als in gew\u00f6hnlichem Marzipan<\/li>\n<li>Vegan<\/li>\n<\/ul>\n<p>[vc_row type=&#8220;in_container&#8220; full_screen_row_position=&#8220;middle&#8220; column_margin=&#8220;default&#8220; column_direction=&#8220;default&#8220; column_direction_tablet=&#8220;default&#8220; column_direction_phone=&#8220;default&#8220; scene_position=&#8220;center&#8220; text_color=&#8220;dark&#8220; text_align=&#8220;left&#8220; row_border_radius=&#8220;none&#8220; row_border_radius_applies=&#8220;bg&#8220; overlay_strength=&#8220;0.3&#8243; gradient_direction=&#8220;left_to_right&#8220; shape_divider_position=&#8220;bottom&#8220; bg_image_animation=&#8220;none&#8220; shape_type=&#8220;&#8220;][vc_column column_padding=&#8220;padding-1-percent&#8220; column_padding_tablet=&#8220;inherit&#8220; column_padding_phone=&#8220;inherit&#8220; column_padding_position=&#8220;all&#8220; centered_text=&#8220;true&#8220; background_color=&#8220;#f7efbf&#8220; background_color_opacity=&#8220;1&#8243; background_hover_color_opacity=&#8220;1&#8243; column_shadow=&#8220;none&#8220; column_border_radius=&#8220;none&#8220; column_link_target=&#8220;_self&#8220; gradient_direction=&#8220;left_to_right&#8220; overlay_strength=&#8220;0.3&#8243; width=&#8220;1\/2&#8243; tablet_width_inherit=&#8220;default&#8220; tablet_text_alignment=&#8220;default&#8220; phone_text_alignment=&#8220;default&#8220; column_border_width=&#8220;none&#8220; column_border_style=&#8220;solid&#8220; bg_image_animation=&#8220;none&#8220;][vc_column_text]<\/p>\n<h4>Sind Sie ein Gro\u00dfhandelsk\u00e4ufer?<\/h4>\n<p>[\/vc_column_text][\/vc_column][vc_column column_padding=&#8220;padding-1-percent&#8220; column_padding_tablet=&#8220;inherit&#8220; column_padding_phone=&#8220;inherit&#8220; column_padding_position=&#8220;all&#8220; centered_text=&#8220;true&#8220; background_color_opacity=&#8220;1&#8243; background_hover_color_opacity=&#8220;1&#8243; column_shadow=&#8220;none&#8220; column_border_radius=&#8220;none&#8220; column_link_target=&#8220;_self&#8220; gradient_direction=&#8220;left_to_right&#8220; overlay_strength=&#8220;0.3&#8243; width=&#8220;1\/2&#8243; tablet_width_inherit=&#8220;default&#8220; tablet_text_alignment=&#8220;default&#8220; phone_text_alignment=&#8220;default&#8220; column_border_width=&#8220;none&#8220; column_border_style=&#8220;solid&#8220; bg_image_animation=&#8220;none&#8220;][nectar_btn size=&#8220;small&#8220; button_style=&#8220;regular&#8220; button_color_2=&#8220;Accent-Color&#8220; icon_family=&#8220;none&#8220; text=&#8220;Ask for a unique offer!&#8220; url=&#8220;https:\/\/erythritolshop.com\/contact&#8220;][\/vc_column][\/vc_row]<\/p>\n","protected":false},"featured_media":257,"template":"","meta":[],"product_cat":[33],"product_tag":[],"class_list":{"0":"post-303","1":"product","2":"type-product","3":"status-publish","4":"has-post-thumbnail","6":"product_cat-sukrin-de","8":"first","9":"outofstock","10":"taxable","11":"shipping-taxable","12":"purchasable","13":"product-type-simple"},"yoast_head":"<!-- This site is optimized with the Yoast SEO plugin v24.0 - https:\/\/yoast.com\/wordpress\/plugins\/seo\/ -->\n<title>Sukrin Marzipan - 200 g - Erythritol Shop<\/title>\n<meta name=\"description\" content=\"Marzipan besteht im Wesentlichen aus zwei Zutaten: Mandeln und Zucker. Mandeln sind voll von n\u00fctzlichen Substanzen f\u00fcr Ihren K\u00f6rper\" \/>\n<meta name=\"robots\" content=\"index, follow, max-snippet:-1, max-image-preview:large, max-video-preview:-1\" \/>\n<link rel=\"canonical\" href=\"https:\/\/erythritolshop.com\/de\/produkt\/sukrin-marzipan-200-g\/\" \/>\n<meta property=\"og:locale\" content=\"de_DE\" \/>\n<meta property=\"og:type\" content=\"article\" \/>\n<meta property=\"og:title\" content=\"Sukrin Marzipan - 200 g - Erythritol Shop\" \/>\n<meta property=\"og:description\" content=\"Marzipan besteht im Wesentlichen aus zwei Zutaten: Mandeln und Zucker. Mandeln sind voll von n\u00fctzlichen Substanzen f\u00fcr Ihren K\u00f6rper\" \/>\n<meta property=\"og:url\" content=\"https:\/\/erythritolshop.com\/de\/produkt\/sukrin-marzipan-200-g\/\" \/>\n<meta property=\"og:site_name\" content=\"Erythritol Shop\" \/>\n<meta property=\"article:modified_time\" content=\"2021-01-26T14:09:41+00:00\" \/>\n<meta property=\"og:image\" content=\"https:\/\/erythritolshop.com\/wp-content\/uploads\/2020\/11\/7090017541712-Sukrin-Marcipan-200g.jpg\" \/>\n\t<meta property=\"og:image:width\" content=\"637\" \/>\n\t<meta property=\"og:image:height\" content=\"803\" \/>\n\t<meta property=\"og:image:type\" content=\"image\/jpeg\" \/>\n<meta name=\"twitter:card\" content=\"summary_large_image\" \/>\n<meta name=\"twitter:label1\" content=\"Gesch\u00e4tzte Lesezeit\" \/>\n\t<meta name=\"twitter:data1\" content=\"1\u00a0Minute\" \/>\n<script type=\"application\/ld+json\" class=\"yoast-schema-graph\">{\"@context\":\"https:\/\/schema.org\",\"@graph\":[{\"@type\":\"WebPage\",\"@id\":\"https:\/\/erythritolshop.com\/de\/produkt\/sukrin-marzipan-200-g\/\",\"url\":\"https:\/\/erythritolshop.com\/de\/produkt\/sukrin-marzipan-200-g\/\",\"name\":\"Sukrin Marzipan - 200 g - Erythritol Shop\",\"isPartOf\":{\"@id\":\"https:\/\/erythritolshop.com\/de\/#website\"},\"primaryImageOfPage\":{\"@id\":\"https:\/\/erythritolshop.com\/de\/produkt\/sukrin-marzipan-200-g\/#primaryimage\"},\"image\":{\"@id\":\"https:\/\/erythritolshop.com\/de\/produkt\/sukrin-marzipan-200-g\/#primaryimage\"},\"thumbnailUrl\":\"https:\/\/erythritolshop.com\/wp-content\/uploads\/2020\/11\/7090017541712-Sukrin-Marcipan-200g.jpg\",\"datePublished\":\"2020-11-16T12:19:05+00:00\",\"dateModified\":\"2021-01-26T14:09:41+00:00\",\"description\":\"Marzipan besteht im Wesentlichen aus zwei Zutaten: Mandeln und Zucker. Mandeln sind voll von n\u00fctzlichen Substanzen f\u00fcr Ihren K\u00f6rper\",\"breadcrumb\":{\"@id\":\"https:\/\/erythritolshop.com\/de\/produkt\/sukrin-marzipan-200-g\/#breadcrumb\"},\"inLanguage\":\"de\",\"potentialAction\":[{\"@type\":\"ReadAction\",\"target\":[\"https:\/\/erythritolshop.com\/de\/produkt\/sukrin-marzipan-200-g\/\"]}]},{\"@type\":\"ImageObject\",\"inLanguage\":\"de\",\"@id\":\"https:\/\/erythritolshop.com\/de\/produkt\/sukrin-marzipan-200-g\/#primaryimage\",\"url\":\"https:\/\/erythritolshop.com\/wp-content\/uploads\/2020\/11\/7090017541712-Sukrin-Marcipan-200g.jpg\",\"contentUrl\":\"https:\/\/erythritolshop.com\/wp-content\/uploads\/2020\/11\/7090017541712-Sukrin-Marcipan-200g.jpg\",\"width\":637,\"height\":803,\"caption\":\"sukrin, marzipan, sukrin marzipan, Erythrit, Erythrit-Laden,\"},{\"@type\":\"BreadcrumbList\",\"@id\":\"https:\/\/erythritolshop.com\/de\/produkt\/sukrin-marzipan-200-g\/#breadcrumb\",\"itemListElement\":[{\"@type\":\"ListItem\",\"position\":1,\"name\":\"Home\",\"item\":\"https:\/\/erythritolshop.com\/de\/\"},{\"@type\":\"ListItem\",\"position\":2,\"name\":\"Shop\",\"item\":\"https:\/\/erythritolshop.com\/de\/shop-2\/\"},{\"@type\":\"ListItem\",\"position\":3,\"name\":\"Sukrin Marzipan &#8211; 200 g\"}]},{\"@type\":\"WebSite\",\"@id\":\"https:\/\/erythritolshop.com\/de\/#website\",\"url\":\"https:\/\/erythritolshop.com\/de\/\",\"name\":\"Erythritol Shop\",\"description\":\"A unique novelty in the world. Shaped ERYTHRITOL.\",\"potentialAction\":[{\"@type\":\"SearchAction\",\"target\":{\"@type\":\"EntryPoint\",\"urlTemplate\":\"https:\/\/erythritolshop.com\/de\/?s={search_term_string}\"},\"query-input\":{\"@type\":\"PropertyValueSpecification\",\"valueRequired\":true,\"valueName\":\"search_term_string\"}}],\"inLanguage\":\"de\"}]}<\/script>\n<!-- \/ Yoast SEO plugin. -->","yoast_head_json":{"title":"Sukrin Marzipan - 200 g - Erythritol Shop","description":"Marzipan besteht im Wesentlichen aus zwei Zutaten: Mandeln und Zucker. Mandeln sind voll von n\u00fctzlichen Substanzen f\u00fcr Ihren K\u00f6rper","robots":{"index":"index","follow":"follow","max-snippet":"max-snippet:-1","max-image-preview":"max-image-preview:large","max-video-preview":"max-video-preview:-1"},"canonical":"https:\/\/erythritolshop.com\/de\/produkt\/sukrin-marzipan-200-g\/","og_locale":"de_DE","og_type":"article","og_title":"Sukrin Marzipan - 200 g - Erythritol Shop","og_description":"Marzipan besteht im Wesentlichen aus zwei Zutaten: Mandeln und Zucker. Mandeln sind voll von n\u00fctzlichen Substanzen f\u00fcr Ihren K\u00f6rper","og_url":"https:\/\/erythritolshop.com\/de\/produkt\/sukrin-marzipan-200-g\/","og_site_name":"Erythritol Shop","article_modified_time":"2021-01-26T14:09:41+00:00","og_image":[{"width":637,"height":803,"url":"https:\/\/erythritolshop.com\/wp-content\/uploads\/2020\/11\/7090017541712-Sukrin-Marcipan-200g.jpg","type":"image\/jpeg"}],"twitter_card":"summary_large_image","twitter_misc":{"Gesch\u00e4tzte Lesezeit":"1\u00a0Minute"},"schema":{"@context":"https:\/\/schema.org","@graph":[{"@type":"WebPage","@id":"https:\/\/erythritolshop.com\/de\/produkt\/sukrin-marzipan-200-g\/","url":"https:\/\/erythritolshop.com\/de\/produkt\/sukrin-marzipan-200-g\/","name":"Sukrin Marzipan - 200 g - Erythritol Shop","isPartOf":{"@id":"https:\/\/erythritolshop.com\/de\/#website"},"primaryImageOfPage":{"@id":"https:\/\/erythritolshop.com\/de\/produkt\/sukrin-marzipan-200-g\/#primaryimage"},"image":{"@id":"https:\/\/erythritolshop.com\/de\/produkt\/sukrin-marzipan-200-g\/#primaryimage"},"thumbnailUrl":"https:\/\/erythritolshop.com\/wp-content\/uploads\/2020\/11\/7090017541712-Sukrin-Marcipan-200g.jpg","datePublished":"2020-11-16T12:19:05+00:00","dateModified":"2021-01-26T14:09:41+00:00","description":"Marzipan besteht im Wesentlichen aus zwei Zutaten: Mandeln und Zucker. Mandeln sind voll von n\u00fctzlichen Substanzen f\u00fcr Ihren K\u00f6rper","breadcrumb":{"@id":"https:\/\/erythritolshop.com\/de\/produkt\/sukrin-marzipan-200-g\/#breadcrumb"},"inLanguage":"de","potentialAction":[{"@type":"ReadAction","target":["https:\/\/erythritolshop.com\/de\/produkt\/sukrin-marzipan-200-g\/"]}]},{"@type":"ImageObject","inLanguage":"de","@id":"https:\/\/erythritolshop.com\/de\/produkt\/sukrin-marzipan-200-g\/#primaryimage","url":"https:\/\/erythritolshop.com\/wp-content\/uploads\/2020\/11\/7090017541712-Sukrin-Marcipan-200g.jpg","contentUrl":"https:\/\/erythritolshop.com\/wp-content\/uploads\/2020\/11\/7090017541712-Sukrin-Marcipan-200g.jpg","width":637,"height":803,"caption":"sukrin, marzipan, sukrin marzipan, Erythrit, Erythrit-Laden,"},{"@type":"BreadcrumbList","@id":"https:\/\/erythritolshop.com\/de\/produkt\/sukrin-marzipan-200-g\/#breadcrumb","itemListElement":[{"@type":"ListItem","position":1,"name":"Home","item":"https:\/\/erythritolshop.com\/de\/"},{"@type":"ListItem","position":2,"name":"Shop","item":"https:\/\/erythritolshop.com\/de\/shop-2\/"},{"@type":"ListItem","position":3,"name":"Sukrin Marzipan &#8211; 200 g"}]},{"@type":"WebSite","@id":"https:\/\/erythritolshop.com\/de\/#website","url":"https:\/\/erythritolshop.com\/de\/","name":"Erythritol Shop","description":"A unique novelty in the world. Shaped ERYTHRITOL.","potentialAction":[{"@type":"SearchAction","target":{"@type":"EntryPoint","urlTemplate":"https:\/\/erythritolshop.com\/de\/?s={search_term_string}"},"query-input":{"@type":"PropertyValueSpecification","valueRequired":true,"valueName":"search_term_string"}}],"inLanguage":"de"}]}},"_links":{"self":[{"href":"https:\/\/erythritolshop.com\/de\/wp-json\/wp\/v2\/product\/303","targetHints":{"allow":["GET"]}}],"collection":[{"href":"https:\/\/erythritolshop.com\/de\/wp-json\/wp\/v2\/product"}],"about":[{"href":"https:\/\/erythritolshop.com\/de\/wp-json\/wp\/v2\/types\/product"}],"wp:featuredmedia":[{"embeddable":true,"href":"https:\/\/erythritolshop.com\/de\/wp-json\/wp\/v2\/media\/257"}],"wp:attachment":[{"href":"https:\/\/erythritolshop.com\/de\/wp-json\/wp\/v2\/media?parent=303"}],"wp:term":[{"taxonomy":"product_cat","embeddable":true,"href":"https:\/\/erythritolshop.com\/de\/wp-json\/wp\/v2\/product_cat?post=303"},{"taxonomy":"product_tag","embeddable":true,"href":"https:\/\/erythritolshop.com\/de\/wp-json\/wp\/v2\/product_tag?post=303"}],"curies":[{"name":"wp","href":"https:\/\/api.w.org\/{rel}","templated":true}]}}