{"id":307,"date":"2020-11-04T12:17:30","date_gmt":"2020-11-04T12:17:30","guid":{"rendered":"https:\/\/erythritolshop.com\/product\/biosusse-bio-puderzucker-erythrit\/"},"modified":"2021-01-26T14:40:07","modified_gmt":"2021-01-26T14:40:07","slug":"biosusse-bio-puderzucker-alternative","status":"publish","type":"product","link":"https:\/\/erythritolshop.com\/de\/produkt\/biosusse-bio-puderzucker-alternative\/","title":{"rendered":"Bios\u00fc\u00dfe Puderzucker Alternative"},"content":{"rendered":"[vc_row type=&#8220;in_container&#8220; full_screen_row_position=&#8220;middle&#8220; column_margin=&#8220;default&#8220; column_direction=&#8220;default&#8220; column_direction_tablet=&#8220;default&#8220; column_direction_phone=&#8220;default&#8220; scene_position=&#8220;center&#8220; text_color=&#8220;dark&#8220; text_align=&#8220;left&#8220; row_border_radius=&#8220;none&#8220; row_border_radius_applies=&#8220;bg&#8220; overlay_strength=&#8220;0.3&#8243; gradient_direction=&#8220;left_to_right&#8220; shape_divider_position=&#8220;bottom&#8220; bg_image_animation=&#8220;none&#8220;][vc_column column_padding=&#8220;no-extra-padding&#8220; column_padding_tablet=&#8220;inherit&#8220; column_padding_phone=&#8220;inherit&#8220; column_padding_position=&#8220;all&#8220; background_color_opacity=&#8220;1&#8243; background_hover_color_opacity=&#8220;1&#8243; column_shadow=&#8220;none&#8220; column_border_radius=&#8220;none&#8220; column_link_target=&#8220;_self&#8220; gradient_direction=&#8220;left_to_right&#8220; overlay_strength=&#8220;0.3&#8243; width=&#8220;1\/1&#8243; tablet_width_inherit=&#8220;default&#8220; tablet_text_alignment=&#8220;default&#8220; phone_text_alignment=&#8220;default&#8220; column_border_width=&#8220;none&#8220; column_border_style=&#8220;solid&#8220; bg_image_animation=&#8220;none&#8220;][toggles style=&#8220;minimal&#8220;][toggle color=&#8220;Default&#8220; title=&#8220;Die kalorienfreie Alternative! Wie Puderzucker, biologisch, vegan, null Kalorien.&#8220;][vc_column_text]\n<table width=\"397\">\n<tbody>\n<tr>\n<td>N\u00e4hrwerte<\/td>\n<td>je 100 g<\/td>\n<\/tr>\n<tr>\n<td>Brennwert<\/td>\n<td>0 kJ \/ 0 kcal<\/td>\n<\/tr>\n<tr>\n<td>Fett<\/td>\n<td>0 g<\/td>\n<\/tr>\n<tr>\n<td>&#8211; davon ges\u00e4ttigte Fetts\u00e4uren<\/td>\n<td>0 g<\/td>\n<\/tr>\n<tr>\n<td>Kohlenhydrate<\/td>\n<td>0\u00a0g<\/td>\n<\/tr>\n<tr>\n<td>&#8211;\u00a0davon Zucker<\/td>\n<td>0 g<\/td>\n<\/tr>\n<tr>\n<td>Eiwei\u00df<\/td>\n<td>0 g<\/td>\n<\/tr>\n<tr>\n<td>Salz<\/td>\n<td>0 g<\/td>\n<\/tr>\n<tr>\n<td><\/td>\n<td><\/td>\n<\/tr>\n<tr>\n<td><\/td>\n<td><\/td>\n<\/tr>\n<\/tbody>\n<\/table>\n[\/vc_column_text][\/toggle][toggle color=&#8220;Default&#8220; title=&#8220;Bios\u00fc\u00dfe ist Europas erste kalorienfreie Zuckeralternative in zertifizierter BIO-Qualit\u00e4t&#8220;][vc_column_text]Puderzucker Alternative. Mit gutem Gewissen S\u00fc\u00dfes genie\u00dfen: Bios\u00fc\u00dfe ist Europas erste kalorienfreie Puderzucker Alternative in zertifizierter BIO-Qualit\u00e4t. Hergestellt mit nat\u00fcrlicher Fermentation aus biologisch angebautem Mais. Ohne <a href=\"https:\/\/erythritolshop.com\/\">Zucker<\/a>, chemisch synthetisierte S\u00fc\u00dfstoffe, Aromen oder Rieselhilfen. Kontrolliert und zertifiziert von Deutschen BIO-Instituten. Bios\u00fc\u00dfe ist ideal f\u00fcr alle, die sich kalorienbewusst ern\u00e4hren wollen. Sie ist f\u00fcr Veganer und Diabetiker geeignet. Nat\u00fcrliche S\u00fc\u00dfkraft ohne Gluten, Fructose und Lactose.<\/p>\n<p>&nbsp;<\/p>\n<p>Puderzucker Alternative, Bio-Erythrit wirkt auf die Zahnmineralisierung wie Xylit (Birkenzucker), ohne dessen Kalorien. Es ist weltweit seit 25 Jahren in Verwendung und kommt in der Natur z.B. in reifen Fr\u00fcchten vor. Nat\u00fcrlicher Genuss ohne Reue![\/vc_column_text][vc_column_text][\/vc_column_text][\/toggle][toggle color=&#8220;Default&#8220; title=&#8220;Inhalt, Zutaten&#8220;][vc_column_text]\n<div class=\"wpb_text_column wpb_content_element \">\n<div class=\"wpb_wrapper\">\n<p>Inhalt: 90 g\u00a0Tafels\u00fc\u00dfe auf der Grundlage von Erythrit, aus kontrolliert\u00a0biologischem Anbau in der praktischen Streudose.<\/p>\n<p>Zutaten: S\u00fc\u00dfungsmittel: Erythrit, aus kontrolliert\u00a0biologischem Anbau<\/p>\n<\/div>\n<\/div>\n[\/vc_column_text][vc_column_text][\/vc_column_text][\/toggle][toggle color=&#8220;Default&#8220; title=&#8220;\u00dcber Bios\u00fc\u00dfe&#8220;][vc_column_text]\n<h3>Was macht Bios\u00fc\u00dfe so einzigartig?<\/h3>\n<p><a href=\"https:\/\/humanna.eu\/\">Bios\u00fc\u00dfe<\/a> erm\u00f6glicht Ihnen, S\u00fc\u00dfes ohne Reue zu genie\u00dfen. Bisher gab es zu Zucker wenig Alternativen: K\u00fcnstliche S\u00fc\u00dfstoffe stehen immer wieder im Verdacht, der Gesundheit zu schaden. Nat\u00fcrliche Alternativen wie Stevia entt\u00e4uschen geschmacklich oder sind so \u00fcbertrieben s\u00fc\u00df, dass sie sich nicht zum Backen eignen. Birkenzucker oder Xylit helfen zwar, Kalorien zu sparen und sind zahnfreundlich, aber sind nicht wirklich frei von Kalorien und Kohlenhydraten und belasten h\u00e4ufig das Verdauungssystem. Erythrit, der Grundstoff in Bios\u00fc\u00dfe, \u00fcberzeugt durch gute Vertr\u00e4glichkeit, angenehme S\u00fc\u00dfe und absolute Kalorienfreiheit. Und ist jetzt, als erstes Produkt in Europa, in bester Bioqualit\u00e4t erh\u00e4ltlich. Kontrolliert und zertifiziert vom deutschen Institut CERES.<\/p>\n<h3>F\u00fcr wen ist Bios\u00fc\u00dfe die richtige Wahl?<\/h3>\n<p>Bios\u00fc\u00dfe ist ideal f\u00fcr jeden, der sich gesund und ausgewogen ern\u00e4hren m\u00f6chte. Kindern schmeckt Bios\u00fc\u00dfe in der Regel gut. Es sch\u00fctzt nicht nur die\u00a0Milchz\u00e4hne vor Karies, sondern bewahrt Ihre Kleinen und den Rest der Familie vor \u00fcberm\u00e4\u00dfigem Zuckerkonsum.\u00a0Bios\u00fc\u00dfe hilft dabei, Kalorien zu sparen und eignet sich, da es kohlenhydratfrei ist, sehr gut\u00a0im Rahmen besonderer Ern\u00e4hrungsformen wie der Ketogenen Di\u00e4t, Paleo, Low Carb oder Di\u00e4ten nach Atkins<strong>\u2122<\/strong> und Dukan<strong>\u2122<\/strong>.\u00a0Bios\u00fc\u00dfe hat keinen Einfluss auf den\u00a0Blutzuckerspiegel, wovon besonders Diabetiker profitieren. Sie wird nicht \u00fcber Fructose verstoffwechselt und ist lactose- und glutenfrei, so dass Menschen mit Fructose- und Lactoseintoleranz oder Z\u00f6liakie gerne zu Bios\u00fc\u00dfe greifen. Auch bei Candidose muss man dank Bios\u00fc\u00dfe nicht auf S\u00fc\u00dfes verzichten: Im Unterschied zu Zucker n\u00e4hrt sie den unerw\u00fcnschten Pilz nicht.<\/p>\n<h3>Kann ich mit Bios\u00fc\u00dfe auch Kochen und Backen?<\/h3>\n<p>Bios\u00fc\u00dfe ist hitzestabil und hat ein \u00e4hnliches Volumen wie Zucker. Daher k\u00f6nnen Sie nahezu jedes Ihrer Lieblingsrezepte mit Bios\u00fc\u00dfe ges\u00fcnder gestalten. Es gibt aber ein paar Tipps und Tricks, die Sie dabei unbedingt beachten sollten. Nat\u00fcrlich haben wir f\u00fcr Sie auch einige Rezepte zusammengestellt. Und wer den Kochl\u00f6ffel gar nicht schwingt? Der kann seinen Tee oder Kaffee mit Bios\u00fc\u00dfe s\u00fc\u00dfen, erfrischende Limonade mixen und seinen Joghurt oder sein M\u00fcsli damit verfeinern. Bios\u00fc\u00dfe ist so oder so eine echte Bereicherung f\u00fcr Ihren Speiseplan.[\/vc_column_text][\/toggle][\/toggles][\/vc_column][\/vc_row]\n","protected":false},"excerpt":{"rendered":"<p>Puderzucker Alternative. Mit gutem Gewissen S\u00fc\u00dfes genie\u00dfen: Bios\u00fc\u00dfe ist Europas erste kalorienfreie Zuckeralternative in zertifizierter BIO-Qualit\u00e4t. Hergestellt mit nat\u00fcrlicher Fermentation aus biologisch angebautem Mais. Ohne Zucker, chemisch synthetisierte S\u00fc\u00dfstoffe, Aromen oder Rieselhilfen. Kontrolliert und zertifiziert von Deutschen BIO-Instituten. Bios\u00fc\u00dfe ist ideal f\u00fcr alle, die sich kalorienbewusst ern\u00e4hren wollen. Sie ist f\u00fcr Veganer und Diabetiker geeignet. Nat\u00fcrliche S\u00fc\u00dfkraft ohne Gluten, Fructose und Lactose.<\/p>\n<ul>\n<li><strong>nat\u00fcrlicher Geschmack<\/strong><\/li>\n<li><strong>keine Kalorien<br \/>\n<\/strong><\/li>\n<li><strong>keine Kohlenhydrate<\/strong><\/li>\n<li><strong>Glyk\u00e4mischer Index = 0<\/strong><\/li>\n<\/ul>\n<p>Bio-Erythrit wirkt auf die Zahnmineralisierung wie Xylit (Birkenzucker), ohne dessen Kalorien. Es ist weltweit seit 25 Jahren in Verwendung und kommt in der Natur z.B. in reifen Fr\u00fcchten vor. Nat\u00fcrlicher Genuss ohne Reue!<\/p>\n<p>[vc_row type=&#8220;in_container&#8220; full_screen_row_position=&#8220;middle&#8220; column_margin=&#8220;default&#8220; column_direction=&#8220;default&#8220; column_direction_tablet=&#8220;default&#8220; column_direction_phone=&#8220;default&#8220; scene_position=&#8220;center&#8220; text_color=&#8220;dark&#8220; text_align=&#8220;left&#8220; row_border_radius=&#8220;none&#8220; row_border_radius_applies=&#8220;bg&#8220; overlay_strength=&#8220;0.3&#8243; gradient_direction=&#8220;left_to_right&#8220; shape_divider_position=&#8220;bottom&#8220; bg_image_animation=&#8220;none&#8220; shape_type=&#8220;&#8220;][vc_column column_padding=&#8220;padding-1-percent&#8220; column_padding_tablet=&#8220;inherit&#8220; column_padding_phone=&#8220;inherit&#8220; column_padding_position=&#8220;all&#8220; centered_text=&#8220;true&#8220; background_color=&#8220;#f7efbf&#8220; background_color_opacity=&#8220;1&#8243; background_hover_color_opacity=&#8220;1&#8243; column_shadow=&#8220;none&#8220; column_border_radius=&#8220;none&#8220; column_link_target=&#8220;_self&#8220; gradient_direction=&#8220;left_to_right&#8220; overlay_strength=&#8220;0.3&#8243; width=&#8220;1\/2&#8243; tablet_width_inherit=&#8220;default&#8220; tablet_text_alignment=&#8220;default&#8220; phone_text_alignment=&#8220;default&#8220; column_border_width=&#8220;none&#8220; column_border_style=&#8220;solid&#8220; bg_image_animation=&#8220;none&#8220;][vc_column_text]<\/p>\n<h4>Sind Sie ein Gro\u00dfhandelsk\u00e4ufer?<\/h4>\n<p>[\/vc_column_text][\/vc_column][vc_column column_padding=&#8220;padding-1-percent&#8220; column_padding_tablet=&#8220;inherit&#8220; column_padding_phone=&#8220;inherit&#8220; column_padding_position=&#8220;all&#8220; centered_text=&#8220;true&#8220; background_color_opacity=&#8220;1&#8243; background_hover_color_opacity=&#8220;1&#8243; column_shadow=&#8220;none&#8220; column_border_radius=&#8220;none&#8220; column_link_target=&#8220;_self&#8220; gradient_direction=&#8220;left_to_right&#8220; overlay_strength=&#8220;0.3&#8243; width=&#8220;1\/2&#8243; tablet_width_inherit=&#8220;default&#8220; tablet_text_alignment=&#8220;default&#8220; phone_text_alignment=&#8220;default&#8220; column_border_width=&#8220;none&#8220; column_border_style=&#8220;solid&#8220; bg_image_animation=&#8220;none&#8220;][nectar_btn size=&#8220;small&#8220; button_style=&#8220;regular&#8220; button_color_2=&#8220;Accent-Color&#8220; icon_family=&#8220;none&#8220; text=&#8220;Ask for a unique offer!&#8220; url=&#8220;https:\/\/erythritolshop.com\/contact&#8220;][\/vc_column][\/vc_row]<\/p>\n","protected":false},"featured_media":244,"template":"","meta":[],"product_cat":[34],"product_tag":[],"class_list":{"0":"post-307","1":"product","2":"type-product","3":"status-publish","4":"has-post-thumbnail","6":"product_cat-biosusse-de","8":"first","9":"outofstock","10":"taxable","11":"shipping-taxable","12":"purchasable","13":"product-type-variable"},"yoast_head":"<!-- This site is optimized with the Yoast SEO plugin v24.0 - https:\/\/yoast.com\/wordpress\/plugins\/seo\/ -->\n<title>Bios\u00fc\u00dfe Puderzucker Alternative - Erythritol Shop<\/title>\n<meta name=\"description\" content=\"Puderzucker Alternative. Mit gutem Gewissen S\u00fc\u00dfes genie\u00dfen: Bios\u00fc\u00dfe ist Europas erste kalorienfreie Zuckeralternative in zertifizierter BIO\" \/>\n<meta name=\"robots\" content=\"index, follow, max-snippet:-1, max-image-preview:large, max-video-preview:-1\" \/>\n<link rel=\"canonical\" href=\"https:\/\/erythritolshop.com\/de\/produkt\/biosusse-bio-puderzucker-alternative\/\" \/>\n<meta property=\"og:locale\" content=\"de_DE\" \/>\n<meta property=\"og:type\" content=\"article\" \/>\n<meta property=\"og:title\" content=\"Bios\u00fc\u00dfe Puderzucker Alternative - Erythritol Shop\" \/>\n<meta property=\"og:description\" content=\"Puderzucker Alternative. Mit gutem Gewissen S\u00fc\u00dfes genie\u00dfen: Bios\u00fc\u00dfe ist Europas erste kalorienfreie Zuckeralternative in zertifizierter BIO\" \/>\n<meta property=\"og:url\" content=\"https:\/\/erythritolshop.com\/de\/produkt\/biosusse-bio-puderzucker-alternative\/\" \/>\n<meta property=\"og:site_name\" content=\"Erythritol Shop\" \/>\n<meta property=\"article:modified_time\" content=\"2021-01-26T14:40:07+00:00\" \/>\n<meta property=\"og:image\" content=\"https:\/\/erythritolshop.com\/wp-content\/uploads\/2020\/11\/9120071080167-Biosusse-Bio-porcukor-alternativa-90g.jpg\" \/>\n\t<meta property=\"og:image:width\" content=\"600\" \/>\n\t<meta property=\"og:image:height\" content=\"800\" \/>\n\t<meta property=\"og:image:type\" content=\"image\/jpeg\" \/>\n<meta name=\"twitter:card\" content=\"summary_large_image\" \/>\n<meta name=\"twitter:label1\" content=\"Gesch\u00e4tzte Lesezeit\" \/>\n\t<meta name=\"twitter:data1\" content=\"3\u00a0Minuten\" \/>\n<script type=\"application\/ld+json\" class=\"yoast-schema-graph\">{\"@context\":\"https:\/\/schema.org\",\"@graph\":[{\"@type\":\"WebPage\",\"@id\":\"https:\/\/erythritolshop.com\/de\/produkt\/biosusse-bio-puderzucker-alternative\/\",\"url\":\"https:\/\/erythritolshop.com\/de\/produkt\/biosusse-bio-puderzucker-alternative\/\",\"name\":\"Bios\u00fc\u00dfe Puderzucker Alternative - Erythritol Shop\",\"isPartOf\":{\"@id\":\"https:\/\/erythritolshop.com\/de\/#website\"},\"primaryImageOfPage\":{\"@id\":\"https:\/\/erythritolshop.com\/de\/produkt\/biosusse-bio-puderzucker-alternative\/#primaryimage\"},\"image\":{\"@id\":\"https:\/\/erythritolshop.com\/de\/produkt\/biosusse-bio-puderzucker-alternative\/#primaryimage\"},\"thumbnailUrl\":\"https:\/\/erythritolshop.com\/wp-content\/uploads\/2020\/11\/9120071080167-Biosusse-Bio-porcukor-alternativa-90g.jpg\",\"datePublished\":\"2020-11-04T12:17:30+00:00\",\"dateModified\":\"2021-01-26T14:40:07+00:00\",\"description\":\"Puderzucker Alternative. Mit gutem Gewissen S\u00fc\u00dfes genie\u00dfen: Bios\u00fc\u00dfe ist Europas erste kalorienfreie Zuckeralternative in zertifizierter BIO\",\"breadcrumb\":{\"@id\":\"https:\/\/erythritolshop.com\/de\/produkt\/biosusse-bio-puderzucker-alternative\/#breadcrumb\"},\"inLanguage\":\"de\",\"potentialAction\":[{\"@type\":\"ReadAction\",\"target\":[\"https:\/\/erythritolshop.com\/de\/produkt\/biosusse-bio-puderzucker-alternative\/\"]}]},{\"@type\":\"ImageObject\",\"inLanguage\":\"de\",\"@id\":\"https:\/\/erythritolshop.com\/de\/produkt\/biosusse-bio-puderzucker-alternative\/#primaryimage\",\"url\":\"https:\/\/erythritolshop.com\/wp-content\/uploads\/2020\/11\/9120071080167-Biosusse-Bio-porcukor-alternativa-90g.jpg\",\"contentUrl\":\"https:\/\/erythritolshop.com\/wp-content\/uploads\/2020\/11\/9120071080167-Biosusse-Bio-porcukor-alternativa-90g.jpg\",\"width\":600,\"height\":800,\"caption\":\"Puderzucker Alternative, Erythrit\"},{\"@type\":\"BreadcrumbList\",\"@id\":\"https:\/\/erythritolshop.com\/de\/produkt\/biosusse-bio-puderzucker-alternative\/#breadcrumb\",\"itemListElement\":[{\"@type\":\"ListItem\",\"position\":1,\"name\":\"Home\",\"item\":\"https:\/\/erythritolshop.com\/de\/\"},{\"@type\":\"ListItem\",\"position\":2,\"name\":\"Shop\",\"item\":\"https:\/\/erythritolshop.com\/de\/shop-2\/\"},{\"@type\":\"ListItem\",\"position\":3,\"name\":\"Bios\u00fc\u00dfe Puderzucker Alternative\"}]},{\"@type\":\"WebSite\",\"@id\":\"https:\/\/erythritolshop.com\/de\/#website\",\"url\":\"https:\/\/erythritolshop.com\/de\/\",\"name\":\"Erythritol Shop\",\"description\":\"A unique novelty in the world. Shaped ERYTHRITOL.\",\"potentialAction\":[{\"@type\":\"SearchAction\",\"target\":{\"@type\":\"EntryPoint\",\"urlTemplate\":\"https:\/\/erythritolshop.com\/de\/?s={search_term_string}\"},\"query-input\":{\"@type\":\"PropertyValueSpecification\",\"valueRequired\":true,\"valueName\":\"search_term_string\"}}],\"inLanguage\":\"de\"}]}<\/script>\n<!-- \/ Yoast SEO plugin. -->","yoast_head_json":{"title":"Bios\u00fc\u00dfe Puderzucker Alternative - Erythritol Shop","description":"Puderzucker Alternative. Mit gutem Gewissen S\u00fc\u00dfes genie\u00dfen: Bios\u00fc\u00dfe ist Europas erste kalorienfreie Zuckeralternative in zertifizierter BIO","robots":{"index":"index","follow":"follow","max-snippet":"max-snippet:-1","max-image-preview":"max-image-preview:large","max-video-preview":"max-video-preview:-1"},"canonical":"https:\/\/erythritolshop.com\/de\/produkt\/biosusse-bio-puderzucker-alternative\/","og_locale":"de_DE","og_type":"article","og_title":"Bios\u00fc\u00dfe Puderzucker Alternative - Erythritol Shop","og_description":"Puderzucker Alternative. Mit gutem Gewissen S\u00fc\u00dfes genie\u00dfen: Bios\u00fc\u00dfe ist Europas erste kalorienfreie Zuckeralternative in zertifizierter BIO","og_url":"https:\/\/erythritolshop.com\/de\/produkt\/biosusse-bio-puderzucker-alternative\/","og_site_name":"Erythritol Shop","article_modified_time":"2021-01-26T14:40:07+00:00","og_image":[{"width":600,"height":800,"url":"https:\/\/erythritolshop.com\/wp-content\/uploads\/2020\/11\/9120071080167-Biosusse-Bio-porcukor-alternativa-90g.jpg","type":"image\/jpeg"}],"twitter_card":"summary_large_image","twitter_misc":{"Gesch\u00e4tzte Lesezeit":"3\u00a0Minuten"},"schema":{"@context":"https:\/\/schema.org","@graph":[{"@type":"WebPage","@id":"https:\/\/erythritolshop.com\/de\/produkt\/biosusse-bio-puderzucker-alternative\/","url":"https:\/\/erythritolshop.com\/de\/produkt\/biosusse-bio-puderzucker-alternative\/","name":"Bios\u00fc\u00dfe Puderzucker Alternative - Erythritol Shop","isPartOf":{"@id":"https:\/\/erythritolshop.com\/de\/#website"},"primaryImageOfPage":{"@id":"https:\/\/erythritolshop.com\/de\/produkt\/biosusse-bio-puderzucker-alternative\/#primaryimage"},"image":{"@id":"https:\/\/erythritolshop.com\/de\/produkt\/biosusse-bio-puderzucker-alternative\/#primaryimage"},"thumbnailUrl":"https:\/\/erythritolshop.com\/wp-content\/uploads\/2020\/11\/9120071080167-Biosusse-Bio-porcukor-alternativa-90g.jpg","datePublished":"2020-11-04T12:17:30+00:00","dateModified":"2021-01-26T14:40:07+00:00","description":"Puderzucker Alternative. Mit gutem Gewissen S\u00fc\u00dfes genie\u00dfen: Bios\u00fc\u00dfe ist Europas erste kalorienfreie Zuckeralternative in zertifizierter BIO","breadcrumb":{"@id":"https:\/\/erythritolshop.com\/de\/produkt\/biosusse-bio-puderzucker-alternative\/#breadcrumb"},"inLanguage":"de","potentialAction":[{"@type":"ReadAction","target":["https:\/\/erythritolshop.com\/de\/produkt\/biosusse-bio-puderzucker-alternative\/"]}]},{"@type":"ImageObject","inLanguage":"de","@id":"https:\/\/erythritolshop.com\/de\/produkt\/biosusse-bio-puderzucker-alternative\/#primaryimage","url":"https:\/\/erythritolshop.com\/wp-content\/uploads\/2020\/11\/9120071080167-Biosusse-Bio-porcukor-alternativa-90g.jpg","contentUrl":"https:\/\/erythritolshop.com\/wp-content\/uploads\/2020\/11\/9120071080167-Biosusse-Bio-porcukor-alternativa-90g.jpg","width":600,"height":800,"caption":"Puderzucker Alternative, Erythrit"},{"@type":"BreadcrumbList","@id":"https:\/\/erythritolshop.com\/de\/produkt\/biosusse-bio-puderzucker-alternative\/#breadcrumb","itemListElement":[{"@type":"ListItem","position":1,"name":"Home","item":"https:\/\/erythritolshop.com\/de\/"},{"@type":"ListItem","position":2,"name":"Shop","item":"https:\/\/erythritolshop.com\/de\/shop-2\/"},{"@type":"ListItem","position":3,"name":"Bios\u00fc\u00dfe Puderzucker Alternative"}]},{"@type":"WebSite","@id":"https:\/\/erythritolshop.com\/de\/#website","url":"https:\/\/erythritolshop.com\/de\/","name":"Erythritol Shop","description":"A unique novelty in the world. Shaped ERYTHRITOL.","potentialAction":[{"@type":"SearchAction","target":{"@type":"EntryPoint","urlTemplate":"https:\/\/erythritolshop.com\/de\/?s={search_term_string}"},"query-input":{"@type":"PropertyValueSpecification","valueRequired":true,"valueName":"search_term_string"}}],"inLanguage":"de"}]}},"_links":{"self":[{"href":"https:\/\/erythritolshop.com\/de\/wp-json\/wp\/v2\/product\/307","targetHints":{"allow":["GET"]}}],"collection":[{"href":"https:\/\/erythritolshop.com\/de\/wp-json\/wp\/v2\/product"}],"about":[{"href":"https:\/\/erythritolshop.com\/de\/wp-json\/wp\/v2\/types\/product"}],"wp:featuredmedia":[{"embeddable":true,"href":"https:\/\/erythritolshop.com\/de\/wp-json\/wp\/v2\/media\/244"}],"wp:attachment":[{"href":"https:\/\/erythritolshop.com\/de\/wp-json\/wp\/v2\/media?parent=307"}],"wp:term":[{"taxonomy":"product_cat","embeddable":true,"href":"https:\/\/erythritolshop.com\/de\/wp-json\/wp\/v2\/product_cat?post=307"},{"taxonomy":"product_tag","embeddable":true,"href":"https:\/\/erythritolshop.com\/de\/wp-json\/wp\/v2\/product_tag?post=307"}],"curies":[{"name":"wp","href":"https:\/\/api.w.org\/{rel}","templated":true}]}}