{"id":314,"date":"2020-11-04T11:56:44","date_gmt":"2020-11-04T11:56:44","guid":{"rendered":"https:\/\/erythritolshop.com\/product\/biosusse-bio-waldfrucht-marmelade\/"},"modified":"2021-01-26T15:35:56","modified_gmt":"2021-01-26T15:35:56","slug":"biosusse-bio-waldfrucht-marmelade","status":"publish","type":"product","link":"https:\/\/erythritolshop.com\/de\/produkt\/biosusse-bio-waldfrucht-marmelade\/","title":{"rendered":"Bios\u00fcsse Bio Waldfrucht Marmelade"},"content":{"rendered":"[vc_row type=&#8220;in_container&#8220; full_screen_row_position=&#8220;middle&#8220; column_margin=&#8220;default&#8220; column_direction=&#8220;default&#8220; column_direction_tablet=&#8220;default&#8220; column_direction_phone=&#8220;default&#8220; scene_position=&#8220;center&#8220; text_color=&#8220;dark&#8220; text_align=&#8220;left&#8220; row_border_radius=&#8220;none&#8220; row_border_radius_applies=&#8220;bg&#8220; overlay_strength=&#8220;0.3&#8243; gradient_direction=&#8220;left_to_right&#8220; shape_divider_position=&#8220;bottom&#8220; bg_image_animation=&#8220;none&#8220;][vc_column column_padding=&#8220;no-extra-padding&#8220; column_padding_tablet=&#8220;inherit&#8220; column_padding_phone=&#8220;inherit&#8220; column_padding_position=&#8220;all&#8220; background_color_opacity=&#8220;1&#8243; background_hover_color_opacity=&#8220;1&#8243; column_shadow=&#8220;none&#8220; column_border_radius=&#8220;none&#8220; column_link_target=&#8220;_self&#8220; gradient_direction=&#8220;left_to_right&#8220; overlay_strength=&#8220;0.3&#8243; width=&#8220;1\/1&#8243; tablet_width_inherit=&#8220;default&#8220; tablet_text_alignment=&#8220;default&#8220; phone_text_alignment=&#8220;default&#8220; column_border_width=&#8220;none&#8220; column_border_style=&#8220;solid&#8220; bg_image_animation=&#8220;none&#8220;][toggles style=&#8220;minimal&#8220;][toggle color=&#8220;Default&#8220; title=&#8220;Durchschnittlicher N\u00e4hrwert in 100 g Waldfrucht Marmelade&#8220;][vc_column_text]\n<table width=\"397\">\n<tbody>\n<tr>\n<td>N\u00e4hrwerte Waldfrucht Marmelade<\/td>\n<td>je 100 g<\/td>\n<\/tr>\n<tr>\n<td>Brennwert<\/td>\n<td>417 kJ \/\u00a098 kcal<\/td>\n<\/tr>\n<tr>\n<td>Fett<\/td>\n<td>&lt; 0,5\u00a0g<\/td>\n<\/tr>\n<tr>\n<td>&#8211; davon ges\u00e4ttigte Fetts\u00e4uren<\/td>\n<td>&lt; 0,1\u00a0g<\/td>\n<\/tr>\n<tr>\n<td>Kohlenhydrate<\/td>\n<td>22 g<\/td>\n<\/tr>\n<tr>\n<td>\u00a0&#8211; davon Zucker<\/td>\n<td>20\u00a0g<\/td>\n<\/tr>\n<tr>\n<td>Ballaststoffe<\/td>\n<td>1,8 g<\/td>\n<\/tr>\n<tr>\n<td>Eiwei\u00df<\/td>\n<td>1,0 g<\/td>\n<\/tr>\n<tr>\n<td>Salz<\/td>\n<td>&lt; 0,01\u00a0g<\/td>\n<\/tr>\n<\/tbody>\n<\/table>\n[\/vc_column_text][\/toggle][toggle color=&#8220;Default&#8220; title=&#8220;Allergene&#8220;][vc_column_text]<strong>Bios\u00fcsse Forest Fruit Jam ist frei von:<\/strong><\/p>\n<p>Milch<br \/>\nGluten<br \/>\nEi<br \/>\nSesam<br \/>\nSoja<br \/>\nHaseln\u00fcsse<br \/>\nMandel<\/p>\n<p><strong>Bios\u00fcsse Waldfruchtmarmelade enth\u00e4lt folgende Allergene:<\/strong><\/p>\n<p>Das Produkt enth\u00e4lt keine allergenen Inhaltsstoffe![\/vc_column_text][vc_column_text][\/vc_column_text][\/toggle][toggle color=&#8220;Default&#8220; title=&#8220;Aus fabelhaften W\u00e4ldern, himmlischer Grie\u00df!&#8220;][vc_column_text]\n<ul>\n<li>ohne Zuckerzusatz &#8211; nur mit dem nat\u00fcrlichen <a href=\"https:\/\/erythritolshop.com\/\">Zucker<\/a> der Frucht<\/li>\n<li>ges\u00fc\u00dft mit kalorienfreier Bios\u00fc\u00dfe<\/li>\n<li>60 % Frucht<\/li>\n<li>vegan<\/li>\n<\/ul>\n[\/vc_column_text][vc_column_text][\/vc_column_text][\/toggle][toggle color=&#8220;Default&#8220; title=&#8220;Zutaten&#8220;][vc_column_text]\n<div>\n<div class=\"wpb_text_column wpb_content_element \">\n<div class=\"wpb_wrapper\">\n<p>60 % Frucht* (Blaubeeren, Erdbeeren, Brombeeren, rote Johannisbeeren), S\u00fc\u00dfungsmittel: Erythrit*, Geliermittel: Pektin*, Apfelsaft-Konzentrat*, S\u00e4uerungsmittel: Citronens\u00e4ure*<br \/>\n*biologisches Erzeugnis.<\/p>\n<p>&nbsp;<\/p>\n<\/div>\n<\/div>\n<\/div>\n[\/vc_column_text][vc_column_text][\/vc_column_text][\/toggle][toggle color=&#8220;Default&#8220; title=&#8220;zus\u00e4tzliche Information&#8220;][vc_column_text]Inhalt: 225 g. <a href=\"https:\/\/humanna.eu\/\">BIO<\/a> Waldfrucht marmelade mit Erythrit (Bios\u00fcsse) S\u00fc\u00dfstoff von einer kontrollierten Farm.<\/p>\n<p>Verpackung: 225 g, Glasversion.<\/p>\n<p>Lagerung: An einem k\u00fchlen, trockenen Ort aufbewahren.<\/p>\n<p>Am besten vorher: Befindet sich oben auf der Kappe.[\/vc_column_text][vc_column_text][\/vc_column_text][\/toggle][\/toggles][\/vc_column][\/vc_row]\n","protected":false},"excerpt":{"rendered":"<p><strong>Waldfrucht Marmelade &#8211; Nur das Beste aus der Natur:<\/strong><\/p>\n<p>F\u00fcr die Bios\u00fc\u00dfe Fruchtaufstriche werden nur die erlesensten Fr\u00fcchte und die nat\u00fcrliche S\u00fc\u00dfe von Bios\u00fc\u00dfe verwendet. Purer Fruchtgenuss \u2013 liebevoll eingekocht.<\/p>\n<p><strong>Waldfrucht Marmelade &#8211; kleine Beeren voller Aromen:<\/strong><br \/>\nErdbeeren, Himbeeren oder Blaubeeren &#8211; die Fr\u00fcchte, die man im Wald frisch vom Strauch pfl\u00fcckt, sind oft\u00a0 besonders geschmacksintensiv. Wer jetzt noch ein Argument zum Naschen braucht: Waldbeeren enthalten u.a. Antioxidantien und sind damit die regionale Alternative zu exotischem Superfood.<\/p>\n<p>Inhalt: 225g. BIO-Fruchtaufstrich Waldfrucht mit S\u00fc\u00dfungsmittel Erythrit aus kontrolliert biologischem Anbau.<\/p>\n<p>[vc_row type=&#8220;in_container&#8220; full_screen_row_position=&#8220;middle&#8220; column_margin=&#8220;default&#8220; column_direction=&#8220;default&#8220; column_direction_tablet=&#8220;default&#8220; column_direction_phone=&#8220;default&#8220; scene_position=&#8220;center&#8220; text_color=&#8220;dark&#8220; text_align=&#8220;left&#8220; row_border_radius=&#8220;none&#8220; row_border_radius_applies=&#8220;bg&#8220; overlay_strength=&#8220;0.3&#8243; gradient_direction=&#8220;left_to_right&#8220; shape_divider_position=&#8220;bottom&#8220; bg_image_animation=&#8220;none&#8220; shape_type=&#8220;&#8220;][vc_column column_padding=&#8220;padding-1-percent&#8220; column_padding_tablet=&#8220;inherit&#8220; column_padding_phone=&#8220;inherit&#8220; column_padding_position=&#8220;all&#8220; centered_text=&#8220;true&#8220; background_color=&#8220;#f7efbf&#8220; background_color_opacity=&#8220;1&#8243; background_hover_color_opacity=&#8220;1&#8243; column_shadow=&#8220;none&#8220; column_border_radius=&#8220;none&#8220; column_link_target=&#8220;_self&#8220; gradient_direction=&#8220;left_to_right&#8220; overlay_strength=&#8220;0.3&#8243; width=&#8220;1\/2&#8243; tablet_width_inherit=&#8220;default&#8220; tablet_text_alignment=&#8220;default&#8220; phone_text_alignment=&#8220;default&#8220; column_border_width=&#8220;none&#8220; column_border_style=&#8220;solid&#8220; bg_image_animation=&#8220;none&#8220;][vc_column_text]<\/p>\n<h4>Sind Sie ein Gro\u00dfhandelsk\u00e4ufer?<\/h4>\n<p>[\/vc_column_text][\/vc_column][vc_column column_padding=&#8220;padding-1-percent&#8220; column_padding_tablet=&#8220;inherit&#8220; column_padding_phone=&#8220;inherit&#8220; column_padding_position=&#8220;all&#8220; centered_text=&#8220;true&#8220; background_color_opacity=&#8220;1&#8243; background_hover_color_opacity=&#8220;1&#8243; column_shadow=&#8220;none&#8220; column_border_radius=&#8220;none&#8220; column_link_target=&#8220;_self&#8220; gradient_direction=&#8220;left_to_right&#8220; overlay_strength=&#8220;0.3&#8243; width=&#8220;1\/2&#8243; tablet_width_inherit=&#8220;default&#8220; tablet_text_alignment=&#8220;default&#8220; phone_text_alignment=&#8220;default&#8220; column_border_width=&#8220;none&#8220; column_border_style=&#8220;solid&#8220; bg_image_animation=&#8220;none&#8220;][nectar_btn size=&#8220;small&#8220; button_style=&#8220;regular&#8220; button_color_2=&#8220;Accent-Color&#8220; icon_family=&#8220;none&#8220; text=&#8220;Ask for a unique offer!&#8220; url=&#8220;https:\/\/erythritolshop.com\/contact&#8220;][\/vc_column][\/vc_row]<\/p>\n","protected":false},"featured_media":234,"template":"","meta":[],"product_cat":[34],"product_tag":[],"class_list":{"0":"post-314","1":"product","2":"type-product","3":"status-publish","4":"has-post-thumbnail","6":"product_cat-biosusse-de","8":"first","9":"outofstock","10":"taxable","11":"shipping-taxable","12":"purchasable","13":"product-type-simple"},"yoast_head":"<!-- This site is optimized with the Yoast SEO plugin v24.0 - https:\/\/yoast.com\/wordpress\/plugins\/seo\/ -->\n<title>Bios\u00fcsse Bio Waldfrucht Marmelade - Erythritol Shop<\/title>\n<meta name=\"description\" content=\"Waldfrucht Marmelade - Nur das Beste aus der Natur:F\u00fcr die Bios\u00fc\u00dfe Fruchtaufstriche werden nur die erlesensten Fr\u00fcchte und die\" \/>\n<meta name=\"robots\" content=\"index, follow, max-snippet:-1, max-image-preview:large, max-video-preview:-1\" \/>\n<link rel=\"canonical\" href=\"https:\/\/erythritolshop.com\/de\/produkt\/biosusse-bio-waldfrucht-marmelade\/\" \/>\n<meta property=\"og:locale\" content=\"de_DE\" \/>\n<meta property=\"og:type\" content=\"article\" \/>\n<meta property=\"og:title\" content=\"Bios\u00fcsse Bio Waldfrucht Marmelade - Erythritol Shop\" \/>\n<meta property=\"og:description\" content=\"Waldfrucht Marmelade - Nur das Beste aus der Natur:F\u00fcr die Bios\u00fc\u00dfe Fruchtaufstriche werden nur die erlesensten Fr\u00fcchte und die\" \/>\n<meta property=\"og:url\" content=\"https:\/\/erythritolshop.com\/de\/produkt\/biosusse-bio-waldfrucht-marmelade\/\" \/>\n<meta property=\"og:site_name\" content=\"Erythritol Shop\" \/>\n<meta property=\"article:modified_time\" content=\"2021-01-26T15:35:56+00:00\" \/>\n<meta property=\"og:image\" content=\"https:\/\/erythritolshop.com\/wp-content\/uploads\/2020\/11\/9120071080662-Biosusse-Bio-Erdei-gyumolcsos-lekvar-225g.jpg\" \/>\n\t<meta property=\"og:image:width\" content=\"600\" \/>\n\t<meta property=\"og:image:height\" content=\"800\" \/>\n\t<meta property=\"og:image:type\" content=\"image\/jpeg\" \/>\n<meta name=\"twitter:card\" content=\"summary_large_image\" \/>\n<meta name=\"twitter:label1\" content=\"Gesch\u00e4tzte Lesezeit\" \/>\n\t<meta name=\"twitter:data1\" content=\"1\u00a0Minute\" \/>\n<script type=\"application\/ld+json\" class=\"yoast-schema-graph\">{\"@context\":\"https:\/\/schema.org\",\"@graph\":[{\"@type\":\"WebPage\",\"@id\":\"https:\/\/erythritolshop.com\/de\/produkt\/biosusse-bio-waldfrucht-marmelade\/\",\"url\":\"https:\/\/erythritolshop.com\/de\/produkt\/biosusse-bio-waldfrucht-marmelade\/\",\"name\":\"Bios\u00fcsse Bio Waldfrucht Marmelade - Erythritol Shop\",\"isPartOf\":{\"@id\":\"https:\/\/erythritolshop.com\/de\/#website\"},\"primaryImageOfPage\":{\"@id\":\"https:\/\/erythritolshop.com\/de\/produkt\/biosusse-bio-waldfrucht-marmelade\/#primaryimage\"},\"image\":{\"@id\":\"https:\/\/erythritolshop.com\/de\/produkt\/biosusse-bio-waldfrucht-marmelade\/#primaryimage\"},\"thumbnailUrl\":\"https:\/\/erythritolshop.com\/wp-content\/uploads\/2020\/11\/9120071080662-Biosusse-Bio-Erdei-gyumolcsos-lekvar-225g.jpg\",\"datePublished\":\"2020-11-04T11:56:44+00:00\",\"dateModified\":\"2021-01-26T15:35:56+00:00\",\"description\":\"Waldfrucht Marmelade - Nur das Beste aus der Natur:F\u00fcr die Bios\u00fc\u00dfe Fruchtaufstriche werden nur die erlesensten Fr\u00fcchte und die\",\"breadcrumb\":{\"@id\":\"https:\/\/erythritolshop.com\/de\/produkt\/biosusse-bio-waldfrucht-marmelade\/#breadcrumb\"},\"inLanguage\":\"de\",\"potentialAction\":[{\"@type\":\"ReadAction\",\"target\":[\"https:\/\/erythritolshop.com\/de\/produkt\/biosusse-bio-waldfrucht-marmelade\/\"]}]},{\"@type\":\"ImageObject\",\"inLanguage\":\"de\",\"@id\":\"https:\/\/erythritolshop.com\/de\/produkt\/biosusse-bio-waldfrucht-marmelade\/#primaryimage\",\"url\":\"https:\/\/erythritolshop.com\/wp-content\/uploads\/2020\/11\/9120071080662-Biosusse-Bio-Erdei-gyumolcsos-lekvar-225g.jpg\",\"contentUrl\":\"https:\/\/erythritolshop.com\/wp-content\/uploads\/2020\/11\/9120071080662-Biosusse-Bio-Erdei-gyumolcsos-lekvar-225g.jpg\",\"width\":600,\"height\":800,\"caption\":\"Waldfrucht Marmelade, zuckerfreie Marmelade, Marmelade, Waldfruchtmarmelade, Bio-Marmelade\"},{\"@type\":\"BreadcrumbList\",\"@id\":\"https:\/\/erythritolshop.com\/de\/produkt\/biosusse-bio-waldfrucht-marmelade\/#breadcrumb\",\"itemListElement\":[{\"@type\":\"ListItem\",\"position\":1,\"name\":\"Home\",\"item\":\"https:\/\/erythritolshop.com\/de\/\"},{\"@type\":\"ListItem\",\"position\":2,\"name\":\"Shop\",\"item\":\"https:\/\/erythritolshop.com\/de\/shop-2\/\"},{\"@type\":\"ListItem\",\"position\":3,\"name\":\"Bios\u00fcsse Bio Waldfrucht Marmelade\"}]},{\"@type\":\"WebSite\",\"@id\":\"https:\/\/erythritolshop.com\/de\/#website\",\"url\":\"https:\/\/erythritolshop.com\/de\/\",\"name\":\"Erythritol Shop\",\"description\":\"A unique novelty in the world. Shaped ERYTHRITOL.\",\"potentialAction\":[{\"@type\":\"SearchAction\",\"target\":{\"@type\":\"EntryPoint\",\"urlTemplate\":\"https:\/\/erythritolshop.com\/de\/?s={search_term_string}\"},\"query-input\":{\"@type\":\"PropertyValueSpecification\",\"valueRequired\":true,\"valueName\":\"search_term_string\"}}],\"inLanguage\":\"de\"}]}<\/script>\n<!-- \/ Yoast SEO plugin. -->","yoast_head_json":{"title":"Bios\u00fcsse Bio Waldfrucht Marmelade - Erythritol Shop","description":"Waldfrucht Marmelade - Nur das Beste aus der Natur:F\u00fcr die Bios\u00fc\u00dfe Fruchtaufstriche werden nur die erlesensten Fr\u00fcchte und die","robots":{"index":"index","follow":"follow","max-snippet":"max-snippet:-1","max-image-preview":"max-image-preview:large","max-video-preview":"max-video-preview:-1"},"canonical":"https:\/\/erythritolshop.com\/de\/produkt\/biosusse-bio-waldfrucht-marmelade\/","og_locale":"de_DE","og_type":"article","og_title":"Bios\u00fcsse Bio Waldfrucht Marmelade - Erythritol Shop","og_description":"Waldfrucht Marmelade - Nur das Beste aus der Natur:F\u00fcr die Bios\u00fc\u00dfe Fruchtaufstriche werden nur die erlesensten Fr\u00fcchte und die","og_url":"https:\/\/erythritolshop.com\/de\/produkt\/biosusse-bio-waldfrucht-marmelade\/","og_site_name":"Erythritol Shop","article_modified_time":"2021-01-26T15:35:56+00:00","og_image":[{"width":600,"height":800,"url":"https:\/\/erythritolshop.com\/wp-content\/uploads\/2020\/11\/9120071080662-Biosusse-Bio-Erdei-gyumolcsos-lekvar-225g.jpg","type":"image\/jpeg"}],"twitter_card":"summary_large_image","twitter_misc":{"Gesch\u00e4tzte Lesezeit":"1\u00a0Minute"},"schema":{"@context":"https:\/\/schema.org","@graph":[{"@type":"WebPage","@id":"https:\/\/erythritolshop.com\/de\/produkt\/biosusse-bio-waldfrucht-marmelade\/","url":"https:\/\/erythritolshop.com\/de\/produkt\/biosusse-bio-waldfrucht-marmelade\/","name":"Bios\u00fcsse Bio Waldfrucht Marmelade - Erythritol Shop","isPartOf":{"@id":"https:\/\/erythritolshop.com\/de\/#website"},"primaryImageOfPage":{"@id":"https:\/\/erythritolshop.com\/de\/produkt\/biosusse-bio-waldfrucht-marmelade\/#primaryimage"},"image":{"@id":"https:\/\/erythritolshop.com\/de\/produkt\/biosusse-bio-waldfrucht-marmelade\/#primaryimage"},"thumbnailUrl":"https:\/\/erythritolshop.com\/wp-content\/uploads\/2020\/11\/9120071080662-Biosusse-Bio-Erdei-gyumolcsos-lekvar-225g.jpg","datePublished":"2020-11-04T11:56:44+00:00","dateModified":"2021-01-26T15:35:56+00:00","description":"Waldfrucht Marmelade - Nur das Beste aus der Natur:F\u00fcr die Bios\u00fc\u00dfe Fruchtaufstriche werden nur die erlesensten Fr\u00fcchte und die","breadcrumb":{"@id":"https:\/\/erythritolshop.com\/de\/produkt\/biosusse-bio-waldfrucht-marmelade\/#breadcrumb"},"inLanguage":"de","potentialAction":[{"@type":"ReadAction","target":["https:\/\/erythritolshop.com\/de\/produkt\/biosusse-bio-waldfrucht-marmelade\/"]}]},{"@type":"ImageObject","inLanguage":"de","@id":"https:\/\/erythritolshop.com\/de\/produkt\/biosusse-bio-waldfrucht-marmelade\/#primaryimage","url":"https:\/\/erythritolshop.com\/wp-content\/uploads\/2020\/11\/9120071080662-Biosusse-Bio-Erdei-gyumolcsos-lekvar-225g.jpg","contentUrl":"https:\/\/erythritolshop.com\/wp-content\/uploads\/2020\/11\/9120071080662-Biosusse-Bio-Erdei-gyumolcsos-lekvar-225g.jpg","width":600,"height":800,"caption":"Waldfrucht Marmelade, zuckerfreie Marmelade, Marmelade, Waldfruchtmarmelade, Bio-Marmelade"},{"@type":"BreadcrumbList","@id":"https:\/\/erythritolshop.com\/de\/produkt\/biosusse-bio-waldfrucht-marmelade\/#breadcrumb","itemListElement":[{"@type":"ListItem","position":1,"name":"Home","item":"https:\/\/erythritolshop.com\/de\/"},{"@type":"ListItem","position":2,"name":"Shop","item":"https:\/\/erythritolshop.com\/de\/shop-2\/"},{"@type":"ListItem","position":3,"name":"Bios\u00fcsse Bio Waldfrucht Marmelade"}]},{"@type":"WebSite","@id":"https:\/\/erythritolshop.com\/de\/#website","url":"https:\/\/erythritolshop.com\/de\/","name":"Erythritol Shop","description":"A unique novelty in the world. Shaped ERYTHRITOL.","potentialAction":[{"@type":"SearchAction","target":{"@type":"EntryPoint","urlTemplate":"https:\/\/erythritolshop.com\/de\/?s={search_term_string}"},"query-input":{"@type":"PropertyValueSpecification","valueRequired":true,"valueName":"search_term_string"}}],"inLanguage":"de"}]}},"_links":{"self":[{"href":"https:\/\/erythritolshop.com\/de\/wp-json\/wp\/v2\/product\/314","targetHints":{"allow":["GET"]}}],"collection":[{"href":"https:\/\/erythritolshop.com\/de\/wp-json\/wp\/v2\/product"}],"about":[{"href":"https:\/\/erythritolshop.com\/de\/wp-json\/wp\/v2\/types\/product"}],"wp:featuredmedia":[{"embeddable":true,"href":"https:\/\/erythritolshop.com\/de\/wp-json\/wp\/v2\/media\/234"}],"wp:attachment":[{"href":"https:\/\/erythritolshop.com\/de\/wp-json\/wp\/v2\/media?parent=314"}],"wp:term":[{"taxonomy":"product_cat","embeddable":true,"href":"https:\/\/erythritolshop.com\/de\/wp-json\/wp\/v2\/product_cat?post=314"},{"taxonomy":"product_tag","embeddable":true,"href":"https:\/\/erythritolshop.com\/de\/wp-json\/wp\/v2\/product_tag?post=314"}],"curies":[{"name":"wp","href":"https:\/\/api.w.org\/{rel}","templated":true}]}}