{"id":316,"date":"2020-11-04T11:39:25","date_gmt":"2020-11-04T11:39:25","guid":{"rendered":"https:\/\/erythritolshop.com\/product\/biosusse-bio-aprikosenmarmelade\/"},"modified":"2021-01-26T15:41:35","modified_gmt":"2021-01-26T15:41:35","slug":"biosusse-bio-aprikosenmarmelade","status":"publish","type":"product","link":"https:\/\/erythritolshop.com\/de\/produkt\/biosusse-bio-aprikosenmarmelade\/","title":{"rendered":"Bios\u00fc\u00dfe Bio-Fruchtaufstrich Aprikose"},"content":{"rendered":"[vc_row type=&#8220;in_container&#8220; full_screen_row_position=&#8220;middle&#8220; column_margin=&#8220;default&#8220; column_direction=&#8220;default&#8220; column_direction_tablet=&#8220;default&#8220; column_direction_phone=&#8220;default&#8220; scene_position=&#8220;center&#8220; text_color=&#8220;dark&#8220; text_align=&#8220;left&#8220; row_border_radius=&#8220;none&#8220; row_border_radius_applies=&#8220;bg&#8220; overlay_strength=&#8220;0.3&#8243; gradient_direction=&#8220;left_to_right&#8220; shape_divider_position=&#8220;bottom&#8220; bg_image_animation=&#8220;none&#8220;][vc_column column_padding=&#8220;no-extra-padding&#8220; column_padding_tablet=&#8220;inherit&#8220; column_padding_phone=&#8220;inherit&#8220; column_padding_position=&#8220;all&#8220; background_color_opacity=&#8220;1&#8243; background_hover_color_opacity=&#8220;1&#8243; column_shadow=&#8220;none&#8220; column_border_radius=&#8220;none&#8220; column_link_target=&#8220;_self&#8220; gradient_direction=&#8220;left_to_right&#8220; overlay_strength=&#8220;0.3&#8243; width=&#8220;1\/1&#8243; tablet_width_inherit=&#8220;default&#8220; tablet_text_alignment=&#8220;default&#8220; phone_text_alignment=&#8220;default&#8220; column_border_width=&#8220;none&#8220; column_border_style=&#8220;solid&#8220; bg_image_animation=&#8220;none&#8220;][toggles style=&#8220;minimal&#8220;][toggle color=&#8220;Default&#8220; title=&#8220;Durchschnittlicher N\u00e4hrwert in 100 g Produkt&#8220;][vc_column_text]\n<table width=\"397\">\n<tbody>\n<tr>\n<td>N\u00e4hrwerte<\/td>\n<td>je 100 g<\/td>\n<\/tr>\n<tr>\n<td>Brennwert<\/td>\n<td>424\u00a0kJ \/\u00a0100 kcal<\/td>\n<\/tr>\n<tr>\n<td>Fett<\/td>\n<td>&lt; 0,5\u00a0g<\/td>\n<\/tr>\n<tr>\n<td>&#8211; davon ges\u00e4ttigte Fetts\u00e4uren<\/td>\n<td>&lt; 0,1\u00a0g<\/td>\n<\/tr>\n<tr>\n<td>Kohlenhydrate<\/td>\n<td>23\u00a0g<\/td>\n<\/tr>\n<tr>\n<td>\u00a0&#8211; davon Zucker<\/td>\n<td>21\u00a0g<\/td>\n<\/tr>\n<tr>\n<td>Ballaststoffe<\/td>\n<td>1,5 g<\/td>\n<\/tr>\n<tr>\n<td>Eiwei\u00df<\/td>\n<td>1,0 g<\/td>\n<\/tr>\n<tr>\n<td>Salz<\/td>\n<td>&lt; 0,01\u00a0g<\/td>\n<\/tr>\n<tr>\n<td><\/td>\n<td><\/td>\n<\/tr>\n<tr>\n<td><\/td>\n<td><\/td>\n<\/tr>\n<\/tbody>\n<\/table>\n[\/vc_column_text][\/toggle][toggle color=&#8220;Default&#8220; title=&#8220;Allergene&#8220;][vc_column_text]Bios\u00fcsse Aprikosenmarmelade ist frei von:<\/p>\n<p>Milch<br \/>\nGluten<br \/>\nEi<br \/>\nSesam<br \/>\nSoja<br \/>\nHaseln\u00fcsse<br \/>\nMandel<\/p>\n<p>Bios\u00fcsse Aprikosenmarmelade enth\u00e4lt folgende Allergene:<\/p>\n<p>Das Produkt enth\u00e4lt keine allergenen Inhaltsstoffe![\/vc_column_text][vc_column_text][\/vc_column_text][\/toggle][toggle color=&#8220;Default&#8220; title=&#8220;Endlich kann der Tag mit Bios\u00fc\u00dfe beginnen&#8220;][vc_column_text]Unsere Bios\u00fc\u00dfe Fruchtaufstriche sollten auf keinem Fr\u00fchst\u00fcckstisch fehlen. Ideal f\u00fcr alle, die sich zuckerfrei ern\u00e4hren wollen, aber keine Zeit haben, um ihre eigene Marmelade mit Bios\u00fc\u00dfe einzukochen.<\/p>\n<ul>\n<li>ohne Zuckerzusatz, ges\u00fc\u00dft mit kalorienfreier Bios\u00fc\u00dfe<\/li>\n<li>purer Fruchtgeschmack<\/li>\n<li>60 % Fruchtgehalt<\/li>\n<\/ul>\n[\/vc_column_text][vc_column_text][\/vc_column_text][\/toggle][toggle color=&#8220;Default&#8220; title=&#8220;Zutaten&#8220;][vc_column_text]\n<div>\n<div class=\"wpb_text_column wpb_content_element \">\n<div class=\"wpb_wrapper\">60 % Aprikosen*, S\u00fc\u00dfungsmittel: Erythrit*, Geliermittel: Pektin*, Apfelsaft-Konzentrat*, S\u00e4uerungsmittel: Citronens\u00e4ure*<br \/>\n*biologisches Erzeugnis.<\/div>\n<\/div>\n<\/div>\n[\/vc_column_text][vc_column_text][\/vc_column_text][\/toggle][toggle color=&#8220;Default&#8220; title=&#8220;zus\u00e4tzliche Information&#8220;][vc_column_text]Inhalt: 225 g. BIO Aprikosenmarmelade mit Erythrit (Bios\u00fcsse) S\u00fc\u00dfstoff von einer kontrollierten Farm.<\/p>\n<p>Verpackung:<\/p>\n<p>225 g, Glasversion.<\/p>\n<p>Lagerung: An einem k\u00fchlen, trockenen Ort aufbewahren.<\/p>\n<p>Am besten vorher: Befindet sich oben auf der Kappe.[\/vc_column_text][vc_column_text][\/vc_column_text][\/toggle][\/toggles][\/vc_column][\/vc_row]\n","protected":false},"excerpt":{"rendered":"<p><strong>Nur das Beste aus der Natur:<\/strong><\/p>\n<p>F\u00fcr die Bios\u00fc\u00dfe Fruchtaufstriche werden nur die erlesensten Fr\u00fcchte und die nat\u00fcrliche S\u00fc\u00dfe von Bios\u00fc\u00dfe verwendet. Purer Fruchtgenuss \u2013 liebevoll eingekocht.<\/p>\n<p><strong>Aprikose &#8211; unverzichtbar f\u00fcr Palatschinken und Co:<br \/>\n<\/strong>Der Bios\u00fc\u00dfe Fruchtaufstrich Aprikose passt nicht nur perfekt zum Palatschinken. Zum Glasieren von Kuchen und Geb\u00e4ck oder einfach als Brotaufstrich \u2013 dieser Fruchtaufstrich sollte in jedem K\u00fchlschrank stehen. Dabei gl\u00e4nzen die samtigen Fr\u00fcchte vor allem mit ihrem hohen Carotingehalt.<\/p>\n<p>Bioss\u00fcsse apricot jam is healthy and delicious. Added sugar and calories free, so even those who are sensitive to it can enjoy it! Its special feature is that due to its extremely high fruit content and high beta-carotene content, it has a good effect on vision and mucous membranes, and it has an extremely tempting on appearance, as its carotene content gives the jam a velvety shining effect. GMO free (non-genetic) and vegan. The production process takes place entirely without the addition of household sugar.<\/p>\n<ul>\n<li><strong>ohne Zuckerzusatz &#8211; nur mit dem nat\u00fcrlichen Zucker der Frucht<\/strong><\/li>\n<li><strong>ges\u00fc\u00dft mit kalorienfreier Bios\u00fc\u00dfe<\/strong><\/li>\n<li><strong>60 % Frucht<\/strong><\/li>\n<li><strong>vegan<\/strong><\/li>\n<\/ul>\n<p>[vc_row type=&#8220;in_container&#8220; full_screen_row_position=&#8220;middle&#8220; column_margin=&#8220;default&#8220; column_direction=&#8220;default&#8220; column_direction_tablet=&#8220;default&#8220; column_direction_phone=&#8220;default&#8220; scene_position=&#8220;center&#8220; text_color=&#8220;dark&#8220; text_align=&#8220;left&#8220; row_border_radius=&#8220;none&#8220; row_border_radius_applies=&#8220;bg&#8220; overlay_strength=&#8220;0.3&#8243; gradient_direction=&#8220;left_to_right&#8220; shape_divider_position=&#8220;bottom&#8220; bg_image_animation=&#8220;none&#8220; shape_type=&#8220;&#8220;][vc_column column_padding=&#8220;padding-1-percent&#8220; column_padding_tablet=&#8220;inherit&#8220; column_padding_phone=&#8220;inherit&#8220; column_padding_position=&#8220;all&#8220; centered_text=&#8220;true&#8220; background_color=&#8220;#f7efbf&#8220; background_color_opacity=&#8220;1&#8243; background_hover_color_opacity=&#8220;1&#8243; column_shadow=&#8220;none&#8220; column_border_radius=&#8220;none&#8220; column_link_target=&#8220;_self&#8220; gradient_direction=&#8220;left_to_right&#8220; overlay_strength=&#8220;0.3&#8243; width=&#8220;1\/2&#8243; tablet_width_inherit=&#8220;default&#8220; tablet_text_alignment=&#8220;default&#8220; phone_text_alignment=&#8220;default&#8220; column_border_width=&#8220;none&#8220; column_border_style=&#8220;solid&#8220; bg_image_animation=&#8220;none&#8220;][vc_column_text]<\/p>\n<h4>Sind Sie ein Gro\u00dfhandelsk\u00e4ufer?<\/h4>\n<p>[\/vc_column_text][\/vc_column][vc_column column_padding=&#8220;padding-1-percent&#8220; column_padding_tablet=&#8220;inherit&#8220; column_padding_phone=&#8220;inherit&#8220; column_padding_position=&#8220;all&#8220; centered_text=&#8220;true&#8220; background_color_opacity=&#8220;1&#8243; background_hover_color_opacity=&#8220;1&#8243; column_shadow=&#8220;none&#8220; column_border_radius=&#8220;none&#8220; column_link_target=&#8220;_self&#8220; gradient_direction=&#8220;left_to_right&#8220; overlay_strength=&#8220;0.3&#8243; width=&#8220;1\/2&#8243; tablet_width_inherit=&#8220;default&#8220; tablet_text_alignment=&#8220;default&#8220; phone_text_alignment=&#8220;default&#8220; column_border_width=&#8220;none&#8220; column_border_style=&#8220;solid&#8220; bg_image_animation=&#8220;none&#8220;][nectar_btn size=&#8220;small&#8220; button_style=&#8220;regular&#8220; button_color_2=&#8220;Accent-Color&#8220; icon_family=&#8220;none&#8220; text=&#8220;Ask for a unique offer!&#8220; url=&#8220;https:\/\/erythritolshop.com\/contact&#8220;][\/vc_column][\/vc_row]<\/p>\n","protected":false},"featured_media":228,"template":"","meta":[],"product_cat":[34],"product_tag":[],"class_list":{"0":"post-316","1":"product","2":"type-product","3":"status-publish","4":"has-post-thumbnail","6":"product_cat-biosusse-de","8":"first","9":"outofstock","10":"taxable","11":"shipping-taxable","12":"purchasable","13":"product-type-simple"},"yoast_head":"<!-- This site is optimized with the Yoast SEO plugin v24.0 - https:\/\/yoast.com\/wordpress\/plugins\/seo\/ -->\n<title>Bios\u00fc\u00dfe Bio-Fruchtaufstrich Aprikose - Erythritol Shop<\/title>\n<meta name=\"description\" content=\"Nur das Beste aus der Natur:F\u00fcr die Bios\u00fc\u00dfe Fruchtaufstriche werden nur die erlesensten Fr\u00fcchte und die nat\u00fcrliche S\u00fc\u00dfe von Bios\u00fc\u00dfe verwendet\" \/>\n<meta name=\"robots\" content=\"index, follow, max-snippet:-1, max-image-preview:large, max-video-preview:-1\" \/>\n<link rel=\"canonical\" href=\"https:\/\/erythritolshop.com\/de\/produkt\/biosusse-bio-aprikosenmarmelade\/\" \/>\n<meta property=\"og:locale\" content=\"de_DE\" \/>\n<meta property=\"og:type\" content=\"article\" \/>\n<meta property=\"og:title\" content=\"Bios\u00fc\u00dfe Bio-Fruchtaufstrich Aprikose - Erythritol Shop\" \/>\n<meta property=\"og:description\" content=\"Nur das Beste aus der Natur:F\u00fcr die Bios\u00fc\u00dfe Fruchtaufstriche werden nur die erlesensten Fr\u00fcchte und die nat\u00fcrliche S\u00fc\u00dfe von Bios\u00fc\u00dfe verwendet\" \/>\n<meta property=\"og:url\" content=\"https:\/\/erythritolshop.com\/de\/produkt\/biosusse-bio-aprikosenmarmelade\/\" \/>\n<meta property=\"og:site_name\" content=\"Erythritol Shop\" \/>\n<meta property=\"article:modified_time\" content=\"2021-01-26T15:41:35+00:00\" \/>\n<meta property=\"og:image\" content=\"https:\/\/erythritolshop.com\/wp-content\/uploads\/2020\/11\/9120071080655-Biosusse-Bio-Sargabarack-lekvar-225g.jpg\" \/>\n\t<meta property=\"og:image:width\" content=\"600\" \/>\n\t<meta property=\"og:image:height\" content=\"800\" \/>\n\t<meta property=\"og:image:type\" content=\"image\/jpeg\" \/>\n<meta name=\"twitter:card\" content=\"summary_large_image\" \/>\n<meta name=\"twitter:label1\" content=\"Gesch\u00e4tzte Lesezeit\" \/>\n\t<meta name=\"twitter:data1\" content=\"2\u00a0Minuten\" \/>\n<script type=\"application\/ld+json\" class=\"yoast-schema-graph\">{\"@context\":\"https:\/\/schema.org\",\"@graph\":[{\"@type\":\"WebPage\",\"@id\":\"https:\/\/erythritolshop.com\/de\/produkt\/biosusse-bio-aprikosenmarmelade\/\",\"url\":\"https:\/\/erythritolshop.com\/de\/produkt\/biosusse-bio-aprikosenmarmelade\/\",\"name\":\"Bios\u00fc\u00dfe Bio-Fruchtaufstrich Aprikose - Erythritol Shop\",\"isPartOf\":{\"@id\":\"https:\/\/erythritolshop.com\/de\/#website\"},\"primaryImageOfPage\":{\"@id\":\"https:\/\/erythritolshop.com\/de\/produkt\/biosusse-bio-aprikosenmarmelade\/#primaryimage\"},\"image\":{\"@id\":\"https:\/\/erythritolshop.com\/de\/produkt\/biosusse-bio-aprikosenmarmelade\/#primaryimage\"},\"thumbnailUrl\":\"https:\/\/erythritolshop.com\/wp-content\/uploads\/2020\/11\/9120071080655-Biosusse-Bio-Sargabarack-lekvar-225g.jpg\",\"datePublished\":\"2020-11-04T11:39:25+00:00\",\"dateModified\":\"2021-01-26T15:41:35+00:00\",\"description\":\"Nur das Beste aus der Natur:F\u00fcr die Bios\u00fc\u00dfe Fruchtaufstriche werden nur die erlesensten Fr\u00fcchte und die nat\u00fcrliche S\u00fc\u00dfe von Bios\u00fc\u00dfe verwendet\",\"breadcrumb\":{\"@id\":\"https:\/\/erythritolshop.com\/de\/produkt\/biosusse-bio-aprikosenmarmelade\/#breadcrumb\"},\"inLanguage\":\"de\",\"potentialAction\":[{\"@type\":\"ReadAction\",\"target\":[\"https:\/\/erythritolshop.com\/de\/produkt\/biosusse-bio-aprikosenmarmelade\/\"]}]},{\"@type\":\"ImageObject\",\"inLanguage\":\"de\",\"@id\":\"https:\/\/erythritolshop.com\/de\/produkt\/biosusse-bio-aprikosenmarmelade\/#primaryimage\",\"url\":\"https:\/\/erythritolshop.com\/wp-content\/uploads\/2020\/11\/9120071080655-Biosusse-Bio-Sargabarack-lekvar-225g.jpg\",\"contentUrl\":\"https:\/\/erythritolshop.com\/wp-content\/uploads\/2020\/11\/9120071080655-Biosusse-Bio-Sargabarack-lekvar-225g.jpg\",\"width\":600,\"height\":800,\"caption\":\"Bios\u00fc\u00dfe, Erythrit-Marmelade, Erythrit, Marmelade, zuckerfreie Marmelade, Aprikosenmarmelade, Aprikose\"},{\"@type\":\"BreadcrumbList\",\"@id\":\"https:\/\/erythritolshop.com\/de\/produkt\/biosusse-bio-aprikosenmarmelade\/#breadcrumb\",\"itemListElement\":[{\"@type\":\"ListItem\",\"position\":1,\"name\":\"Home\",\"item\":\"https:\/\/erythritolshop.com\/de\/\"},{\"@type\":\"ListItem\",\"position\":2,\"name\":\"Shop\",\"item\":\"https:\/\/erythritolshop.com\/de\/shop-2\/\"},{\"@type\":\"ListItem\",\"position\":3,\"name\":\"Bios\u00fc\u00dfe Bio-Fruchtaufstrich Aprikose\"}]},{\"@type\":\"WebSite\",\"@id\":\"https:\/\/erythritolshop.com\/de\/#website\",\"url\":\"https:\/\/erythritolshop.com\/de\/\",\"name\":\"Erythritol Shop\",\"description\":\"A unique novelty in the world. Shaped ERYTHRITOL.\",\"potentialAction\":[{\"@type\":\"SearchAction\",\"target\":{\"@type\":\"EntryPoint\",\"urlTemplate\":\"https:\/\/erythritolshop.com\/de\/?s={search_term_string}\"},\"query-input\":{\"@type\":\"PropertyValueSpecification\",\"valueRequired\":true,\"valueName\":\"search_term_string\"}}],\"inLanguage\":\"de\"}]}<\/script>\n<!-- \/ Yoast SEO plugin. -->","yoast_head_json":{"title":"Bios\u00fc\u00dfe Bio-Fruchtaufstrich Aprikose - Erythritol Shop","description":"Nur das Beste aus der Natur:F\u00fcr die Bios\u00fc\u00dfe Fruchtaufstriche werden nur die erlesensten Fr\u00fcchte und die nat\u00fcrliche S\u00fc\u00dfe von Bios\u00fc\u00dfe verwendet","robots":{"index":"index","follow":"follow","max-snippet":"max-snippet:-1","max-image-preview":"max-image-preview:large","max-video-preview":"max-video-preview:-1"},"canonical":"https:\/\/erythritolshop.com\/de\/produkt\/biosusse-bio-aprikosenmarmelade\/","og_locale":"de_DE","og_type":"article","og_title":"Bios\u00fc\u00dfe Bio-Fruchtaufstrich Aprikose - Erythritol Shop","og_description":"Nur das Beste aus der Natur:F\u00fcr die Bios\u00fc\u00dfe Fruchtaufstriche werden nur die erlesensten Fr\u00fcchte und die nat\u00fcrliche S\u00fc\u00dfe von Bios\u00fc\u00dfe verwendet","og_url":"https:\/\/erythritolshop.com\/de\/produkt\/biosusse-bio-aprikosenmarmelade\/","og_site_name":"Erythritol Shop","article_modified_time":"2021-01-26T15:41:35+00:00","og_image":[{"width":600,"height":800,"url":"https:\/\/erythritolshop.com\/wp-content\/uploads\/2020\/11\/9120071080655-Biosusse-Bio-Sargabarack-lekvar-225g.jpg","type":"image\/jpeg"}],"twitter_card":"summary_large_image","twitter_misc":{"Gesch\u00e4tzte Lesezeit":"2\u00a0Minuten"},"schema":{"@context":"https:\/\/schema.org","@graph":[{"@type":"WebPage","@id":"https:\/\/erythritolshop.com\/de\/produkt\/biosusse-bio-aprikosenmarmelade\/","url":"https:\/\/erythritolshop.com\/de\/produkt\/biosusse-bio-aprikosenmarmelade\/","name":"Bios\u00fc\u00dfe Bio-Fruchtaufstrich Aprikose - Erythritol Shop","isPartOf":{"@id":"https:\/\/erythritolshop.com\/de\/#website"},"primaryImageOfPage":{"@id":"https:\/\/erythritolshop.com\/de\/produkt\/biosusse-bio-aprikosenmarmelade\/#primaryimage"},"image":{"@id":"https:\/\/erythritolshop.com\/de\/produkt\/biosusse-bio-aprikosenmarmelade\/#primaryimage"},"thumbnailUrl":"https:\/\/erythritolshop.com\/wp-content\/uploads\/2020\/11\/9120071080655-Biosusse-Bio-Sargabarack-lekvar-225g.jpg","datePublished":"2020-11-04T11:39:25+00:00","dateModified":"2021-01-26T15:41:35+00:00","description":"Nur das Beste aus der Natur:F\u00fcr die Bios\u00fc\u00dfe Fruchtaufstriche werden nur die erlesensten Fr\u00fcchte und die nat\u00fcrliche S\u00fc\u00dfe von Bios\u00fc\u00dfe verwendet","breadcrumb":{"@id":"https:\/\/erythritolshop.com\/de\/produkt\/biosusse-bio-aprikosenmarmelade\/#breadcrumb"},"inLanguage":"de","potentialAction":[{"@type":"ReadAction","target":["https:\/\/erythritolshop.com\/de\/produkt\/biosusse-bio-aprikosenmarmelade\/"]}]},{"@type":"ImageObject","inLanguage":"de","@id":"https:\/\/erythritolshop.com\/de\/produkt\/biosusse-bio-aprikosenmarmelade\/#primaryimage","url":"https:\/\/erythritolshop.com\/wp-content\/uploads\/2020\/11\/9120071080655-Biosusse-Bio-Sargabarack-lekvar-225g.jpg","contentUrl":"https:\/\/erythritolshop.com\/wp-content\/uploads\/2020\/11\/9120071080655-Biosusse-Bio-Sargabarack-lekvar-225g.jpg","width":600,"height":800,"caption":"Bios\u00fc\u00dfe, Erythrit-Marmelade, Erythrit, Marmelade, zuckerfreie Marmelade, Aprikosenmarmelade, Aprikose"},{"@type":"BreadcrumbList","@id":"https:\/\/erythritolshop.com\/de\/produkt\/biosusse-bio-aprikosenmarmelade\/#breadcrumb","itemListElement":[{"@type":"ListItem","position":1,"name":"Home","item":"https:\/\/erythritolshop.com\/de\/"},{"@type":"ListItem","position":2,"name":"Shop","item":"https:\/\/erythritolshop.com\/de\/shop-2\/"},{"@type":"ListItem","position":3,"name":"Bios\u00fc\u00dfe Bio-Fruchtaufstrich Aprikose"}]},{"@type":"WebSite","@id":"https:\/\/erythritolshop.com\/de\/#website","url":"https:\/\/erythritolshop.com\/de\/","name":"Erythritol Shop","description":"A unique novelty in the world. Shaped ERYTHRITOL.","potentialAction":[{"@type":"SearchAction","target":{"@type":"EntryPoint","urlTemplate":"https:\/\/erythritolshop.com\/de\/?s={search_term_string}"},"query-input":{"@type":"PropertyValueSpecification","valueRequired":true,"valueName":"search_term_string"}}],"inLanguage":"de"}]}},"_links":{"self":[{"href":"https:\/\/erythritolshop.com\/de\/wp-json\/wp\/v2\/product\/316","targetHints":{"allow":["GET"]}}],"collection":[{"href":"https:\/\/erythritolshop.com\/de\/wp-json\/wp\/v2\/product"}],"about":[{"href":"https:\/\/erythritolshop.com\/de\/wp-json\/wp\/v2\/types\/product"}],"wp:featuredmedia":[{"embeddable":true,"href":"https:\/\/erythritolshop.com\/de\/wp-json\/wp\/v2\/media\/228"}],"wp:attachment":[{"href":"https:\/\/erythritolshop.com\/de\/wp-json\/wp\/v2\/media?parent=316"}],"wp:term":[{"taxonomy":"product_cat","embeddable":true,"href":"https:\/\/erythritolshop.com\/de\/wp-json\/wp\/v2\/product_cat?post=316"},{"taxonomy":"product_tag","embeddable":true,"href":"https:\/\/erythritolshop.com\/de\/wp-json\/wp\/v2\/product_tag?post=316"}],"curies":[{"name":"wp","href":"https:\/\/api.w.org\/{rel}","templated":true}]}}