{"id":319,"date":"2020-11-04T10:50:49","date_gmt":"2020-11-04T10:50:49","guid":{"rendered":"https:\/\/erythritolshop.com\/product\/biosusse-bio-weise-schokolade\/"},"modified":"2021-01-26T15:52:14","modified_gmt":"2021-01-26T15:52:14","slug":"biosusse-bio-weisse-schokolade","status":"publish","type":"product","link":"https:\/\/erythritolshop.com\/de\/produkt\/biosusse-bio-weisse-schokolade\/","title":{"rendered":"Bios\u00fcsse Bio Wei\u00dfe Schokolade"},"content":{"rendered":"[vc_row type=&#8220;in_container&#8220; full_screen_row_position=&#8220;middle&#8220; column_margin=&#8220;default&#8220; column_direction=&#8220;default&#8220; column_direction_tablet=&#8220;default&#8220; column_direction_phone=&#8220;default&#8220; scene_position=&#8220;center&#8220; text_color=&#8220;dark&#8220; text_align=&#8220;left&#8220; row_border_radius=&#8220;none&#8220; row_border_radius_applies=&#8220;bg&#8220; overlay_strength=&#8220;0.3&#8243; gradient_direction=&#8220;left_to_right&#8220; shape_divider_position=&#8220;bottom&#8220; bg_image_animation=&#8220;none&#8220;][vc_column column_padding=&#8220;no-extra-padding&#8220; column_padding_tablet=&#8220;inherit&#8220; column_padding_phone=&#8220;inherit&#8220; column_padding_position=&#8220;all&#8220; background_color_opacity=&#8220;1&#8243; background_hover_color_opacity=&#8220;1&#8243; column_shadow=&#8220;none&#8220; column_border_radius=&#8220;none&#8220; column_link_target=&#8220;_self&#8220; gradient_direction=&#8220;left_to_right&#8220; overlay_strength=&#8220;0.3&#8243; width=&#8220;1\/1&#8243; tablet_width_inherit=&#8220;default&#8220; tablet_text_alignment=&#8220;default&#8220; phone_text_alignment=&#8220;default&#8220; column_border_width=&#8220;none&#8220; column_border_style=&#8220;solid&#8220; bg_image_animation=&#8220;none&#8220;][toggles style=&#8220;minimal&#8220;][toggle color=&#8220;Default&#8220; title=&#8220;Durchschnittlicher N\u00e4hrwert in 100 g Produkt&#8220;][vc_column_text]\n<table width=\"500\">\n<tbody>\n<tr>\n<td>\u00a0<strong>N\u00e4hrwerte<\/strong><\/td>\n<td>je\u00a040 g Tafel<\/td>\n<td>je 100 g<\/td>\n<\/tr>\n<tr>\n<td>\u00a0Brennwert<\/td>\n<td>902 kJ \/\u00a0215 kcal<\/td>\n<td>\u00a02255 kJ \/ 538 kcal<\/td>\n<\/tr>\n<tr>\n<td>\u00a0Fett<\/td>\n<td>20\u00a0g<\/td>\n<td>\u00a051 g<\/td>\n<\/tr>\n<tr>\n<td>\u00a0&#8211; davon ges\u00e4ttigte Fetts\u00e4uren<\/td>\n<td>13\u00a0g<\/td>\n<td>\u00a032 g<\/td>\n<\/tr>\n<tr>\n<td>\u00a0Kohlenhydrate<\/td>\n<td>5\u00a0g<\/td>\n<td>\u00a012 g<\/td>\n<\/tr>\n<tr>\n<td>\u00a0&#8211; davon Zucker<\/td>\n<td>4,8\u00a0g<\/td>\n<td>\u00a012 g<\/td>\n<\/tr>\n<tr>\n<td>\u00a0Eiwei\u00df<\/td>\n<td>3,2\u00a0g<\/td>\n<td>\u00a08,1 g<\/td>\n<\/tr>\n<tr>\n<td>\u00a0Salz<\/td>\n<td>0,11\u00a0g<\/td>\n<td>\u00a00,29 g<\/td>\n<\/tr>\n<\/tbody>\n<\/table>\n[\/vc_column_text][\/toggle][toggle color=&#8220;Default&#8220; title=&#8220;Allergene&#8220;][vc_column_text]<strong>Bios\u00fcsse Wei\u00dfe Schokolade ist frei von:<\/strong><\/p>\n<p>Gluten<br \/>\nEi<br \/>\nSesam<br \/>\nFruktose<br \/>\nZucker hinzugef\u00fcgt<\/p>\n<p>Bios\u00fcsse Wei\u00dfe Schokolade enth\u00e4lt folgende Allergene:<\/p>\n<p>Milch<\/p>\n<p><strong>kann Spuren enthalten von:<\/strong><\/p>\n<p>Soja<br \/>\nErdn\u00fcsse<br \/>\nMandel<\/p>\n<p>&nbsp;<\/p>\n<p>Kakaogehalt: mindestens 42%.[\/vc_column_text][vc_column_text][\/vc_column_text][\/toggle][toggle color=&#8220;Default&#8220; title=&#8220;Schokoladengenuss geht jetzt auch zuckerfrei&#8220;][vc_column_text]Unsere neuen Schokoladen enthalten ausschlie\u00dflich die\u00a0nat\u00fcrliche S\u00fc\u00dfe von Bios\u00fc\u00dfe.\u00a0Frei von Gluten und Fructose, zahnfreundlich und mit wenig\u00a0Kohlenhydraten eignet sich die Bios\u00fc\u00dfe-Schokolade auch f\u00fcr\u00a0Betroffene mit Gluten- oder Fructose-Intoleranz, Diabetiker\u00a0und alle, die auf eine kohlenhydratarme Ern\u00e4hrung Wert\u00a0legen.<\/p>\n<ul>\n<li>Bio und Fair<\/li>\n<li>ohne Zuckerzusatz, ges\u00fc\u00dft\u00a0mit kalorienfreier Bios\u00fc\u00dfe<\/li>\n<li>zarter Genuss ohne Reue<\/li>\n<\/ul>\n[\/vc_column_text][vc_column_text][\/vc_column_text][\/toggle][toggle color=&#8220;Default&#8220; title=&#8220;Zutaten&#8220;][vc_column_text]Kakaobutter*, S\u00fc\u00dfungsmittel: Erythrit* (Bios\u00fc\u00dfe\u00ae). WalzenvollMILCHpulver*.<br \/>\n*biologisches Erzeugnis.[\/vc_column_text][vc_column_text][\/vc_column_text][\/toggle][toggle color=&#8220;Default&#8220; title=&#8220;zus\u00e4tzliche Information&#8220;][vc_column_text]Die Verbreitung in Ungarn wurde \u00fcberpr\u00fcft von: Biokontroll Hung\u00e1ria Zrt. HU-\u00d6KO-01<\/p>\n<p>Verpackung: 40 g, Kartonversion.<\/p>\n<p>Lagerung: An einem k\u00fchlen, trockenen Ort aufbewahren.<\/p>\n<p>Am besten vorher: Befindet sich auf der R\u00fcckseite des Pakets.[\/vc_column_text][vc_column_text][\/vc_column_text][\/toggle][\/toggles][\/vc_column][\/vc_row]\n","protected":false},"excerpt":{"rendered":"<p>40 g Feinste wei\u00dfe BIO Wei\u00dfe Schokolade mit S\u00fc\u00dfungsmittel Erythrit aus kontrolliert biologischem Anbau.<\/p>\n<ul>\n<li><strong>Bio und Fair<\/strong><\/li>\n<li><strong>ohne Zuckerzusatz, ges\u00fc\u00dft mit kalorienfreier Bios\u00fc\u00dfe<\/strong><\/li>\n<li><strong>zarter Genuss ohne Reue<\/strong><\/li>\n<\/ul>\n<p>Voller Geschmack \u2013 ganz ohne Zucker! Die neuen Bios\u00fc\u00dfe BIO-Schokoladen gibt es in den vier leckeren Sorten Vollmilch,<br \/>\nDunkel, Nusscreme und Wei\u00df. Auch als dunkle Drops erh\u00e4ltlich \u2013 ideal zum Backen, Trinken oder Naschen.<\/p>\n<p>[vc_row type=&#8220;in_container&#8220; full_screen_row_position=&#8220;middle&#8220; column_margin=&#8220;default&#8220; column_direction=&#8220;default&#8220; column_direction_tablet=&#8220;default&#8220; column_direction_phone=&#8220;default&#8220; scene_position=&#8220;center&#8220; text_color=&#8220;dark&#8220; text_align=&#8220;left&#8220; row_border_radius=&#8220;none&#8220; row_border_radius_applies=&#8220;bg&#8220; overlay_strength=&#8220;0.3&#8243; gradient_direction=&#8220;left_to_right&#8220; shape_divider_position=&#8220;bottom&#8220; bg_image_animation=&#8220;none&#8220; shape_type=&#8220;&#8220;][vc_column column_padding=&#8220;padding-1-percent&#8220; column_padding_tablet=&#8220;inherit&#8220; column_padding_phone=&#8220;inherit&#8220; column_padding_position=&#8220;all&#8220; centered_text=&#8220;true&#8220; background_color=&#8220;#f7efbf&#8220; background_color_opacity=&#8220;1&#8243; background_hover_color_opacity=&#8220;1&#8243; column_shadow=&#8220;none&#8220; column_border_radius=&#8220;none&#8220; column_link_target=&#8220;_self&#8220; gradient_direction=&#8220;left_to_right&#8220; overlay_strength=&#8220;0.3&#8243; width=&#8220;1\/2&#8243; tablet_width_inherit=&#8220;default&#8220; tablet_text_alignment=&#8220;default&#8220; phone_text_alignment=&#8220;default&#8220; column_border_width=&#8220;none&#8220; column_border_style=&#8220;solid&#8220; bg_image_animation=&#8220;none&#8220;][vc_column_text]<\/p>\n<h4>Sind Sie ein Gro\u00dfhandelsk\u00e4ufer?<\/h4>\n<p>[\/vc_column_text][\/vc_column][vc_column column_padding=&#8220;padding-1-percent&#8220; column_padding_tablet=&#8220;inherit&#8220; column_padding_phone=&#8220;inherit&#8220; column_padding_position=&#8220;all&#8220; centered_text=&#8220;true&#8220; background_color_opacity=&#8220;1&#8243; background_hover_color_opacity=&#8220;1&#8243; column_shadow=&#8220;none&#8220; column_border_radius=&#8220;none&#8220; column_link_target=&#8220;_self&#8220; gradient_direction=&#8220;left_to_right&#8220; overlay_strength=&#8220;0.3&#8243; width=&#8220;1\/2&#8243; tablet_width_inherit=&#8220;default&#8220; tablet_text_alignment=&#8220;default&#8220; phone_text_alignment=&#8220;default&#8220; column_border_width=&#8220;none&#8220; column_border_style=&#8220;solid&#8220; bg_image_animation=&#8220;none&#8220;][nectar_btn size=&#8220;small&#8220; button_style=&#8220;regular&#8220; button_color_2=&#8220;Accent-Color&#8220; icon_family=&#8220;none&#8220; text=&#8220;Ask for a unique offer!&#8220; url=&#8220;https:\/\/erythritolshop.com\/contact&#8220;][\/vc_column][\/vc_row]<\/p>\n","protected":false},"featured_media":219,"template":"","meta":[],"product_cat":[34],"product_tag":[],"class_list":{"0":"post-319","1":"product","2":"type-product","3":"status-publish","4":"has-post-thumbnail","6":"product_cat-biosusse-de","8":"first","9":"outofstock","10":"taxable","11":"shipping-taxable","12":"purchasable","13":"product-type-simple"},"yoast_head":"<!-- This site is optimized with the Yoast SEO plugin v24.0 - https:\/\/yoast.com\/wordpress\/plugins\/seo\/ -->\n<title>Bios\u00fcsse Bio Wei\u00dfe Schokolade - Erythritol Shop<\/title>\n<meta name=\"description\" content=\"40 g Feinste wei\u00dfe BIO Wei\u00dfe Schokolade mit S\u00fc\u00dfungsmittel Erythrit aus kontrolliert biologischem Anbau.Bio und Fairohne Zuckerzusatz\" \/>\n<meta name=\"robots\" content=\"index, follow, max-snippet:-1, max-image-preview:large, max-video-preview:-1\" \/>\n<link rel=\"canonical\" href=\"https:\/\/erythritolshop.com\/de\/produkt\/biosusse-bio-weisse-schokolade\/\" \/>\n<meta property=\"og:locale\" content=\"de_DE\" \/>\n<meta property=\"og:type\" content=\"article\" \/>\n<meta property=\"og:title\" content=\"Bios\u00fcsse Bio Wei\u00dfe Schokolade - Erythritol Shop\" \/>\n<meta property=\"og:description\" content=\"40 g Feinste wei\u00dfe BIO Wei\u00dfe Schokolade mit S\u00fc\u00dfungsmittel Erythrit aus kontrolliert biologischem Anbau.Bio und Fairohne Zuckerzusatz\" \/>\n<meta property=\"og:url\" content=\"https:\/\/erythritolshop.com\/de\/produkt\/biosusse-bio-weisse-schokolade\/\" \/>\n<meta property=\"og:site_name\" content=\"Erythritol Shop\" \/>\n<meta property=\"article:modified_time\" content=\"2021-01-26T15:52:14+00:00\" \/>\n<meta property=\"og:image\" content=\"https:\/\/erythritolshop.com\/wp-content\/uploads\/2020\/11\/9120071080501-Biosusse-Bio-Fehercsokolade-40g.jpg\" \/>\n\t<meta property=\"og:image:width\" content=\"600\" \/>\n\t<meta property=\"og:image:height\" content=\"800\" \/>\n\t<meta property=\"og:image:type\" content=\"image\/jpeg\" \/>\n<meta name=\"twitter:card\" content=\"summary_large_image\" \/>\n<meta name=\"twitter:label1\" content=\"Gesch\u00e4tzte Lesezeit\" \/>\n\t<meta name=\"twitter:data1\" content=\"2\u00a0Minuten\" \/>\n<script type=\"application\/ld+json\" class=\"yoast-schema-graph\">{\"@context\":\"https:\/\/schema.org\",\"@graph\":[{\"@type\":\"WebPage\",\"@id\":\"https:\/\/erythritolshop.com\/de\/produkt\/biosusse-bio-weisse-schokolade\/\",\"url\":\"https:\/\/erythritolshop.com\/de\/produkt\/biosusse-bio-weisse-schokolade\/\",\"name\":\"Bios\u00fcsse Bio Wei\u00dfe Schokolade - Erythritol Shop\",\"isPartOf\":{\"@id\":\"https:\/\/erythritolshop.com\/de\/#website\"},\"primaryImageOfPage\":{\"@id\":\"https:\/\/erythritolshop.com\/de\/produkt\/biosusse-bio-weisse-schokolade\/#primaryimage\"},\"image\":{\"@id\":\"https:\/\/erythritolshop.com\/de\/produkt\/biosusse-bio-weisse-schokolade\/#primaryimage\"},\"thumbnailUrl\":\"https:\/\/erythritolshop.com\/wp-content\/uploads\/2020\/11\/9120071080501-Biosusse-Bio-Fehercsokolade-40g.jpg\",\"datePublished\":\"2020-11-04T10:50:49+00:00\",\"dateModified\":\"2021-01-26T15:52:14+00:00\",\"description\":\"40 g Feinste wei\u00dfe BIO Wei\u00dfe Schokolade mit S\u00fc\u00dfungsmittel Erythrit aus kontrolliert biologischem Anbau.Bio und Fairohne Zuckerzusatz\",\"breadcrumb\":{\"@id\":\"https:\/\/erythritolshop.com\/de\/produkt\/biosusse-bio-weisse-schokolade\/#breadcrumb\"},\"inLanguage\":\"de\",\"potentialAction\":[{\"@type\":\"ReadAction\",\"target\":[\"https:\/\/erythritolshop.com\/de\/produkt\/biosusse-bio-weisse-schokolade\/\"]}]},{\"@type\":\"ImageObject\",\"inLanguage\":\"de\",\"@id\":\"https:\/\/erythritolshop.com\/de\/produkt\/biosusse-bio-weisse-schokolade\/#primaryimage\",\"url\":\"https:\/\/erythritolshop.com\/wp-content\/uploads\/2020\/11\/9120071080501-Biosusse-Bio-Fehercsokolade-40g.jpg\",\"contentUrl\":\"https:\/\/erythritolshop.com\/wp-content\/uploads\/2020\/11\/9120071080501-Biosusse-Bio-Fehercsokolade-40g.jpg\",\"width\":600,\"height\":800,\"caption\":\"Wei\u00dfe Schokolade\"},{\"@type\":\"BreadcrumbList\",\"@id\":\"https:\/\/erythritolshop.com\/de\/produkt\/biosusse-bio-weisse-schokolade\/#breadcrumb\",\"itemListElement\":[{\"@type\":\"ListItem\",\"position\":1,\"name\":\"Home\",\"item\":\"https:\/\/erythritolshop.com\/de\/\"},{\"@type\":\"ListItem\",\"position\":2,\"name\":\"Shop\",\"item\":\"https:\/\/erythritolshop.com\/de\/shop-2\/\"},{\"@type\":\"ListItem\",\"position\":3,\"name\":\"Bios\u00fcsse Bio Wei\u00dfe Schokolade\"}]},{\"@type\":\"WebSite\",\"@id\":\"https:\/\/erythritolshop.com\/de\/#website\",\"url\":\"https:\/\/erythritolshop.com\/de\/\",\"name\":\"Erythritol Shop\",\"description\":\"A unique novelty in the world. Shaped ERYTHRITOL.\",\"potentialAction\":[{\"@type\":\"SearchAction\",\"target\":{\"@type\":\"EntryPoint\",\"urlTemplate\":\"https:\/\/erythritolshop.com\/de\/?s={search_term_string}\"},\"query-input\":{\"@type\":\"PropertyValueSpecification\",\"valueRequired\":true,\"valueName\":\"search_term_string\"}}],\"inLanguage\":\"de\"}]}<\/script>\n<!-- \/ Yoast SEO plugin. -->","yoast_head_json":{"title":"Bios\u00fcsse Bio Wei\u00dfe Schokolade - Erythritol Shop","description":"40 g Feinste wei\u00dfe BIO Wei\u00dfe Schokolade mit S\u00fc\u00dfungsmittel Erythrit aus kontrolliert biologischem Anbau.Bio und Fairohne Zuckerzusatz","robots":{"index":"index","follow":"follow","max-snippet":"max-snippet:-1","max-image-preview":"max-image-preview:large","max-video-preview":"max-video-preview:-1"},"canonical":"https:\/\/erythritolshop.com\/de\/produkt\/biosusse-bio-weisse-schokolade\/","og_locale":"de_DE","og_type":"article","og_title":"Bios\u00fcsse Bio Wei\u00dfe Schokolade - Erythritol Shop","og_description":"40 g Feinste wei\u00dfe BIO Wei\u00dfe Schokolade mit S\u00fc\u00dfungsmittel Erythrit aus kontrolliert biologischem Anbau.Bio und Fairohne Zuckerzusatz","og_url":"https:\/\/erythritolshop.com\/de\/produkt\/biosusse-bio-weisse-schokolade\/","og_site_name":"Erythritol Shop","article_modified_time":"2021-01-26T15:52:14+00:00","og_image":[{"width":600,"height":800,"url":"https:\/\/erythritolshop.com\/wp-content\/uploads\/2020\/11\/9120071080501-Biosusse-Bio-Fehercsokolade-40g.jpg","type":"image\/jpeg"}],"twitter_card":"summary_large_image","twitter_misc":{"Gesch\u00e4tzte Lesezeit":"2\u00a0Minuten"},"schema":{"@context":"https:\/\/schema.org","@graph":[{"@type":"WebPage","@id":"https:\/\/erythritolshop.com\/de\/produkt\/biosusse-bio-weisse-schokolade\/","url":"https:\/\/erythritolshop.com\/de\/produkt\/biosusse-bio-weisse-schokolade\/","name":"Bios\u00fcsse Bio Wei\u00dfe Schokolade - Erythritol Shop","isPartOf":{"@id":"https:\/\/erythritolshop.com\/de\/#website"},"primaryImageOfPage":{"@id":"https:\/\/erythritolshop.com\/de\/produkt\/biosusse-bio-weisse-schokolade\/#primaryimage"},"image":{"@id":"https:\/\/erythritolshop.com\/de\/produkt\/biosusse-bio-weisse-schokolade\/#primaryimage"},"thumbnailUrl":"https:\/\/erythritolshop.com\/wp-content\/uploads\/2020\/11\/9120071080501-Biosusse-Bio-Fehercsokolade-40g.jpg","datePublished":"2020-11-04T10:50:49+00:00","dateModified":"2021-01-26T15:52:14+00:00","description":"40 g Feinste wei\u00dfe BIO Wei\u00dfe Schokolade mit S\u00fc\u00dfungsmittel Erythrit aus kontrolliert biologischem Anbau.Bio und Fairohne Zuckerzusatz","breadcrumb":{"@id":"https:\/\/erythritolshop.com\/de\/produkt\/biosusse-bio-weisse-schokolade\/#breadcrumb"},"inLanguage":"de","potentialAction":[{"@type":"ReadAction","target":["https:\/\/erythritolshop.com\/de\/produkt\/biosusse-bio-weisse-schokolade\/"]}]},{"@type":"ImageObject","inLanguage":"de","@id":"https:\/\/erythritolshop.com\/de\/produkt\/biosusse-bio-weisse-schokolade\/#primaryimage","url":"https:\/\/erythritolshop.com\/wp-content\/uploads\/2020\/11\/9120071080501-Biosusse-Bio-Fehercsokolade-40g.jpg","contentUrl":"https:\/\/erythritolshop.com\/wp-content\/uploads\/2020\/11\/9120071080501-Biosusse-Bio-Fehercsokolade-40g.jpg","width":600,"height":800,"caption":"Wei\u00dfe Schokolade"},{"@type":"BreadcrumbList","@id":"https:\/\/erythritolshop.com\/de\/produkt\/biosusse-bio-weisse-schokolade\/#breadcrumb","itemListElement":[{"@type":"ListItem","position":1,"name":"Home","item":"https:\/\/erythritolshop.com\/de\/"},{"@type":"ListItem","position":2,"name":"Shop","item":"https:\/\/erythritolshop.com\/de\/shop-2\/"},{"@type":"ListItem","position":3,"name":"Bios\u00fcsse Bio Wei\u00dfe Schokolade"}]},{"@type":"WebSite","@id":"https:\/\/erythritolshop.com\/de\/#website","url":"https:\/\/erythritolshop.com\/de\/","name":"Erythritol Shop","description":"A unique novelty in the world. Shaped ERYTHRITOL.","potentialAction":[{"@type":"SearchAction","target":{"@type":"EntryPoint","urlTemplate":"https:\/\/erythritolshop.com\/de\/?s={search_term_string}"},"query-input":{"@type":"PropertyValueSpecification","valueRequired":true,"valueName":"search_term_string"}}],"inLanguage":"de"}]}},"_links":{"self":[{"href":"https:\/\/erythritolshop.com\/de\/wp-json\/wp\/v2\/product\/319","targetHints":{"allow":["GET"]}}],"collection":[{"href":"https:\/\/erythritolshop.com\/de\/wp-json\/wp\/v2\/product"}],"about":[{"href":"https:\/\/erythritolshop.com\/de\/wp-json\/wp\/v2\/types\/product"}],"wp:featuredmedia":[{"embeddable":true,"href":"https:\/\/erythritolshop.com\/de\/wp-json\/wp\/v2\/media\/219"}],"wp:attachment":[{"href":"https:\/\/erythritolshop.com\/de\/wp-json\/wp\/v2\/media?parent=319"}],"wp:term":[{"taxonomy":"product_cat","embeddable":true,"href":"https:\/\/erythritolshop.com\/de\/wp-json\/wp\/v2\/product_cat?post=319"},{"taxonomy":"product_tag","embeddable":true,"href":"https:\/\/erythritolshop.com\/de\/wp-json\/wp\/v2\/product_tag?post=319"}],"curies":[{"name":"wp","href":"https:\/\/api.w.org\/{rel}","templated":true}]}}