{"id":352,"date":"2020-11-16T12:45:51","date_gmt":"2020-11-16T12:45:51","guid":{"rendered":"https:\/\/erythritolshop.com\/product\/sukrin-syrup-maple\/"},"modified":"2021-01-26T13:53:33","modified_gmt":"2021-01-26T13:53:33","slug":"sukrin-zuckerfrei-syrup-maple","status":"publish","type":"product","link":"https:\/\/erythritolshop.com\/de\/produkt\/sukrin-zuckerfrei-syrup-maple\/","title":{"rendered":"Sukrin zucker frei Syrup Maple"},"content":{"rendered":"[vc_row type=&#8220;in_container&#8220; full_screen_row_position=&#8220;middle&#8220; column_margin=&#8220;default&#8220; column_direction=&#8220;default&#8220; column_direction_tablet=&#8220;default&#8220; column_direction_phone=&#8220;default&#8220; scene_position=&#8220;center&#8220; text_color=&#8220;dark&#8220; text_align=&#8220;left&#8220; row_border_radius=&#8220;none&#8220; row_border_radius_applies=&#8220;bg&#8220; overlay_strength=&#8220;0.3&#8243; gradient_direction=&#8220;left_to_right&#8220; shape_divider_position=&#8220;bottom&#8220; bg_image_animation=&#8220;none&#8220;][vc_column column_padding=&#8220;no-extra-padding&#8220; column_padding_tablet=&#8220;inherit&#8220; column_padding_phone=&#8220;inherit&#8220; column_padding_position=&#8220;all&#8220; background_color_opacity=&#8220;1&#8243; background_hover_color_opacity=&#8220;1&#8243; column_shadow=&#8220;none&#8220; column_border_radius=&#8220;none&#8220; column_link_target=&#8220;_self&#8220; gradient_direction=&#8220;left_to_right&#8220; overlay_strength=&#8220;0.3&#8243; width=&#8220;1\/1&#8243; tablet_width_inherit=&#8220;default&#8220; tablet_text_alignment=&#8220;default&#8220; phone_text_alignment=&#8220;default&#8220; column_border_width=&#8220;none&#8220; column_border_style=&#8220;solid&#8220; bg_image_animation=&#8220;none&#8220;][toggles style=&#8220;minimal&#8220;][toggle color=&#8220;Default&#8220; title=&#8220;N\u00e4hrwertgehalt im Vergleich zu anderen zuckerfrei Sirupen&#8220;][vc_column_text]\n<table>\n<tbody>\n<tr>\n<td>per 100 g<\/td>\n<td>Sukrin zuckerfrei Syrup Gold<\/td>\n<td>Yaconsirup<\/td>\n<td>Agavensirup<\/td>\n<td>herk\u00f6mmlicher Sirup<\/td>\n<\/tr>\n<tr>\n<td>Energy (kcal)<\/td>\n<td>149<\/td>\n<td>217<\/td>\n<td>294<\/td>\n<td>297<\/td>\n<\/tr>\n<tr>\n<td>Fett<\/td>\n<td>0<\/td>\n<td>0<\/td>\n<td>0<\/td>\n<td>0<\/td>\n<\/tr>\n<tr>\n<td>Kohlenhydrate<\/td>\n<td>21<\/td>\n<td>33<\/td>\n<td>71<\/td>\n<td>74<\/td>\n<\/tr>\n<tr>\n<td>-davon mehrwertige Alkohole<\/td>\n<td>14<\/td>\n<td>&#8211;<\/td>\n<td>&#8211;<\/td>\n<td>&#8211;<\/td>\n<\/tr>\n<tr>\n<td>-davon Zucker<\/td>\n<td>1.8<\/td>\n<td>33<\/td>\n<td>71<\/td>\n<td>74<\/td>\n<\/tr>\n<tr>\n<td>Ballaststoffe<\/td>\n<td>49<\/td>\n<td>38<\/td>\n<td>5<\/td>\n<td>0<\/td>\n<\/tr>\n<tr>\n<td>Eiwei\u00df<\/td>\n<td>0<\/td>\n<td>2<\/td>\n<td>0<\/td>\n<td>0<\/td>\n<\/tr>\n<\/tbody>\n<\/table>\n<p><em>Netto-Kohlenhydrate: 6,6 g<\/em>[\/vc_column_text][\/toggle][toggle color=&#8220;Default&#8220; title=&#8220;Wie wird Surkin Syrup verwendet?&#8220;][vc_column_text]Sukrin zuckerfrei Syrup eignet sich ideal zum <a href=\"https:\/\/erythritolshop.com\/\">S\u00fc\u00dfen<\/a> von Joghurt, H\u00fcttenk\u00e4se, Porridge, Pfannkuchen, Eis, Desserts, Beeren und vielem mehr. Verwenden Sie Sukrin Syrup beim Backen und Kochen, wo Sie sonst Honig oder anderen Syrup verwenden w\u00fcrden. Zum Beispiel in hausgemachten Marinaden und Dressings.<\/p>\n<p>Sukrin Sirup eignet sich hervorragend, um Ihren Keksen und Pl\u00e4tzchen eine weiche Mitte und eine knuspriges \u00c4u\u00dferes zu verleihen. Er ist auch eine erstaunliche Zutat in selbstgebackenen Riegeln, da er die n\u00f6tige S\u00fc\u00dfe bietet, eine perfekte und geschmeidige Konsistenz erzielt sowie eine gute Ballaststoffquelle darstellt.<\/p>\n<p>1 dl Sukrin Syrup entspricht etwa 135 g.[\/vc_column_text][vc_column_text][\/vc_column_text][\/toggle][toggle color=&#8220;Default&#8220; title=&#8220;zus\u00e4tzliche Information&#8220;][vc_column_text]\n<div>\n<div class=\"wpb_text_column wpb_content_element \">\n<div class=\"wpb_wrapper\">\n<p>Sukrin zuckerfrei Syrup ist kalorienarm und v\u00f6llig glutenfrei. Durch den niedrigen Zuckergehalt ist Sukrin Syrup sehr blutzuckerschonend, zudem ist der Sirup sowohl zahnfreundlich als auch pr\u00e4biotisch.<\/p>\n<ul>\n<li>Weniger als 2 % Zucker<\/li>\n<li>Garantiert glutenfrei<\/li>\n<li>Die H\u00e4lfte der Kalorien von Honig und <a href=\"https:\/\/humanna.eu\/\">Sirup<\/a><\/li>\n<\/ul>\n<\/div>\n<\/div>\n<\/div>\n[\/vc_column_text][vc_column_text][\/vc_column_text][\/toggle][\/toggles][\/vc_column][\/vc_row]\n","protected":false},"excerpt":{"rendered":"<p>Sukrin zuckerfrei Sirup Maple ist unser mit Ahornsirup aromatisierter Sukrin Syrup. Er stellt eine ausgezeichnete kalorien- und kohlenhydratreduzierte Option dar, wo Sie eventuell zum Ahornsirup gegriffen h\u00e4tten.<\/p>\n<p><strong>Sukrin Syrup and Diabetes<\/strong><\/p>\n<p>Sukrinsirup enth\u00e4lt weniger als 2 % Zucker. Das bedeutet, dass er nur eine marginale Wirkung auf den Blutzucker hat. Das macht ihn zu einer sicheren Wahl f\u00fcr Diabetiker und alle, die ihren Blutzuckerspiegel stabil halten wollen.<\/p>\n<p>[vc_row type=&#8220;in_container&#8220; full_screen_row_position=&#8220;middle&#8220; column_margin=&#8220;default&#8220; column_direction=&#8220;default&#8220; column_direction_tablet=&#8220;default&#8220; column_direction_phone=&#8220;default&#8220; scene_position=&#8220;center&#8220; text_color=&#8220;dark&#8220; text_align=&#8220;left&#8220; row_border_radius=&#8220;none&#8220; row_border_radius_applies=&#8220;bg&#8220; overlay_strength=&#8220;0.3&#8243; gradient_direction=&#8220;left_to_right&#8220; shape_divider_position=&#8220;bottom&#8220; bg_image_animation=&#8220;none&#8220; shape_type=&#8220;&#8220;][vc_column column_padding=&#8220;padding-1-percent&#8220; column_padding_tablet=&#8220;inherit&#8220; column_padding_phone=&#8220;inherit&#8220; column_padding_position=&#8220;all&#8220; centered_text=&#8220;true&#8220; background_color=&#8220;#f7efbf&#8220; background_color_opacity=&#8220;1&#8243; background_hover_color_opacity=&#8220;1&#8243; column_shadow=&#8220;none&#8220; column_border_radius=&#8220;none&#8220; column_link_target=&#8220;_self&#8220; gradient_direction=&#8220;left_to_right&#8220; overlay_strength=&#8220;0.3&#8243; width=&#8220;1\/2&#8243; tablet_width_inherit=&#8220;default&#8220; tablet_text_alignment=&#8220;default&#8220; phone_text_alignment=&#8220;default&#8220; column_border_width=&#8220;none&#8220; column_border_style=&#8220;solid&#8220; bg_image_animation=&#8220;none&#8220;][vc_column_text]<\/p>\n<h4>Sind Sie ein Gro\u00dfhandelsk\u00e4ufer?<\/h4>\n<p>[\/vc_column_text][\/vc_column][vc_column column_padding=&#8220;padding-1-percent&#8220; column_padding_tablet=&#8220;inherit&#8220; column_padding_phone=&#8220;inherit&#8220; column_padding_position=&#8220;all&#8220; centered_text=&#8220;true&#8220; background_color_opacity=&#8220;1&#8243; background_hover_color_opacity=&#8220;1&#8243; column_shadow=&#8220;none&#8220; column_border_radius=&#8220;none&#8220; column_link_target=&#8220;_self&#8220; gradient_direction=&#8220;left_to_right&#8220; overlay_strength=&#8220;0.3&#8243; width=&#8220;1\/2&#8243; tablet_width_inherit=&#8220;default&#8220; tablet_text_alignment=&#8220;default&#8220; phone_text_alignment=&#8220;default&#8220; column_border_width=&#8220;none&#8220; column_border_style=&#8220;solid&#8220; bg_image_animation=&#8220;none&#8220;][nectar_btn size=&#8220;small&#8220; button_style=&#8220;regular&#8220; button_color_2=&#8220;Accent-Color&#8220; icon_family=&#8220;none&#8220; text=&#8220;Ask for a unique offer!&#8220; url=&#8220;https:\/\/erythritolshop.com\/contact&#8220;][\/vc_column][\/vc_row]<\/p>\n","protected":false},"featured_media":270,"template":"","meta":[],"product_cat":[33],"product_tag":[],"class_list":{"0":"post-352","1":"product","2":"type-product","3":"status-publish","4":"has-post-thumbnail","6":"product_cat-sukrin-de","8":"first","9":"outofstock","10":"taxable","11":"shipping-taxable","12":"purchasable","13":"product-type-simple"},"yoast_head":"<!-- This site is optimized with the Yoast SEO plugin v24.0 - https:\/\/yoast.com\/wordpress\/plugins\/seo\/ -->\n<title>Sukrin zucker frei Syrup Maple - Erythritol Shop<\/title>\n<meta name=\"description\" content=\"Sukrin zuckerfrei Sirup Maple ist unser mit Ahornsirup aromatisierter Sukrin Syrup. Er stellt eine ausgezeichnete kalorien\" \/>\n<meta name=\"robots\" content=\"index, follow, max-snippet:-1, max-image-preview:large, max-video-preview:-1\" \/>\n<link rel=\"canonical\" href=\"https:\/\/erythritolshop.com\/de\/produkt\/sukrin-zuckerfrei-syrup-maple\/\" \/>\n<meta property=\"og:locale\" content=\"de_DE\" \/>\n<meta property=\"og:type\" content=\"article\" \/>\n<meta property=\"og:title\" content=\"Sukrin zucker frei Syrup Maple - Erythritol Shop\" \/>\n<meta property=\"og:description\" content=\"Sukrin zuckerfrei Sirup Maple ist unser mit Ahornsirup aromatisierter Sukrin Syrup. Er stellt eine ausgezeichnete kalorien\" \/>\n<meta property=\"og:url\" content=\"https:\/\/erythritolshop.com\/de\/produkt\/sukrin-zuckerfrei-syrup-maple\/\" \/>\n<meta property=\"og:site_name\" content=\"Erythritol Shop\" \/>\n<meta property=\"article:modified_time\" content=\"2021-01-26T13:53:33+00:00\" \/>\n<meta property=\"og:image\" content=\"https:\/\/erythritolshop.com\/wp-content\/uploads\/2020\/11\/7090017542085-Sukrin-Szirup-Juhar.jpg\" \/>\n\t<meta property=\"og:image:width\" content=\"900\" \/>\n\t<meta property=\"og:image:height\" content=\"1200\" \/>\n\t<meta property=\"og:image:type\" content=\"image\/jpeg\" \/>\n<meta name=\"twitter:card\" content=\"summary_large_image\" \/>\n<meta name=\"twitter:label1\" content=\"Gesch\u00e4tzte Lesezeit\" \/>\n\t<meta name=\"twitter:data1\" content=\"2\u00a0Minuten\" \/>\n<script type=\"application\/ld+json\" class=\"yoast-schema-graph\">{\"@context\":\"https:\/\/schema.org\",\"@graph\":[{\"@type\":\"WebPage\",\"@id\":\"https:\/\/erythritolshop.com\/de\/produkt\/sukrin-zuckerfrei-syrup-maple\/\",\"url\":\"https:\/\/erythritolshop.com\/de\/produkt\/sukrin-zuckerfrei-syrup-maple\/\",\"name\":\"Sukrin zucker frei Syrup Maple - Erythritol Shop\",\"isPartOf\":{\"@id\":\"https:\/\/erythritolshop.com\/de\/#website\"},\"primaryImageOfPage\":{\"@id\":\"https:\/\/erythritolshop.com\/de\/produkt\/sukrin-zuckerfrei-syrup-maple\/#primaryimage\"},\"image\":{\"@id\":\"https:\/\/erythritolshop.com\/de\/produkt\/sukrin-zuckerfrei-syrup-maple\/#primaryimage\"},\"thumbnailUrl\":\"https:\/\/erythritolshop.com\/wp-content\/uploads\/2020\/11\/7090017542085-Sukrin-Szirup-Juhar.jpg\",\"datePublished\":\"2020-11-16T12:45:51+00:00\",\"dateModified\":\"2021-01-26T13:53:33+00:00\",\"description\":\"Sukrin zuckerfrei Sirup Maple ist unser mit Ahornsirup aromatisierter Sukrin Syrup. Er stellt eine ausgezeichnete kalorien\",\"breadcrumb\":{\"@id\":\"https:\/\/erythritolshop.com\/de\/produkt\/sukrin-zuckerfrei-syrup-maple\/#breadcrumb\"},\"inLanguage\":\"de\",\"potentialAction\":[{\"@type\":\"ReadAction\",\"target\":[\"https:\/\/erythritolshop.com\/de\/produkt\/sukrin-zuckerfrei-syrup-maple\/\"]}]},{\"@type\":\"ImageObject\",\"inLanguage\":\"de\",\"@id\":\"https:\/\/erythritolshop.com\/de\/produkt\/sukrin-zuckerfrei-syrup-maple\/#primaryimage\",\"url\":\"https:\/\/erythritolshop.com\/wp-content\/uploads\/2020\/11\/7090017542085-Sukrin-Szirup-Juhar.jpg\",\"contentUrl\":\"https:\/\/erythritolshop.com\/wp-content\/uploads\/2020\/11\/7090017542085-Sukrin-Szirup-Juhar.jpg\",\"width\":900,\"height\":1200,\"caption\":\"zuckerfrei, zuckerfrei Ahornsirup,\"},{\"@type\":\"BreadcrumbList\",\"@id\":\"https:\/\/erythritolshop.com\/de\/produkt\/sukrin-zuckerfrei-syrup-maple\/#breadcrumb\",\"itemListElement\":[{\"@type\":\"ListItem\",\"position\":1,\"name\":\"Home\",\"item\":\"https:\/\/erythritolshop.com\/de\/\"},{\"@type\":\"ListItem\",\"position\":2,\"name\":\"Shop\",\"item\":\"https:\/\/erythritolshop.com\/de\/shop-2\/\"},{\"@type\":\"ListItem\",\"position\":3,\"name\":\"Sukrin zucker frei Syrup Maple\"}]},{\"@type\":\"WebSite\",\"@id\":\"https:\/\/erythritolshop.com\/de\/#website\",\"url\":\"https:\/\/erythritolshop.com\/de\/\",\"name\":\"Erythritol Shop\",\"description\":\"A unique novelty in the world. Shaped ERYTHRITOL.\",\"potentialAction\":[{\"@type\":\"SearchAction\",\"target\":{\"@type\":\"EntryPoint\",\"urlTemplate\":\"https:\/\/erythritolshop.com\/de\/?s={search_term_string}\"},\"query-input\":{\"@type\":\"PropertyValueSpecification\",\"valueRequired\":true,\"valueName\":\"search_term_string\"}}],\"inLanguage\":\"de\"}]}<\/script>\n<!-- \/ Yoast SEO plugin. -->","yoast_head_json":{"title":"Sukrin zucker frei Syrup Maple - Erythritol Shop","description":"Sukrin zuckerfrei Sirup Maple ist unser mit Ahornsirup aromatisierter Sukrin Syrup. Er stellt eine ausgezeichnete kalorien","robots":{"index":"index","follow":"follow","max-snippet":"max-snippet:-1","max-image-preview":"max-image-preview:large","max-video-preview":"max-video-preview:-1"},"canonical":"https:\/\/erythritolshop.com\/de\/produkt\/sukrin-zuckerfrei-syrup-maple\/","og_locale":"de_DE","og_type":"article","og_title":"Sukrin zucker frei Syrup Maple - Erythritol Shop","og_description":"Sukrin zuckerfrei Sirup Maple ist unser mit Ahornsirup aromatisierter Sukrin Syrup. Er stellt eine ausgezeichnete kalorien","og_url":"https:\/\/erythritolshop.com\/de\/produkt\/sukrin-zuckerfrei-syrup-maple\/","og_site_name":"Erythritol Shop","article_modified_time":"2021-01-26T13:53:33+00:00","og_image":[{"width":900,"height":1200,"url":"https:\/\/erythritolshop.com\/wp-content\/uploads\/2020\/11\/7090017542085-Sukrin-Szirup-Juhar.jpg","type":"image\/jpeg"}],"twitter_card":"summary_large_image","twitter_misc":{"Gesch\u00e4tzte Lesezeit":"2\u00a0Minuten"},"schema":{"@context":"https:\/\/schema.org","@graph":[{"@type":"WebPage","@id":"https:\/\/erythritolshop.com\/de\/produkt\/sukrin-zuckerfrei-syrup-maple\/","url":"https:\/\/erythritolshop.com\/de\/produkt\/sukrin-zuckerfrei-syrup-maple\/","name":"Sukrin zucker frei Syrup Maple - Erythritol Shop","isPartOf":{"@id":"https:\/\/erythritolshop.com\/de\/#website"},"primaryImageOfPage":{"@id":"https:\/\/erythritolshop.com\/de\/produkt\/sukrin-zuckerfrei-syrup-maple\/#primaryimage"},"image":{"@id":"https:\/\/erythritolshop.com\/de\/produkt\/sukrin-zuckerfrei-syrup-maple\/#primaryimage"},"thumbnailUrl":"https:\/\/erythritolshop.com\/wp-content\/uploads\/2020\/11\/7090017542085-Sukrin-Szirup-Juhar.jpg","datePublished":"2020-11-16T12:45:51+00:00","dateModified":"2021-01-26T13:53:33+00:00","description":"Sukrin zuckerfrei Sirup Maple ist unser mit Ahornsirup aromatisierter Sukrin Syrup. Er stellt eine ausgezeichnete kalorien","breadcrumb":{"@id":"https:\/\/erythritolshop.com\/de\/produkt\/sukrin-zuckerfrei-syrup-maple\/#breadcrumb"},"inLanguage":"de","potentialAction":[{"@type":"ReadAction","target":["https:\/\/erythritolshop.com\/de\/produkt\/sukrin-zuckerfrei-syrup-maple\/"]}]},{"@type":"ImageObject","inLanguage":"de","@id":"https:\/\/erythritolshop.com\/de\/produkt\/sukrin-zuckerfrei-syrup-maple\/#primaryimage","url":"https:\/\/erythritolshop.com\/wp-content\/uploads\/2020\/11\/7090017542085-Sukrin-Szirup-Juhar.jpg","contentUrl":"https:\/\/erythritolshop.com\/wp-content\/uploads\/2020\/11\/7090017542085-Sukrin-Szirup-Juhar.jpg","width":900,"height":1200,"caption":"zuckerfrei, zuckerfrei Ahornsirup,"},{"@type":"BreadcrumbList","@id":"https:\/\/erythritolshop.com\/de\/produkt\/sukrin-zuckerfrei-syrup-maple\/#breadcrumb","itemListElement":[{"@type":"ListItem","position":1,"name":"Home","item":"https:\/\/erythritolshop.com\/de\/"},{"@type":"ListItem","position":2,"name":"Shop","item":"https:\/\/erythritolshop.com\/de\/shop-2\/"},{"@type":"ListItem","position":3,"name":"Sukrin zucker frei Syrup Maple"}]},{"@type":"WebSite","@id":"https:\/\/erythritolshop.com\/de\/#website","url":"https:\/\/erythritolshop.com\/de\/","name":"Erythritol Shop","description":"A unique novelty in the world. Shaped ERYTHRITOL.","potentialAction":[{"@type":"SearchAction","target":{"@type":"EntryPoint","urlTemplate":"https:\/\/erythritolshop.com\/de\/?s={search_term_string}"},"query-input":{"@type":"PropertyValueSpecification","valueRequired":true,"valueName":"search_term_string"}}],"inLanguage":"de"}]}},"_links":{"self":[{"href":"https:\/\/erythritolshop.com\/de\/wp-json\/wp\/v2\/product\/352","targetHints":{"allow":["GET"]}}],"collection":[{"href":"https:\/\/erythritolshop.com\/de\/wp-json\/wp\/v2\/product"}],"about":[{"href":"https:\/\/erythritolshop.com\/de\/wp-json\/wp\/v2\/types\/product"}],"wp:featuredmedia":[{"embeddable":true,"href":"https:\/\/erythritolshop.com\/de\/wp-json\/wp\/v2\/media\/270"}],"wp:attachment":[{"href":"https:\/\/erythritolshop.com\/de\/wp-json\/wp\/v2\/media?parent=352"}],"wp:term":[{"taxonomy":"product_cat","embeddable":true,"href":"https:\/\/erythritolshop.com\/de\/wp-json\/wp\/v2\/product_cat?post=352"},{"taxonomy":"product_tag","embeddable":true,"href":"https:\/\/erythritolshop.com\/de\/wp-json\/wp\/v2\/product_tag?post=352"}],"curies":[{"name":"wp","href":"https:\/\/api.w.org\/{rel}","templated":true}]}}